{"id":189,"date":"2022-02-06T15:45:14","date_gmt":"2022-02-06T15:45:14","guid":{"rendered":"https:\/\/2022.robocupjunior.eu\/rcj\/?page_id=189"},"modified":"2022-06-24T14:02:07","modified_gmt":"2022-06-24T14:02:07","slug":"ofi-10-motor-de-stirling-temperatura","status":"publish","type":"page","link":"https:\/\/2022.robocupjunior.eu\/rcj\/index.php\/oficinas\/maquinas-miniatura\/ofi-10-motor-de-stirling-temperatura\/","title":{"rendered":"Motor de Stirling (temperatura)"},"content":{"rendered":"\n<div class=\"wp-block-columns is-layout-flex wp-container-core-columns-is-layout-28f84493 wp-block-columns-is-layout-flex\">\n<div class=\"wp-block-column is-layout-flow wp-block-column-is-layout-flow\" style=\"flex-basis:80%\"><figure class=\"wp-block-post-featured-image\"><img loading=\"lazy\" decoding=\"async\" width=\"384\" height=\"422\" src=\"https:\/\/2022.robocupjunior.eu\/rcj\/wp-content\/uploads\/2022\/02\/b4db9e56-c2d3-4012-8262-d32b2c7de194.png\" class=\"attachment-post-thumbnail size-post-thumbnail wp-post-image\" alt=\"\" style=\"object-fit:cover;\" srcset=\"https:\/\/2022.robocupjunior.eu\/rcj\/wp-content\/uploads\/2022\/02\/b4db9e56-c2d3-4012-8262-d32b2c7de194.png 384w, https:\/\/2022.robocupjunior.eu\/rcj\/wp-content\/uploads\/2022\/02\/b4db9e56-c2d3-4012-8262-d32b2c7de194-273x300.png 273w\" sizes=\"auto, (max-width: 384px) 100vw, 384px\" \/><\/figure><\/div>\n\n\n\n<div class=\"wp-block-column is-layout-flow wp-block-column-is-layout-flow\" style=\"padding-top:0px;padding-right:0px;padding-bottom:0px;padding-left:0px;flex-basis:20%\">\n<!-- START Kaya QR Code Generator --><div class=\"wpkqcg_qrcode_wrapper\"><input type=\"hidden\" id=\"wpkqcg_qrcode_outputimg_269d6e60a97abc17_ecclevel\" value=\"L\" \/><input type=\"hidden\" id=\"wpkqcg_qrcode_outputimg_269d6e60a97abc17_size\" value=\"\" \/><input type=\"hidden\" id=\"wpkqcg_qrcode_outputimg_269d6e60a97abc17_color\" value=\"\" \/><input type=\"hidden\" id=\"wpkqcg_qrcode_outputimg_269d6e60a97abc17_bgcolor\" value=\"\" \/><input type=\"hidden\" id=\"wpkqcg_qrcode_outputimg_269d6e60a97abc17_content\" value=\"https:\/\/2022.robocupjunior.eu\/rcj\/index.php\/wp-json\/wp\/v2\/pages\/189\" \/><img decoding=\"async\" src=\"\" id=\"wpkqcg_qrcode_outputimg_269d6e60a97abc17\" alt=\"QR Code\" class=\"wpkqcg_qrcode\" style=\"width: auto; height: auto; max-width: 100%;\" ><div style=\"clear: none;\"><\/div><\/div><!-- END Kaya QR Code Generator -->\n<\/div>\n<\/div>\n\n\n<h2 class=\"wp-block-post-title\">Motor de Stirling (temperatura)<\/h2>\n\n\n<figure class=\"wp-block-embed is-type-video is-provider-youtube wp-block-embed-youtube wp-embed-aspect-16-9 wp-has-aspect-ratio\"><div class=\"wp-block-embed__wrapper\">\n<iframe loading=\"lazy\" title=\"Motor de Stirling (Temperatura)\" width=\"500\" height=\"281\" src=\"https:\/\/www.youtube.com\/embed\/-IILAkKA4ig?feature=oembed\" frameborder=\"0\" allow=\"accelerometer; autoplay; clipboard-write; encrypted-media; gyroscope; picture-in-picture; web-share\" referrerpolicy=\"strict-origin-when-cross-origin\" allowfullscreen><\/iframe>\n<\/div><\/figure>\n\n\n\n<p>Esta vers\u00e3o do motor Stirling funciona apenas com a temperatura da m\u00e3o.<\/p>\n\n\n\n<h2 class=\"wp-block-heading\" id=\"Motor-Sterling----gama\">Motor Sterling &#8211; gama<\/h2>\n\n\n\n<p>Dispositivo mec\u00e2nico que converte energia t\u00e9rmica em energia mec\u00e2nica, comprimindo e expandindo uma quantidade fixa de g\u00e1s numa c\u00e2mara. O motor gama tem um pist\u00e3o de pot\u00eancia e um deslocador em c\u00e2maras separadas e por causa disso \u00e9 mais f\u00e1cil de produzir do que o motor beta. O motor Stirling Alfa tem dois pist\u00f5es de pot\u00eancia (tamb\u00e9m em c\u00e2maras separadas) e por isso tem uma melhor rela\u00e7\u00e3o pot\u00eancia\/peso em compara\u00e7\u00e3o com o beta ou gama.<\/p>\n\n\n\n<p id=\"Componentes:\"><strong>Componentes:<\/strong><\/p>\n\n\n\n<p>C\u00e2mara quente: C\u00e2mara contendo g\u00e1s que est\u00e1 sujeito a aquecimento cont\u00ednuo.<\/p>\n\n\n\n<p>C\u00e2mara fria: C\u00e2mara contendo g\u00e1s que arrefece por dissipa\u00e7\u00e3o de calor.<\/p>\n\n\n\n<p>Ponte de conex\u00e3o: conex\u00e3o f\u00edsica entre a c\u00e2mara quente e fria permitindo que o g\u00e1s circule livremente entre ambas.<\/p>\n\n\n\n<p>Pist\u00e3o (2x no motor Stirling alfa): pist\u00e3o hermeticamente selado que se move para frente e para tr\u00e1s pela a\u00e7\u00e3o do g\u00e1s em expans\u00e3o e contra\u00e7\u00e3o na c\u00e2mara. (Nota: O motor alfa tem um pist\u00e3o em cada c\u00e2mara.)<\/p>\n\n\n\n<p>Deslocador (apenas no modelo beta e gamma): \u00e9 um pist\u00e3o fracamente acoplado que se move para a frente e para tr\u00e1s permitindo que o g\u00e1s circule entre um lado e outro do deslocador tornando o processo de arrefecimento mais eficiente do que no motor alfa.<\/p>\n\n\n\n<p>Roda inercial: este elemento gira e ganha momento, o que \u00e9 fundamental para manter o movimento e ajuda o motor a girar ao longo das quatro fases principais.<\/p>\n\n\n\n<p>Caracter\u00edstica fundamental: o movimento do pist\u00e3o e do deslocador (2\u00ba pist\u00e3o no caso do motor alfa) est\u00e1 desfasado de 90 graus.<\/p>\n\n\n\n<h2 class=\"wp-block-heading\" id=\"Princ\u00edpio-de-funcionamento:\">Princ\u00edpio de funcionamento:<\/h2>\n\n\n\n<p>Uma c\u00e2mara est\u00e1 continuamente a aquecer, enquanto a outra est\u00e1 sempre a arrefecer o g\u00e1s.<\/p>\n\n\n\n<figure class=\"wp-block-image size-large\"><img loading=\"lazy\" decoding=\"async\" width=\"1024\" height=\"239\" src=\"https:\/\/2022.robocupjunior.eu\/rcj\/wp-content\/uploads\/2022\/02\/StirlingEngineGamma-1024x239.png\" alt=\"\" class=\"wp-image-179\" srcset=\"https:\/\/2022.robocupjunior.eu\/rcj\/wp-content\/uploads\/2022\/02\/StirlingEngineGamma-1024x239.png 1024w, https:\/\/2022.robocupjunior.eu\/rcj\/wp-content\/uploads\/2022\/02\/StirlingEngineGamma-300x70.png 300w, https:\/\/2022.robocupjunior.eu\/rcj\/wp-content\/uploads\/2022\/02\/StirlingEngineGamma-768x179.png 768w, https:\/\/2022.robocupjunior.eu\/rcj\/wp-content\/uploads\/2022\/02\/StirlingEngineGamma-1536x359.png 1536w, https:\/\/2022.robocupjunior.eu\/rcj\/wp-content\/uploads\/2022\/02\/StirlingEngineGamma-2048x478.png 2048w\" sizes=\"auto, (max-width: 1024px) 100vw, 1024px\" \/><\/figure>\n\n\n\n<ol class=\"wp-block-list\"><li>O g\u00e1s \u00e9 aquecido na c\u00e2mara quente (a vermelho) e come\u00e7a a expandir, empurrando o pist\u00e3o para fora.<\/li><li>O g\u00e1s atinge o volume m\u00e1ximo.<\/li><li>A roda inercial continua a fazer girar o sistema, empurrando o pist\u00e3o quente de volta para dentro e o deslocador (azul) na c\u00e2mara fria mais para fora. O g\u00e1s movimenta-se atrav\u00e9s do deslocador trazendo o g\u00e1s frio para a c\u00e2mara quente.<\/li><li>\u00c0 medida que arrefece, o g\u00e1s contrai e traz o \u201cpist\u00e3o quente\u201d de volta para dentro. O g\u00e1s atinge o volume m\u00ednimo. O momento da roda inercial mant\u00e9m o sistema em movimento, empurrando o deslocador frio ainda mais para dentro. O processo repete-se a partir do passo 1.<\/li><\/ol>\n\n\n\n<h2 class=\"wp-block-heading\" id=\"Instru\u00e7\u00f5es:\">Instru\u00e7\u00f5es:<\/h2>\n\n\n\n<ol class=\"wp-block-list\"><li>Aque\u00e7a a base do aparelho com as m\u00e3os quentes ou com outra fonte de calor<\/li><li>Comece a girar a roda inercial manualmente para superar a in\u00e9rcia inicial.<\/li><li>A partir desse momento o motor continuar\u00e1 em funcionamento enquanto a fonte de calor estiver presente.<\/li><\/ol>\n\n\n\n<h2 class=\"wp-block-heading\" id=\"links\">Links:<\/h2>\n\n\n\n<p><a href=\"https:\/\/pt.banggood.com\/STEM-Stainless-Mini-Hot-Air-Stirling-Engine-Motor-Model-Educational-Toy-Kit-p-1363032.html?rmmds=category&amp;cur_warehouse=CN\">Kit de brinquedo educativo de modelo de motor de motor de Stirling de ar quente de a\u00e7o inoxid\u00e1vel de haste<\/a><\/p>\n\n\n\n<p><a href=\"https:\/\/www.youtube.com\/watch?v=7tK8ykAxEyI\">STEM Stainless Mini Hot Air Stirling Engine Motor Model \u2013 Banggood Toy&amp;Hobbies<\/a><\/p>\n","protected":false},"excerpt":{"rendered":"<p>Esta vers\u00e3o do motor Stirling funciona apenas com a temperatura da m\u00e3o. Motor Sterling &#8211; gama Dispositivo mec\u00e2nico que converte energia t\u00e9rmica em energia mec\u00e2nica, comprimindo e expandindo uma quantidade fixa de g\u00e1s numa c\u00e2mara. O motor gama tem um pist\u00e3o de pot\u00eancia e um deslocador em c\u00e2maras separadas e por causa disso \u00e9 mais [&hellip;]<\/p>\n","protected":false},"author":2,"featured_media":187,"parent":225,"menu_order":0,"comment_status":"closed","ping_status":"closed","template":"","meta":{"footnotes":""},"class_list":["post-189","page","type-page","status-publish","has-post-thumbnail","hentry"],"_links":{"self":[{"href":"https:\/\/2022.robocupjunior.eu\/rcj\/index.php\/wp-json\/wp\/v2\/pages\/189","targetHints":{"allow":["GET"]}}],"collection":[{"href":"https:\/\/2022.robocupjunior.eu\/rcj\/index.php\/wp-json\/wp\/v2\/pages"}],"about":[{"href":"https:\/\/2022.robocupjunior.eu\/rcj\/index.php\/wp-json\/wp\/v2\/types\/page"}],"author":[{"embeddable":true,"href":"https:\/\/2022.robocupjunior.eu\/rcj\/index.php\/wp-json\/wp\/v2\/users\/2"}],"replies":[{"embeddable":true,"href":"https:\/\/2022.robocupjunior.eu\/rcj\/index.php\/wp-json\/wp\/v2\/comments?post=189"}],"version-history":[{"count":4,"href":"https:\/\/2022.robocupjunior.eu\/rcj\/index.php\/wp-json\/wp\/v2\/pages\/189\/revisions"}],"predecessor-version":[{"id":1015,"href":"https:\/\/2022.robocupjunior.eu\/rcj\/index.php\/wp-json\/wp\/v2\/pages\/189\/revisions\/1015"}],"up":[{"embeddable":true,"href":"https:\/\/2022.robocupjunior.eu\/rcj\/index.php\/wp-json\/wp\/v2\/pages\/225"}],"wp:featuredmedia":[{"embeddable":true,"href":"https:\/\/2022.robocupjunior.eu\/rcj\/index.php\/wp-json\/wp\/v2\/media\/187"}],"wp:attachment":[{"href":"https:\/\/2022.robocupjunior.eu\/rcj\/index.php\/wp-json\/wp\/v2\/media?parent=189"}],"curies":[{"name":"wp","href":"https:\/\/api.w.org\/{rel}","templated":true}]}}