{"id":195,"date":"2022-02-06T15:51:22","date_gmt":"2022-02-06T15:51:22","guid":{"rendered":"https:\/\/2022.robocupjunior.eu\/rcj\/?page_id=195"},"modified":"2022-06-24T14:00:41","modified_gmt":"2022-06-24T14:00:41","slug":"ofi-8-bobine-de-tesla","status":"publish","type":"page","link":"https:\/\/2022.robocupjunior.eu\/rcj\/index.php\/oficinas\/maquinas-miniatura\/ofi-8-bobine-de-tesla\/","title":{"rendered":"Bobine de Tesla"},"content":{"rendered":"\n<div class=\"wp-block-columns is-layout-flex wp-container-core-columns-is-layout-28f84493 wp-block-columns-is-layout-flex\">\n<div class=\"wp-block-column is-layout-flow wp-block-column-is-layout-flow\" style=\"flex-basis:80%\"><figure class=\"wp-block-post-featured-image\"><img loading=\"lazy\" decoding=\"async\" width=\"1100\" height=\"1100\" src=\"https:\/\/2022.robocupjunior.eu\/rcj\/wp-content\/uploads\/2022\/02\/TeslaCoil.png\" class=\"attachment-post-thumbnail size-post-thumbnail wp-post-image\" alt=\"Tesla Coil\" style=\"object-fit:cover;\" srcset=\"https:\/\/2022.robocupjunior.eu\/rcj\/wp-content\/uploads\/2022\/02\/TeslaCoil.png 1100w, https:\/\/2022.robocupjunior.eu\/rcj\/wp-content\/uploads\/2022\/02\/TeslaCoil-300x300.png 300w, https:\/\/2022.robocupjunior.eu\/rcj\/wp-content\/uploads\/2022\/02\/TeslaCoil-1024x1024.png 1024w, https:\/\/2022.robocupjunior.eu\/rcj\/wp-content\/uploads\/2022\/02\/TeslaCoil-150x150.png 150w, https:\/\/2022.robocupjunior.eu\/rcj\/wp-content\/uploads\/2022\/02\/TeslaCoil-768x768.png 768w\" sizes=\"auto, (max-width: 1100px) 100vw, 1100px\" \/><\/figure><\/div>\n\n\n\n<div class=\"wp-block-column is-layout-flow wp-block-column-is-layout-flow\" style=\"padding-top:0px;padding-right:0px;padding-bottom:0px;padding-left:0px;flex-basis:20%\">\n<!-- START Kaya QR Code Generator --><div class=\"wpkqcg_qrcode_wrapper\"><input type=\"hidden\" id=\"wpkqcg_qrcode_outputimg_669d6e6821e8fa60_ecclevel\" value=\"L\" \/><input type=\"hidden\" id=\"wpkqcg_qrcode_outputimg_669d6e6821e8fa60_size\" value=\"\" \/><input type=\"hidden\" id=\"wpkqcg_qrcode_outputimg_669d6e6821e8fa60_color\" value=\"\" \/><input type=\"hidden\" id=\"wpkqcg_qrcode_outputimg_669d6e6821e8fa60_bgcolor\" value=\"\" \/><input type=\"hidden\" id=\"wpkqcg_qrcode_outputimg_669d6e6821e8fa60_content\" value=\"https:\/\/2022.robocupjunior.eu\/rcj\/index.php\/wp-json\/wp\/v2\/pages\/195\" \/><img decoding=\"async\" src=\"\" id=\"wpkqcg_qrcode_outputimg_669d6e6821e8fa60\" alt=\"QR Code\" class=\"wpkqcg_qrcode\" style=\"width: auto; height: auto; max-width: 100%;\" ><div style=\"clear: none;\"><\/div><\/div><!-- END Kaya QR Code Generator -->\n<\/div>\n<\/div>\n\n\n<h2 class=\"wp-block-post-title\">Bobine de Tesla<\/h2>\n\n\n<figure class=\"wp-block-embed is-type-video is-provider-youtube wp-block-embed-youtube wp-embed-aspect-16-9 wp-has-aspect-ratio\"><div class=\"wp-block-embed__wrapper\">\n<iframe loading=\"lazy\" title=\"Bobine de Tesla\" width=\"500\" height=\"281\" src=\"https:\/\/www.youtube.com\/embed\/1Q_KcdRyq20?feature=oembed\" frameborder=\"0\" allow=\"accelerometer; autoplay; clipboard-write; encrypted-media; gyroscope; picture-in-picture; web-share\" referrerpolicy=\"strict-origin-when-cross-origin\" allowfullscreen><\/iframe>\n<\/div><\/figure>\n\n\n\n<p>A bobina de Tesla \u00e9 um dispositivo que usa duas bobinas para gerar alta tens\u00e3o nos terminais do condensador secund\u00e1rio. Essa alta tens\u00e3o faz com que os eletr\u00f5es fluam entre os terminais desse condensador, produzindo fa\u00edscas.<\/p>\n\n\n\n<h3 class=\"wp-block-heading\" id=\"Componentes:\">Componentes:<\/h3>\n\n\n\n<ul class=\"wp-block-list\"><li>fonte de energia<\/li><li>condensador prim\u00e1rio<\/li><li>bobina prim\u00e1ria<\/li><li>fenda de fa\u00edsca<\/li><li>bobina secund\u00e1ria<\/li><li>condensador secund\u00e1rio<\/li><\/ul>\n\n\n\n<p>A bobina de Tesla \u00e9 na verdade composta por duas bobines, cada uma com seu pr\u00f3prio condensador: uma bobina prim\u00e1ria e uma bobina secund\u00e1ria. (tal como as baterias, os condensadores armazenam energia el\u00e9trica.) Um centelhador &#8211; um espa\u00e7o de ar entre dois eletrodos &#8211; no circuito prim\u00e1rio conecta a bobina e o condensador.<\/p>\n\n\n\n<p>O objetivo de um centelhador \u00e9 produzir uma grande quantidade de ru\u00eddo el\u00e9trico de muito alta frequ\u00eancia (bem como ru\u00eddo ac\u00fastico, mas isso \u00e9 um efeito colateral). A bobina de Tesla em si \u00e9 um transformador de radiofrequ\u00eancia ressonante que extrai energia do ru\u00eddo gerado pelo centelhador nas frequ\u00eancias que pode usar (ou seja, onde ressoa), deixando o restante para causar interfer\u00eancia de banda larga para aparelhos de r\u00e1dio e televis\u00e3o pr\u00f3ximos e outros equipamento eletr\u00f3nicos.<\/p>\n\n\n\n<p>Nos prim\u00f3rdios da r\u00e1dio, os transmissores tamb\u00e9m usavam centelhadores.<\/p>\n\n\n\n<p>A bobine de tesla assemelha-se a um transformador, mas opera de maneira diferente. Tem um acoplamento muito fraco entre as bobinas prim\u00e1ria e secund\u00e1ria, e a maior parte do ganho de tens\u00e3o vem da resson\u00e2ncia, e n\u00e3o da rela\u00e7\u00e3o de espiras. Um transformador t\u00edpico tem um n\u00facleo de ferro que permite trabalhar em baixas frequ\u00eancias, enquanto a Bobina Tesla tem um n\u00facleo de ar que permite que funcione em frequ\u00eancias muito mais altas com elevada efici\u00eancia.<\/p>\n\n\n\n<figure class=\"wp-block-image size-large\"><img loading=\"lazy\" decoding=\"async\" width=\"1024\" height=\"691\" src=\"https:\/\/2022.robocupjunior.eu\/rcj\/wp-content\/uploads\/2022\/02\/teslaCoilDiagram-1024x691.png\" alt=\"\" class=\"wp-image-193\" srcset=\"https:\/\/2022.robocupjunior.eu\/rcj\/wp-content\/uploads\/2022\/02\/teslaCoilDiagram-1024x691.png 1024w, https:\/\/2022.robocupjunior.eu\/rcj\/wp-content\/uploads\/2022\/02\/teslaCoilDiagram-300x203.png 300w, https:\/\/2022.robocupjunior.eu\/rcj\/wp-content\/uploads\/2022\/02\/teslaCoilDiagram-768x518.png 768w, https:\/\/2022.robocupjunior.eu\/rcj\/wp-content\/uploads\/2022\/02\/teslaCoilDiagram-1536x1037.png 1536w, https:\/\/2022.robocupjunior.eu\/rcj\/wp-content\/uploads\/2022\/02\/teslaCoilDiagram.png 1600w\" sizes=\"auto, (max-width: 1024px) 100vw, 1024px\" \/><\/figure>\n\n\n\n<h3 class=\"wp-block-heading\" id=\"Princ\u00edpio-de-funcionamento:\">Princ\u00edpio de funcionamento:<\/h3>\n\n\n\n<p>A bobina prim\u00e1ria \u00e9 conectada \u00e0 fonte de alimenta\u00e7\u00e3o. O condensador na bobina prim\u00e1ria absorve a carga (como uma esponja). Uma vez que a bobina prim\u00e1ria est\u00e1 sujeita a carga elevada e a grandes surtos de corrente, ela \u00e9 comumente composta de cobre, que \u00e9 um bom condutor de eletricidade. O condensador eventualmente acumula carga suficiente para superar a resist\u00eancia do ar no centelhador. A corrente ent\u00e3o flui do condensador ao longo da bobina prim\u00e1ria, criando um campo magn\u00e9tico (compar\u00e1vel a espremer \u00e1gua de uma esponja).<\/p>\n\n\n\n<p>A tremenda quantidade de energia faz com que o campo magn\u00e9tico entre em colapso rapidamente, fazendo com que uma corrente el\u00e9trica flua atrav\u00e9s da bobina secund\u00e1ria. Fa\u00edscas s\u00e3o criadas no espa\u00e7o da centelha. V\u00e1rias centenas de vezes a cada segundo, a energia vai e vem entre as duas bobinas, acumulando-se na bobina secund\u00e1ria e no condensador. A carga no condensador secund\u00e1rio eventualmente aumenta at\u00e9 o ponto em que se cria um arco de corrente el\u00e9trica.<\/p>\n\n\n\n<p>A voltagem de alta frequ\u00eancia resultante pode iluminar l\u00e2mpadas fluorescentes a muitos metros de dist\u00e2ncia.<\/p>\n\n\n\n<p>Quando a bobina secund\u00e1ria atinge sua carga total todo o processo deveria reiniciar-se e o dispositivo deveria tornar-se auto sustent\u00e1vel. Mas na pr\u00e1tica isso n\u00e3o acontece. Como o ar quente no centelhador retira um pouco da eletricidade da bobina secund\u00e1ria e volta para o espa\u00e7o, a bobina de Tesla acaba por ficar sem energia. \u00c9 por isso que a bobina deve ser alimentada por uma fonte independente.<\/p>\n\n\n\n<p>A bobina de Tesla foi projetada para atingir um fen\u00f4meno conhecido como resson\u00e2ncia. Quando a bobina prim\u00e1ria dispara a corrente para a bobina secund\u00e1ria precisamente no momento apropriado, a energia transmitida para a bobina secund\u00e1ria \u00e9 maximizada. Imagine algu\u00e9m a empurrar um baloi\u00e7o apenas na altura certa para faz\u00ea-lo subir o mais alto poss\u00edvel.<\/p>\n\n\n\n<p>Uma bobina de Tesla com uma centelha ajust\u00e1vel fornece ao utulizador mais controlo sobre a tens\u00e3o da corrente que ela gera. \u00c9 assim que as bobinas podem produzir exibi\u00e7\u00f5es de rel\u00e2mpagos e at\u00e9 mesmo tocar m\u00fasica no compasso das rajadas de corrente.<\/p>\n\n\n\n<p>Embora a bobina Tesla n\u00e3o tenha muita aplica\u00e7\u00e3o pr\u00e1tica, a inova\u00e7\u00e3o de Tesla mudou drasticamente a maneira como as pessoas pensavam e usavam a eletricidade. As bobinas Tesla ainda s\u00e3o usadas nalgumas r\u00e1dios e televis\u00f5es hoje em dia.<\/p>\n\n\n\n<p><strong>Nota:<\/strong> Numa bobina de tesla de estado s\u00f3lido, \u00e9 fornecida uma alimenta\u00e7\u00e3o CC ao circuito LC prim\u00e1rio. Neste caso n\u00e3o \u00e9 necess\u00e1rio o centelhador. \u00c9 essencialmente um inversor grande e ressonante de alta frequ\u00eancia. O resto do ciclo opera de maneira semelhante \u00e0 bobina de Tesla de corrente alternada. O procedimento \u00e9 interrompido ap\u00f3s um n\u00famero predeterminado de ciclos para evitar dano dos componentes.<\/p>\n\n\n\n<h3 class=\"wp-block-heading\" id=\"Instru\u00e7\u00f5es:\">Instru\u00e7\u00f5es:<\/h3>\n\n\n\n<ol class=\"wp-block-list\"><li>Ligue o circuito<\/li><li>Deve ver fa\u00edscas na ponta do condensador secund\u00e1rio.<\/li><li>Segure uma l\u00e2mpada fluorescente perto do condensador e veja o que acontece<\/li><\/ol>\n\n\n\n<h2 class=\"wp-block-heading\" id=\"links\">Links:<\/h2>\n\n\n\n<p><a href=\"https:\/\/pt.banggood.com\/BNC-Tesla-High-frequency-Electric-ARC-Music-Tesla-Coil-with-60V-3A-Power-Supply-p-1856745.html?cur_warehouse=CN&amp;rmmds=search\">BNC Tesla el\u00e9trica de alta frequ\u00eancia ARC Music Tesla Coil com fonte de alimenta\u00e7\u00e3o 60V 3A<\/a><\/p>\n\n\n\n<p><a href=\"https:\/\/www.livescience.com\/46745-how-tesla-coil-works.html\">Wireless Electricity? How the Tesla Coil Works<\/a><\/p>\n\n\n\n<p><a href=\"https:\/\/www.youtube.com\/watch?v=vemF7p0cbHU\">Small Spark Gap Tesla Coil<\/a><\/p>\n\n\n\n<p><a href=\"https:\/\/medium.com\/skilledbodyshop\/how-does-a-tesla-coil-work-658e0aab10fe\">How does a Tesla coil work?<\/a><\/p>\n\n\n\n<p><a href=\"https:\/\/www.richieburnett.co.uk\/operation.html#operation\">Tesla coil operation (richieburnett.co.uk)<\/a><\/p>\n\n\n\n<p><a href=\"https:\/\/www.quora.com\/Can-we-build-a-Tesla-coil-with-a-DC-supply\">Can we build a Tesla coil with a DC supply?<\/a><\/p>\n","protected":false},"excerpt":{"rendered":"<p>A bobina de Tesla \u00e9 um dispositivo que usa duas bobinas para gerar alta tens\u00e3o nos terminais do condensador secund\u00e1rio. Essa alta tens\u00e3o faz com que os eletr\u00f5es fluam entre os terminais desse condensador, produzindo fa\u00edscas. Componentes: fonte de energia condensador prim\u00e1rio bobina prim\u00e1ria fenda de fa\u00edsca bobina secund\u00e1ria condensador secund\u00e1rio A bobina de Tesla [&hellip;]<\/p>\n","protected":false},"author":2,"featured_media":192,"parent":225,"menu_order":0,"comment_status":"closed","ping_status":"closed","template":"","meta":{"footnotes":""},"class_list":["post-195","page","type-page","status-publish","has-post-thumbnail","hentry"],"_links":{"self":[{"href":"https:\/\/2022.robocupjunior.eu\/rcj\/index.php\/wp-json\/wp\/v2\/pages\/195","targetHints":{"allow":["GET"]}}],"collection":[{"href":"https:\/\/2022.robocupjunior.eu\/rcj\/index.php\/wp-json\/wp\/v2\/pages"}],"about":[{"href":"https:\/\/2022.robocupjunior.eu\/rcj\/index.php\/wp-json\/wp\/v2\/types\/page"}],"author":[{"embeddable":true,"href":"https:\/\/2022.robocupjunior.eu\/rcj\/index.php\/wp-json\/wp\/v2\/users\/2"}],"replies":[{"embeddable":true,"href":"https:\/\/2022.robocupjunior.eu\/rcj\/index.php\/wp-json\/wp\/v2\/comments?post=195"}],"version-history":[{"count":4,"href":"https:\/\/2022.robocupjunior.eu\/rcj\/index.php\/wp-json\/wp\/v2\/pages\/195\/revisions"}],"predecessor-version":[{"id":1014,"href":"https:\/\/2022.robocupjunior.eu\/rcj\/index.php\/wp-json\/wp\/v2\/pages\/195\/revisions\/1014"}],"up":[{"embeddable":true,"href":"https:\/\/2022.robocupjunior.eu\/rcj\/index.php\/wp-json\/wp\/v2\/pages\/225"}],"wp:featuredmedia":[{"embeddable":true,"href":"https:\/\/2022.robocupjunior.eu\/rcj\/index.php\/wp-json\/wp\/v2\/media\/192"}],"wp:attachment":[{"href":"https:\/\/2022.robocupjunior.eu\/rcj\/index.php\/wp-json\/wp\/v2\/media?parent=195"}],"curies":[{"name":"wp","href":"https:\/\/api.w.org\/{rel}","templated":true}]}}