{"id":212,"date":"2022-02-06T16:08:38","date_gmt":"2022-02-06T16:08:38","guid":{"rendered":"https:\/\/2022.robocupjunior.eu\/rcj\/?page_id=212"},"modified":"2022-06-27T15:05:59","modified_gmt":"2022-06-27T15:05:59","slug":"ofi-14-motor-mendocino","status":"publish","type":"page","link":"https:\/\/2022.robocupjunior.eu\/rcj\/index.php\/oficinas\/maquinas-miniatura\/ofi-14-motor-mendocino\/","title":{"rendered":"Motor Mendocino"},"content":{"rendered":"\n<div class=\"wp-block-columns is-layout-flex wp-container-core-columns-is-layout-28f84493 wp-block-columns-is-layout-flex\">\n<div class=\"wp-block-column is-layout-flow wp-block-column-is-layout-flow\" style=\"flex-basis:80%\"><figure class=\"wp-block-post-featured-image\"><img loading=\"lazy\" decoding=\"async\" width=\"475\" height=\"376\" src=\"https:\/\/2022.robocupjunior.eu\/rcj\/wp-content\/uploads\/2022\/02\/Mendocino1.png\" class=\"attachment-post-thumbnail size-post-thumbnail wp-post-image\" alt=\"\" style=\"object-fit:cover;\" srcset=\"https:\/\/2022.robocupjunior.eu\/rcj\/wp-content\/uploads\/2022\/02\/Mendocino1.png 475w, https:\/\/2022.robocupjunior.eu\/rcj\/wp-content\/uploads\/2022\/02\/Mendocino1-300x237.png 300w\" sizes=\"auto, (max-width: 475px) 100vw, 475px\" \/><\/figure><\/div>\n\n\n\n<div class=\"wp-block-column is-layout-flow wp-block-column-is-layout-flow\" style=\"padding-top:0px;padding-right:0px;padding-bottom:0px;padding-left:0px;flex-basis:20%\">\n<!-- START Kaya QR Code Generator --><div class=\"wpkqcg_qrcode_wrapper\"><input type=\"hidden\" id=\"wpkqcg_qrcode_outputimg_3669d6e6529427557_ecclevel\" value=\"L\" \/><input type=\"hidden\" id=\"wpkqcg_qrcode_outputimg_3669d6e6529427557_size\" value=\"\" \/><input type=\"hidden\" id=\"wpkqcg_qrcode_outputimg_3669d6e6529427557_color\" value=\"\" \/><input type=\"hidden\" id=\"wpkqcg_qrcode_outputimg_3669d6e6529427557_bgcolor\" value=\"\" \/><input type=\"hidden\" id=\"wpkqcg_qrcode_outputimg_3669d6e6529427557_content\" value=\"https:\/\/2022.robocupjunior.eu\/rcj\/index.php\/wp-json\/wp\/v2\/pages\/212\" \/><img decoding=\"async\" src=\"\" id=\"wpkqcg_qrcode_outputimg_3669d6e6529427557\" alt=\"QR Code\" class=\"wpkqcg_qrcode\" style=\"width: auto; height: auto; max-width: 100%;\" ><div style=\"clear: none;\"><\/div><\/div><!-- END Kaya QR Code Generator -->\n<\/div>\n<\/div>\n\n\n<h2 class=\"wp-block-post-title\">Motor Mendocino<\/h2>\n\n\n<figure class=\"wp-block-embed is-type-video is-provider-youtube wp-block-embed-youtube wp-embed-aspect-16-9 wp-has-aspect-ratio\"><div class=\"wp-block-embed__wrapper\">\n<iframe loading=\"lazy\" title=\"Motor Mendocino\" width=\"500\" height=\"281\" src=\"https:\/\/www.youtube.com\/embed\/RFTu-Yb7bsw?feature=oembed\" frameborder=\"0\" allow=\"accelerometer; autoplay; clipboard-write; encrypted-media; gyroscope; picture-in-picture; web-share\" referrerpolicy=\"strict-origin-when-cross-origin\" allowfullscreen><\/iframe>\n<\/div><\/figure>\n\n\n\n<p>O Motor Mendocino \u00e9 um motor el\u00e9trico movido a energia solar que \u00e9 levitado magneticamente. Foi criado por Larry Spring de Mendocino, Calif\u00f3rnia, da\u00ed o seu nome.<\/p>\n\n\n\n<p>Um eixo girat\u00f3rio mant\u00e9m-se em levita\u00e7\u00e3o atrav\u00e9s \u00edmanes com for\u00e7as magn\u00e9ticas repulsoras, e o motor \u00e9 estabilizado apoiado num ponto contra uma parede. Os pain\u00e9is solares instalados no eixo girat\u00f3rio geram correntes que atravessam as bobinas e geram uma for\u00e7a electro-magn\u00e9tica que resulta num movimento girat\u00f3rio.<\/p>\n\n\n\n<p>Estes motores s\u00e3o usados sobretudo para demonstra\u00e7\u00f5es t\u00e9cnicas devido \u00e0 sua baixa pot\u00eancia e s\u00e3o populares entre os entusiastas da eletricidade.<\/p>\n\n\n\n<h2 class=\"wp-block-heading\" id=\"Componentes:\">Componentes:<\/h2>\n\n\n\n<ul class=\"wp-block-list\"><li>eixo girat\u00f3rio<\/li><li>6 \u00edmanes de anel<\/li><li>4 pain\u00e9is solares<\/li><li>4 bobines<\/li><li>suporte com parede<\/li><li>\u00edman fixo na base<\/li><\/ul>\n\n\n\n<p>O motor \u00e9 composto por um eixo girat\u00f3rio com uma s\u00e9rie de pain\u00e9is solares e bobinas eletromagn\u00e9ticas dispostas em forma de cilindro em torno do centro do eixo; o rotor \u00e9 montado horizontalmente em rolamentos radiais sem atrito sobre um \u00edman central na placa base. A dire\u00e7\u00e3o axial \u00e9 estabilizada em contato com a parede.<\/p>\n\n\n\n<h2 class=\"wp-block-heading\" id=\"Princ\u00edpio-de-funcionamento:\">Princ\u00edpio de funcionamento:<\/h2>\n\n\n\n<p>Existem 2 conjuntos de \u00edmanes com a disposi\u00e7\u00e3o na imagem abaixo. Os \u00edmanes 1 e 2 s\u00e3o fixados na base. O \u00edman 3 \u00e9 fixado ao eixo que levita pela a\u00e7\u00e3o de for\u00e7as magn\u00e9ticas repulsivas. Observe que o terceiro \u00edman \u00e9 est\u00e1vel, pois fica numa bolsa do campo magn\u00e9tico.<\/p>\n\n\n\n<figure class=\"wp-block-image size-full\"><img loading=\"lazy\" decoding=\"async\" width=\"592\" height=\"352\" src=\"https:\/\/2022.robocupjunior.eu\/rcj\/wp-content\/uploads\/2022\/02\/Levitation_3_Magnets.png\" alt=\"\" class=\"wp-image-206\" srcset=\"https:\/\/2022.robocupjunior.eu\/rcj\/wp-content\/uploads\/2022\/02\/Levitation_3_Magnets.png 592w, https:\/\/2022.robocupjunior.eu\/rcj\/wp-content\/uploads\/2022\/02\/Levitation_3_Magnets-300x178.png 300w\" sizes=\"auto, (max-width: 592px) 100vw, 592px\" \/><\/figure>\n\n\n\n<p>Mas essa configura\u00e7\u00e3o n\u00e3o \u00e9 suficiente para o eixo ficar parado. O eixo em si pode se mover para frente ou para tr\u00e1s e a instabilidade magn\u00e9tica acabar\u00e1 fazendo com que o eixo deslize numa dire\u00e7\u00e3o (consulte o<a href=\"http:\/\/en.wikipedia.org\/wiki\/Earnshaw%27s_theorem\"> Teorema de Earnshaw<\/a>). Precisamos polarizar o fluxo magn\u00e9tico para empurrar o sistema apenas numa dire\u00e7\u00e3o e ter uma parede para travar o sistema. Se colocarmos o \u00edman flutuante mais perto da parede do que os \u00edmanes da base, o eixo tende a encostar na parede.<\/p>\n\n\n\n<figure class=\"wp-block-image size-full\"><img loading=\"lazy\" decoding=\"async\" width=\"533\" height=\"333\" src=\"https:\/\/2022.robocupjunior.eu\/rcj\/wp-content\/uploads\/2022\/02\/shaft2.png\" alt=\"\" class=\"wp-image-207\" srcset=\"https:\/\/2022.robocupjunior.eu\/rcj\/wp-content\/uploads\/2022\/02\/shaft2.png 533w, https:\/\/2022.robocupjunior.eu\/rcj\/wp-content\/uploads\/2022\/02\/shaft2-300x187.png 300w\" sizes=\"auto, (max-width: 533px) 100vw, 533px\" \/><\/figure>\n\n\n\n<p>Como existe um ponto de contato com a parede, isso causa um pouco de atrito, de modo que este sistema n\u00e3o \u00e9 totalmente isento de atrito. Quando em movimento, o sistema tamb\u00e9m enfrenta atrito do ar e correntes parasitas que s\u00e3o geradas quando as bobinas est\u00e3o na presen\u00e7a de um campo magn\u00e9tico. Na foto abaixo pode ver outra vers\u00e3o deste sistema usando 6 pain\u00e9is solares. Pode-se ver claramente as bobinas e os respectivos paineis solares.<\/p>\n\n\n\n<figure class=\"wp-block-image size-large is-resized\"><img loading=\"lazy\" decoding=\"async\" src=\"https:\/\/2022.robocupjunior.eu\/rcj\/wp-content\/uploads\/2022\/02\/mendocino_2-1024x768.png\" alt=\"Detail of Mendocino motor showing internal coils.jpg - Wikimedia Commons\" class=\"wp-image-208\" width=\"512\" height=\"384\" srcset=\"https:\/\/2022.robocupjunior.eu\/rcj\/wp-content\/uploads\/2022\/02\/mendocino_2-1024x768.png 1024w, https:\/\/2022.robocupjunior.eu\/rcj\/wp-content\/uploads\/2022\/02\/mendocino_2-300x225.png 300w, https:\/\/2022.robocupjunior.eu\/rcj\/wp-content\/uploads\/2022\/02\/mendocino_2-768x576.png 768w, https:\/\/2022.robocupjunior.eu\/rcj\/wp-content\/uploads\/2022\/02\/mendocino_2.png 1280w\" sizes=\"auto, (max-width: 512px) 100vw, 512px\" \/><figcaption>By JanGB &#8211; Own work, CC BY-SA 4.0<\/figcaption><\/figure>\n\n\n\n<p>Como um motor Mendocino \u00e9 alimentado por pain\u00e9is solares que recebem luz, ele pode ser configurado de forma que os pain\u00e9is girat\u00f3rios forne\u00e7am o ciclo liga-desliga. Os pain\u00e9is girat\u00f3rios recebem luz de forma intermitente porque est\u00e3o a girar. As bobinas s\u00e3o conectadas de forma que conduzam electricidade no momento apropriado de acordo com a rota\u00e7\u00e3o do pr\u00f3prio dispositivo.<\/p>\n\n\n\n<figure class=\"wp-block-video\"><video height=\"1080\" style=\"aspect-ratio: 1920 \/ 1080;\" width=\"1920\" controls src=\"https:\/\/2022.robocupjunior.eu\/rcj\/wp-content\/uploads\/2022\/03\/Mendocino-Motor.mp4\"><\/video><\/figure>\n\n\n\n<p>Duas c\u00e9lulas solares opostas s\u00e3o unidas em paralelo para cada enrolamento. As c\u00e9lulas solares voltadas para a luz fornecem eletricidade ao solen\u00f3ide associado e geram um campo magn\u00e9tico que \u00e9 repelido pelo \u00edman da base. O motor solar gira devido a essa for\u00e7a repulsiva (tamb\u00e9m conhecida como for\u00e7a de Lorentz). As c\u00e9lulas solares que est\u00e3o voltadas para a luz afastam-se dela, as pr\u00f3ximas c\u00e9lulas solares ficam de frente para ela e o motor gira suavemente.<\/p>\n\n\n\n<h2 class=\"wp-block-heading\" id=\"Instru\u00e7\u00f5es:\">Instru\u00e7\u00f5es:<\/h2>\n\n\n\n<ol class=\"wp-block-list\"><li>Coloque o sistema de paineis solares em equil\u00edbrio no topo da base<\/li><li>Coloque todo o sistema sob uma fonte de luz<\/li><li>O sistema deve come\u00e7ar a girar sozinho<\/li><\/ol>\n\n\n\n<h2 class=\"wp-block-heading\" id=\"links\">Links:<\/h2>\n\n\n\n<p><a href=\"https:\/\/pt.banggood.com\/Solar-Horizontal-Four-side-Magnetic-Levitation-Mendocino-Motor-Stirling-Engine-Education-Model-p-1284997.html?rmmds=category&amp;cur_warehouse=USA\">STARK-3 Solar Horizontal de Quatro Lados Levita\u00e7\u00e3o Magn\u00e9tica Mendocino Motor Stirling Motor Modelo de Educa\u00e7\u00e3o<\/a><\/p>\n\n\n\n<p><a href=\"https:\/\/www.youtube.com\/watch?v=j5Hq4emMkW4\">STARK-3 Levitating Solar Powered Desktop Motor Model from Banggood<\/a><\/p>\n\n\n\n<p><a href=\"https:\/\/www.kjmagnetics.com\/blog.asp?p=mendocino-motor-2\">Mendocino Motor<\/a><\/p>\n\n\n\n<p><a href=\"http:\/\/mendocinomotor.eu\/functionality-and-structure-mendocinomotor.html\">Functionality and structure Mendocinomotor<\/a><\/p>\n\n\n\n<p><a href=\"https:\/\/www.youtube.com\/watch?v=U3as8dhaV-w\">Solar Energy Motor \/ 12 Sided Mendocino &#8211; Motor<\/a><\/p>\n","protected":false},"excerpt":{"rendered":"<p>O Motor Mendocino \u00e9 um motor el\u00e9trico movido a energia solar que \u00e9 levitado magneticamente. Foi criado por Larry Spring de Mendocino, Calif\u00f3rnia, da\u00ed o seu nome. Um eixo girat\u00f3rio mant\u00e9m-se em levita\u00e7\u00e3o atrav\u00e9s \u00edmanes com for\u00e7as magn\u00e9ticas repulsoras, e o motor \u00e9 estabilizado apoiado num ponto contra uma parede. Os pain\u00e9is solares instalados no [&hellip;]<\/p>\n","protected":false},"author":2,"featured_media":209,"parent":225,"menu_order":0,"comment_status":"closed","ping_status":"closed","template":"","meta":{"footnotes":""},"class_list":["post-212","page","type-page","status-publish","has-post-thumbnail","hentry"],"_links":{"self":[{"href":"https:\/\/2022.robocupjunior.eu\/rcj\/index.php\/wp-json\/wp\/v2\/pages\/212","targetHints":{"allow":["GET"]}}],"collection":[{"href":"https:\/\/2022.robocupjunior.eu\/rcj\/index.php\/wp-json\/wp\/v2\/pages"}],"about":[{"href":"https:\/\/2022.robocupjunior.eu\/rcj\/index.php\/wp-json\/wp\/v2\/types\/page"}],"author":[{"embeddable":true,"href":"https:\/\/2022.robocupjunior.eu\/rcj\/index.php\/wp-json\/wp\/v2\/users\/2"}],"replies":[{"embeddable":true,"href":"https:\/\/2022.robocupjunior.eu\/rcj\/index.php\/wp-json\/wp\/v2\/comments?post=212"}],"version-history":[{"count":6,"href":"https:\/\/2022.robocupjunior.eu\/rcj\/index.php\/wp-json\/wp\/v2\/pages\/212\/revisions"}],"predecessor-version":[{"id":1022,"href":"https:\/\/2022.robocupjunior.eu\/rcj\/index.php\/wp-json\/wp\/v2\/pages\/212\/revisions\/1022"}],"up":[{"embeddable":true,"href":"https:\/\/2022.robocupjunior.eu\/rcj\/index.php\/wp-json\/wp\/v2\/pages\/225"}],"wp:featuredmedia":[{"embeddable":true,"href":"https:\/\/2022.robocupjunior.eu\/rcj\/index.php\/wp-json\/wp\/v2\/media\/209"}],"wp:attachment":[{"href":"https:\/\/2022.robocupjunior.eu\/rcj\/index.php\/wp-json\/wp\/v2\/media?parent=212"}],"curies":[{"name":"wp","href":"https:\/\/api.w.org\/{rel}","templated":true}]}}