{"id":225,"date":"2022-02-13T13:43:42","date_gmt":"2022-02-13T13:43:42","guid":{"rendered":"https:\/\/2022.robocupjunior.eu\/rcj\/?page_id=225"},"modified":"2022-05-15T23:14:04","modified_gmt":"2022-05-15T23:14:04","slug":"maquinas-miniatura","status":"publish","type":"page","link":"https:\/\/2022.robocupjunior.eu\/rcj\/index.php\/oficinas\/maquinas-miniatura\/","title":{"rendered":"M\u00e1quinas Miniatura"},"content":{"rendered":"\n<div class=\"wp-block-columns is-layout-flex wp-container-core-columns-is-layout-28f84493 wp-block-columns-is-layout-flex\">\n<div class=\"wp-block-column is-layout-flow wp-block-column-is-layout-flow\" style=\"flex-basis:80%\"><figure class=\"wp-block-post-featured-image\"><img loading=\"lazy\" decoding=\"async\" width=\"960\" height=\"540\" src=\"https:\/\/2022.robocupjunior.eu\/rcj\/wp-content\/uploads\/2022\/05\/MaqMiniaturaMain.png\" class=\"attachment-post-thumbnail size-post-thumbnail wp-post-image\" alt=\"\" style=\"object-fit:cover;\" srcset=\"https:\/\/2022.robocupjunior.eu\/rcj\/wp-content\/uploads\/2022\/05\/MaqMiniaturaMain.png 960w, https:\/\/2022.robocupjunior.eu\/rcj\/wp-content\/uploads\/2022\/05\/MaqMiniaturaMain-300x169.png 300w, https:\/\/2022.robocupjunior.eu\/rcj\/wp-content\/uploads\/2022\/05\/MaqMiniaturaMain-768x432.png 768w\" sizes=\"auto, (max-width: 960px) 100vw, 960px\" \/><\/figure><\/div>\n\n\n\n<div class=\"wp-block-column is-layout-flow wp-block-column-is-layout-flow\" style=\"padding-top:0px;padding-right:0px;padding-bottom:0px;padding-left:0px;flex-basis:20%\">\n<!-- START Kaya QR Code Generator --><div class=\"wpkqcg_qrcode_wrapper\"><input type=\"hidden\" id=\"wpkqcg_qrcode_outputimg_6869d6e652775cc78_ecclevel\" value=\"L\" \/><input type=\"hidden\" id=\"wpkqcg_qrcode_outputimg_6869d6e652775cc78_size\" value=\"\" \/><input type=\"hidden\" id=\"wpkqcg_qrcode_outputimg_6869d6e652775cc78_color\" value=\"\" \/><input type=\"hidden\" id=\"wpkqcg_qrcode_outputimg_6869d6e652775cc78_bgcolor\" value=\"\" \/><input type=\"hidden\" id=\"wpkqcg_qrcode_outputimg_6869d6e652775cc78_content\" value=\"https:\/\/2022.robocupjunior.eu\/rcj\/index.php\/wp-json\/wp\/v2\/pages\/225\" \/><img decoding=\"async\" src=\"\" id=\"wpkqcg_qrcode_outputimg_6869d6e652775cc78\" alt=\"QR Code\" class=\"wpkqcg_qrcode\" style=\"width: auto; height: auto; max-width: 100%;\" ><div style=\"clear: none;\"><\/div><\/div><!-- END Kaya QR Code Generator -->\n<\/div>\n<\/div>\n\n\n<h2 class=\"wp-block-post-title\">M\u00e1quinas Miniatura<\/h2>\n\n\n\n<!-- Page-list plugin v.5.2 wordpress.org\/plugins\/page-list\/ -->\n<ul class=\"page-list subpages-page-list \">\n<li class=\"page_item page-item-195\"><a href=\"https:\/\/2022.robocupjunior.eu\/rcj\/index.php\/oficinas\/maquinas-miniatura\/ofi-8-bobine-de-tesla\/\">Bobine de Tesla<\/a><\/li>\n<li class=\"page_item page-item-79\"><a href=\"https:\/\/2022.robocupjunior.eu\/rcj\/index.php\/oficinas\/maquinas-miniatura\/bola-de-plasma\/\">Bola de Plasma<\/a><\/li>\n<li class=\"page_item page-item-9\"><a href=\"https:\/\/2022.robocupjunior.eu\/rcj\/index.php\/oficinas\/maquinas-miniatura\/maglev_pt\/\">Levita\u00e7\u00e3o magn\u00e9tica<\/a><\/li>\n<li class=\"page_item page-item-197\"><a href=\"https:\/\/2022.robocupjunior.eu\/rcj\/index.php\/oficinas\/maquinas-miniatura\/ofi-12-maquina-estatica-wimshurst\/\">M\u00e1quina est\u00e1tica Wimshurst<\/a><\/li>\n<li class=\"page_item page-item-174\"><a href=\"https:\/\/2022.robocupjunior.eu\/rcj\/index.php\/oficinas\/maquinas-miniatura\/ofi-13-motor-a-vapor\/\">Motor a vapor<\/a><\/li>\n<li class=\"page_item page-item-100\"><a href=\"https:\/\/2022.robocupjunior.eu\/rcj\/index.php\/oficinas\/maquinas-miniatura\/ofi-9-motor-dc\/\">Motor DC<\/a><\/li>\n<li class=\"page_item page-item-183\"><a href=\"https:\/\/2022.robocupjunior.eu\/rcj\/index.php\/oficinas\/maquinas-miniatura\/ofi-15-motor\/\">Motor de Ar Quente<\/a><\/li>\n<li class=\"page_item page-item-189\"><a href=\"https:\/\/2022.robocupjunior.eu\/rcj\/index.php\/oficinas\/maquinas-miniatura\/ofi-10-motor-de-stirling-temperatura\/\">Motor de Stirling (temperatura)<\/a><\/li>\n<li class=\"page_item page-item-212\"><a href=\"https:\/\/2022.robocupjunior.eu\/rcj\/index.php\/oficinas\/maquinas-miniatura\/ofi-14-motor-mendocino\/\">Motor Mendocino<\/a><\/li>\n<li class=\"page_item page-item-133\"><a href=\"https:\/\/2022.robocupjunior.eu\/rcj\/index.php\/oficinas\/maquinas-miniatura\/ofi-16-motor-stirling-2-cilindros\/\">Motor Stirling 2 Cilindros<\/a><\/li>\n\n<\/ul>\n","protected":false},"excerpt":{"rendered":"","protected":false},"author":2,"featured_media":681,"parent":2,"menu_order":0,"comment_status":"closed","ping_status":"closed","template":"","meta":{"footnotes":""},"class_list":["post-225","page","type-page","status-publish","has-post-thumbnail","hentry"],"_links":{"self":[{"href":"https:\/\/2022.robocupjunior.eu\/rcj\/index.php\/wp-json\/wp\/v2\/pages\/225","targetHints":{"allow":["GET"]}}],"collection":[{"href":"https:\/\/2022.robocupjunior.eu\/rcj\/index.php\/wp-json\/wp\/v2\/pages"}],"about":[{"href":"https:\/\/2022.robocupjunior.eu\/rcj\/index.php\/wp-json\/wp\/v2\/types\/page"}],"author":[{"embeddable":true,"href":"https:\/\/2022.robocupjunior.eu\/rcj\/index.php\/wp-json\/wp\/v2\/users\/2"}],"replies":[{"embeddable":true,"href":"https:\/\/2022.robocupjunior.eu\/rcj\/index.php\/wp-json\/wp\/v2\/comments?post=225"}],"version-history":[{"count":2,"href":"https:\/\/2022.robocupjunior.eu\/rcj\/index.php\/wp-json\/wp\/v2\/pages\/225\/revisions"}],"predecessor-version":[{"id":694,"href":"https:\/\/2022.robocupjunior.eu\/rcj\/index.php\/wp-json\/wp\/v2\/pages\/225\/revisions\/694"}],"up":[{"embeddable":true,"href":"https:\/\/2022.robocupjunior.eu\/rcj\/index.php\/wp-json\/wp\/v2\/pages\/2"}],"wp:featuredmedia":[{"embeddable":true,"href":"https:\/\/2022.robocupjunior.eu\/rcj\/index.php\/wp-json\/wp\/v2\/media\/681"}],"wp:attachment":[{"href":"https:\/\/2022.robocupjunior.eu\/rcj\/index.php\/wp-json\/wp\/v2\/media?parent=225"}],"curies":[{"name":"wp","href":"https:\/\/api.w.org\/{rel}","templated":true}]}}