{"id":278,"date":"2022-03-05T19:59:09","date_gmt":"2022-03-05T19:59:09","guid":{"rendered":"https:\/\/2022.robocupjunior.eu\/rcj\/?page_id=278"},"modified":"2022-06-27T15:07:15","modified_gmt":"2022-06-27T15:07:15","slug":"caleidoscopio","status":"publish","type":"page","link":"https:\/\/2022.robocupjunior.eu\/rcj\/index.php\/oficinas\/luz-e-imagem\/caleidoscopio\/","title":{"rendered":"Caleidosc\u00f3pio"},"content":{"rendered":"\n<div class=\"wp-block-columns is-layout-flex wp-container-core-columns-is-layout-28f84493 wp-block-columns-is-layout-flex\">\n<div class=\"wp-block-column is-layout-flow wp-block-column-is-layout-flow\" style=\"flex-basis:80%\"><figure class=\"wp-block-post-featured-image\"><img loading=\"lazy\" decoding=\"async\" width=\"772\" height=\"710\" src=\"https:\/\/2022.robocupjunior.eu\/rcj\/wp-content\/uploads\/2022\/03\/kaleidoscope.png\" class=\"attachment-post-thumbnail size-post-thumbnail wp-post-image\" alt=\"\" style=\"object-fit:cover;\" srcset=\"https:\/\/2022.robocupjunior.eu\/rcj\/wp-content\/uploads\/2022\/03\/kaleidoscope.png 772w, https:\/\/2022.robocupjunior.eu\/rcj\/wp-content\/uploads\/2022\/03\/kaleidoscope-300x276.png 300w, https:\/\/2022.robocupjunior.eu\/rcj\/wp-content\/uploads\/2022\/03\/kaleidoscope-768x706.png 768w\" sizes=\"auto, (max-width: 772px) 100vw, 772px\" \/><\/figure><\/div>\n\n\n\n<div class=\"wp-block-column is-layout-flow wp-block-column-is-layout-flow\" style=\"padding-top:0px;padding-right:0px;padding-bottom:0px;padding-left:0px;flex-basis:20%\">\n<!-- START Kaya QR Code Generator --><div class=\"wpkqcg_qrcode_wrapper\"><input type=\"hidden\" id=\"wpkqcg_qrcode_outputimg_7069d6e6823dc122_ecclevel\" value=\"L\" \/><input type=\"hidden\" id=\"wpkqcg_qrcode_outputimg_7069d6e6823dc122_size\" value=\"\" \/><input type=\"hidden\" id=\"wpkqcg_qrcode_outputimg_7069d6e6823dc122_color\" value=\"\" \/><input type=\"hidden\" id=\"wpkqcg_qrcode_outputimg_7069d6e6823dc122_bgcolor\" value=\"\" \/><input type=\"hidden\" id=\"wpkqcg_qrcode_outputimg_7069d6e6823dc122_content\" value=\"https:\/\/2022.robocupjunior.eu\/rcj\/index.php\/wp-json\/wp\/v2\/pages\/278\" \/><img decoding=\"async\" src=\"\" id=\"wpkqcg_qrcode_outputimg_7069d6e6823dc122\" alt=\"QR Code\" class=\"wpkqcg_qrcode\" style=\"width: auto; height: auto; max-width: 100%;\" ><div style=\"clear: none;\"><\/div><\/div><!-- END Kaya QR Code Generator -->\n<\/div>\n<\/div>\n\n\n<h2 class=\"wp-block-post-title\">Caleidosc\u00f3pio<\/h2>\n\n\n<figure class=\"wp-block-embed is-type-video is-provider-youtube wp-block-embed-youtube wp-embed-aspect-16-9 wp-has-aspect-ratio\"><div class=\"wp-block-embed__wrapper\">\n<iframe loading=\"lazy\" title=\"Caleidosc\u00f3pio\" width=\"500\" height=\"281\" src=\"https:\/\/www.youtube.com\/embed\/gDv0wofM61A?feature=oembed\" frameborder=\"0\" allow=\"accelerometer; autoplay; clipboard-write; encrypted-media; gyroscope; picture-in-picture; web-share\" referrerpolicy=\"strict-origin-when-cross-origin\" allowfullscreen><\/iframe>\n<\/div><\/figure>\n\n\n\n<p>Um caleidosc\u00f3pio \u00e9 um equipamento \u00f3tico que cont\u00e9m duas ou mais superf\u00edcies refletoras (ou espelhos) inclinadas fazendo um determinado \u00e2ngulo entre si, de modo que, quando vistos da outra extremidade, um ou mais objetos aparecem como um padr\u00e3o sim\u00e9trico regular. Esses refletores s\u00e3o normalmente alojados num tubo, com uma pequena c\u00e2mara numa extremidade contendo, por exemplo, pequenas esferas de vidro colorido. Os materiais movem-se em resposta \u00e0 rota\u00e7\u00e3o da pequena c\u00e2mara, proporcionando um padr\u00e3o em constante mudan\u00e7a.<\/p>\n\n\n\n<p><strong>Componentes:<\/strong><\/p>\n\n\n\n<ul class=\"wp-block-list\"><li>Tubo cil\u00edndrico<\/li><li>Espelhos internos (por exemplo, 3 espelhos formando um prisma triangular)<\/li><li>Pequena c\u00e2mara com objetos<\/li><\/ul>\n\n\n\n<h2 class=\"wp-block-heading\">Princ\u00edpio de Funcionamento:<\/h2>\n\n\n\n<p>Um caleidosc\u00f3pio simples \u00e9 composto por duas tiras finas de espelho em forma de cunha unidas por uma borda comum, ou uma \u00fanica folha de alum\u00ednio brilhante dobrada num \u00e2ngulo de 60\u00b0 ou 45\u00b0. Os espelhos est\u00e3o contidos dentro de um tubo que possui um orif\u00edcio de visualiza\u00e7\u00e3o numa extremidade. Uma pequena c\u00e2mara (que pode girar) est\u00e1 na outra extremidade; \u00e9 composta por dois discos de vidro, sendo que o externo funciona como difusor. Podem-se colocar nesta c\u00e2mara vidros coloridos, enfeites, missangas, etc. Os objetos dentro da c\u00e2mara formam padr\u00f5es arbitr\u00e1rios quando a c\u00e2mara \u00e9 rodada, e quando a luz entra pelo difusor criam-se padr\u00f5es sim\u00e9tricos deslumbrantes. O n\u00famero de combina\u00e7\u00f5es e de poss\u00edveis padr\u00f5es \u00e9 infinito.<\/p>\n\n\n\n<figure class=\"wp-block-image size-large\"><img loading=\"lazy\" decoding=\"async\" width=\"1024\" height=\"585\" src=\"https:\/\/2022.robocupjunior.eu\/rcj\/wp-content\/uploads\/2022\/03\/kaleid3-1024x585.jpg\" alt=\"\" class=\"wp-image-280\" srcset=\"https:\/\/2022.robocupjunior.eu\/rcj\/wp-content\/uploads\/2022\/03\/kaleid3-1024x585.jpg 1024w, https:\/\/2022.robocupjunior.eu\/rcj\/wp-content\/uploads\/2022\/03\/kaleid3-300x171.jpg 300w, https:\/\/2022.robocupjunior.eu\/rcj\/wp-content\/uploads\/2022\/03\/kaleid3-768x439.jpg 768w, https:\/\/2022.robocupjunior.eu\/rcj\/wp-content\/uploads\/2022\/03\/kaleid3.jpg 1400w\" sizes=\"auto, (max-width: 1024px) 100vw, 1024px\" \/><figcaption>Source: <a href=\"https:\/\/www.coroflot.com\/cham0152\/graduate-studio-third-year\">https:\/\/www.coroflot.com\/cham0152\/graduate-studio-third-year<\/a><\/figcaption><\/figure>\n\n\n\n<p><span style=\"text-decoration: underline;\">Tubo cil\u00edndrico<\/span><\/p>\n\n\n\n<p>Uma subst\u00e2ncia refletora \u00e9 o primeiro e mais importante aspecto do caleidosc\u00f3pio. Os espelhos s\u00e3o usados na maioria dos caleidosc\u00f3pios. Espelhos longos e finos s\u00e3o dispostos de forma que fiquem voltados um para o outro.<\/p>\n\n\n\n<p>Dependendo do projeto final desejado, diferentes n\u00fameros de espelhos podem ser empregues, mas tr\u00eas espelhos s\u00e3o normalmente usados para formar um padr\u00e3o baseado em tri\u00e2ngulos repetidos.<\/p>\n\n\n\n<p>Os caleidosc\u00f3pios s\u00e3o geralmente feitos de cart\u00e3o mas podem ser feitos de qualquer outro material redondo e oco.<\/p>\n\n\n\n<p>Para fazer um caleidosc\u00f3pio caseiro pode-se usar o cart\u00e3o de um rolo de papel de cozinha e papel de alum\u00ednio.<\/p>\n\n\n\n<p>O estanho foi usado para fazer caleidosc\u00f3pios mais antigos. Em certas varia\u00e7\u00f5es, tr\u00eas peda\u00e7os de vidro soprado em forma de tri\u00e2ngulo s\u00e3o usados.<\/p>\n\n\n\n<figure class=\"wp-block-image size-large\"><img loading=\"lazy\" decoding=\"async\" width=\"1024\" height=\"594\" src=\"https:\/\/2022.robocupjunior.eu\/rcj\/wp-content\/uploads\/2022\/03\/Kaleid_1-1024x594.jpg\" alt=\"\" class=\"wp-image-279\" srcset=\"https:\/\/2022.robocupjunior.eu\/rcj\/wp-content\/uploads\/2022\/03\/Kaleid_1-1024x594.jpg 1024w, https:\/\/2022.robocupjunior.eu\/rcj\/wp-content\/uploads\/2022\/03\/Kaleid_1-300x174.jpg 300w, https:\/\/2022.robocupjunior.eu\/rcj\/wp-content\/uploads\/2022\/03\/Kaleid_1-768x446.jpg 768w, https:\/\/2022.robocupjunior.eu\/rcj\/wp-content\/uploads\/2022\/03\/Kaleid_1.jpg 1399w\" sizes=\"auto, (max-width: 1024px) 100vw, 1024px\" \/><figcaption>Source: <a href=\"https:\/\/www.coroflot.com\/cham0152\/graduate-studio-third-year\">https:\/\/www.coroflot.com\/cham0152\/graduate-studio-third-year<\/a><\/figcaption><\/figure>\n\n\n\n<p><span style=\"text-decoration: underline;\">Pequena c\u00e2mara com objetos<\/span><\/p>\n\n\n\n<p>Os objetos a serem refletidos s\u00e3o mantidos na c\u00e2mara de objetos numa extremidade do caleidosc\u00f3pio. Missangas, fios e clipes podem ser usados \u200b\u200bpara fazer um caleidosc\u00f3pio artesanal. Um caleidosc\u00f3pio tradicional \u00e9 feito de pl\u00e1stico colorido ou peda\u00e7os de vidro. A extremidade do caleidosc\u00f3pio \u00e9 selada com vidro ou pl\u00e1stico. Isso n\u00e3o apenas mant\u00e9m os objetos contidos, mas tamb\u00e9m permite que a luz passe, permitindo que as imagens sejam refletidas. A extremidade do caleidosc\u00f3pio gira em determinados modelos, permitindo a cria\u00e7\u00e3o de diversos desenhos. Para o mesmo efeito, as c\u00f3pias caseiras podem ser giradas manualmente. Berlindes de diferentes padr\u00f5es e cores s\u00e3o usados tamb\u00e9m nalguns modelos.<\/p>\n\n\n\n<p><span style=\"text-decoration: underline;\">Orif\u00edcio de visualiza\u00e7\u00e3o<\/span><\/p>\n\n\n\n<p>A outra extremidade do caleidosc\u00f3pio \u00e9 usada para visualiza\u00e7\u00e3o. Tamb\u00e9m pode ser fechado desde que haja um pequeno orif\u00edcio de visualiza\u00e7\u00e3o. O buraco permite ver os padr\u00f5es gerados pelos reflexos olhando pelo tubo atrav\u00e9s dos espelhos.<\/p>\n\n\n\n<p><span style=\"text-decoration: underline;\">Luz e movimento<\/span><\/p>\n\n\n\n<p>Ao olhar pelo buraco, a luz que passa atrav\u00e9s do vidro (ou pl\u00e1stico transparente) na extremidade da c\u00e2mara com objetos, ilumina os objetos, e produz refle\u00e7\u00f5es em todos os espelhos. \u00c0 medida que a luz atravessa o tubo, a luz reflete de um espelho para outro criando padr\u00f5es que chegam at\u00e9 ao olho. Os objetos na c\u00e2mara mudam conforme o caleidosc\u00f3pio gira, criando novos padr\u00f5es. O princ\u00edpio \u00e9 simples, mas o efeito final \u00e9 m\u00e1gico e divertido.<\/p>\n\n\n\n<h2 class=\"wp-block-heading\">Instru\u00e7\u00f5es:<\/h2>\n\n\n\n<ol class=\"wp-block-list\"><li>Aponte o caleidosc\u00f3pio para uma fonte de luz ou uma superf\u00edcie brilhante (por exemplo, c\u00e9u azul)<\/li><li>Olhe atrav\u00e9s do orif\u00edcio de visualiza\u00e7\u00e3o<\/li><li>Gire a c\u00e2mara para ver as incr\u00edveis mudan\u00e7as de padr\u00e3o<\/li><\/ol>\n\n\n\n<h2 class=\"wp-block-heading\">Links:<\/h2>\n\n\n\n<p><a href=\"https:\/\/www.britannica.com\/facts\/kaleidoscope\">https:\/\/www.britannica.com\/facts\/kaleidoscope<\/a><\/p>\n\n\n\n<p><a href=\"https:\/\/en.wikipedia.org\/wiki\/Kaleidoscope\">https:\/\/en.wikipedia.org\/wiki\/Kaleidoscope<\/a><\/p>\n\n\n\n<p><a href=\"https:\/\/sciencing.com\/a-kaleidoscope-work-4564059.html\">https:\/\/sciencing.com\/a-kaleidoscope-work-4564059.html<\/a><\/p>\n\n\n\n<figure class=\"wp-block-embed is-type-video is-provider-youtube wp-block-embed-youtube wp-embed-aspect-4-3 wp-has-aspect-ratio\"><div class=\"wp-block-embed__wrapper\">\n<iframe loading=\"lazy\" title=\"OSA E-Day 2008: How A Kaleidoscope Works\" width=\"500\" height=\"375\" src=\"https:\/\/www.youtube.com\/embed\/STAgwMRjAqM?feature=oembed\" frameborder=\"0\" allow=\"accelerometer; autoplay; clipboard-write; encrypted-media; gyroscope; picture-in-picture; web-share\" referrerpolicy=\"strict-origin-when-cross-origin\" allowfullscreen><\/iframe>\n<\/div><\/figure>\n\n\n\n<figure class=\"wp-block-embed is-type-video is-provider-youtube wp-block-embed-youtube wp-embed-aspect-16-9 wp-has-aspect-ratio\"><div class=\"wp-block-embed__wrapper\">\n<iframe loading=\"lazy\" title=\"How a Kaleidoscope Works\" width=\"500\" height=\"281\" src=\"https:\/\/www.youtube.com\/embed\/_dDTULS3-bg?feature=oembed\" frameborder=\"0\" allow=\"accelerometer; autoplay; clipboard-write; encrypted-media; gyroscope; picture-in-picture; web-share\" referrerpolicy=\"strict-origin-when-cross-origin\" allowfullscreen><\/iframe>\n<\/div><\/figure>\n\n\n\n<figure class=\"wp-block-embed is-type-video is-provider-youtube wp-block-embed-youtube wp-embed-aspect-4-3 wp-has-aspect-ratio\"><div class=\"wp-block-embed__wrapper\">\n<iframe loading=\"lazy\" title=\"Kaleidoscope Physics\" width=\"500\" height=\"375\" src=\"https:\/\/www.youtube.com\/embed\/uxdGpXSTc0Q?feature=oembed\" frameborder=\"0\" allow=\"accelerometer; autoplay; clipboard-write; encrypted-media; gyroscope; picture-in-picture; web-share\" referrerpolicy=\"strict-origin-when-cross-origin\" allowfullscreen><\/iframe>\n<\/div><\/figure>\n\n\n\n<p><a href=\"https:\/\/science.howstuffworks.com\/kaleidoscope.htm\">https:\/\/science.howstuffworks.com\/kaleidoscope.htm<\/a><\/p>\n\n\n\n<p><a href=\"https:\/\/www.indypl.org\/blog\/for-kids\/science-experiment-light-kaleidoscope#:~:text=A%20kaleidoscope%20works%20by%20reflecting,the%20direction%20it%20came%20from.\">https:\/\/www.indypl.org\/blog\/for-kids\/science-experiment-light-kaleidoscope#:~:text=A%20kaleidoscope%20works%20by%20reflecting,the%20direction%20it%20came%20from.<\/a><\/p>\n\n\n\n<p><a href=\"https:\/\/www.coroflot.com\/cham0152\/graduate-studio-third-year\">https:\/\/www.coroflot.com\/cham0152\/graduate-studio-third-year<\/a><\/p>\n","protected":false},"excerpt":{"rendered":"<p>Um caleidosc\u00f3pio \u00e9 um equipamento \u00f3tico que cont\u00e9m duas ou mais superf\u00edcies refletoras (ou espelhos) inclinadas fazendo um determinado \u00e2ngulo entre si, de modo que, quando vistos da outra extremidade, um ou mais objetos aparecem como um padr\u00e3o sim\u00e9trico regular. Esses refletores s\u00e3o normalmente alojados num tubo, com uma pequena c\u00e2mara numa extremidade contendo, por [&hellip;]<\/p>\n","protected":false},"author":2,"featured_media":276,"parent":231,"menu_order":0,"comment_status":"closed","ping_status":"closed","template":"","meta":{"footnotes":""},"class_list":["post-278","page","type-page","status-publish","has-post-thumbnail","hentry"],"_links":{"self":[{"href":"https:\/\/2022.robocupjunior.eu\/rcj\/index.php\/wp-json\/wp\/v2\/pages\/278","targetHints":{"allow":["GET"]}}],"collection":[{"href":"https:\/\/2022.robocupjunior.eu\/rcj\/index.php\/wp-json\/wp\/v2\/pages"}],"about":[{"href":"https:\/\/2022.robocupjunior.eu\/rcj\/index.php\/wp-json\/wp\/v2\/types\/page"}],"author":[{"embeddable":true,"href":"https:\/\/2022.robocupjunior.eu\/rcj\/index.php\/wp-json\/wp\/v2\/users\/2"}],"replies":[{"embeddable":true,"href":"https:\/\/2022.robocupjunior.eu\/rcj\/index.php\/wp-json\/wp\/v2\/comments?post=278"}],"version-history":[{"count":7,"href":"https:\/\/2022.robocupjunior.eu\/rcj\/index.php\/wp-json\/wp\/v2\/pages\/278\/revisions"}],"predecessor-version":[{"id":1023,"href":"https:\/\/2022.robocupjunior.eu\/rcj\/index.php\/wp-json\/wp\/v2\/pages\/278\/revisions\/1023"}],"up":[{"embeddable":true,"href":"https:\/\/2022.robocupjunior.eu\/rcj\/index.php\/wp-json\/wp\/v2\/pages\/231"}],"wp:featuredmedia":[{"embeddable":true,"href":"https:\/\/2022.robocupjunior.eu\/rcj\/index.php\/wp-json\/wp\/v2\/media\/276"}],"wp:attachment":[{"href":"https:\/\/2022.robocupjunior.eu\/rcj\/index.php\/wp-json\/wp\/v2\/media?parent=278"}],"curies":[{"name":"wp","href":"https:\/\/api.w.org\/{rel}","templated":true}]}}