{"id":291,"date":"2022-03-05T21:31:45","date_gmt":"2022-03-05T21:31:45","guid":{"rendered":"https:\/\/2022.robocupjunior.eu\/rcj\/?page_id=291"},"modified":"2022-05-31T17:36:40","modified_gmt":"2022-05-31T17:36:40","slug":"ofi-28-prisma-de-luz","status":"publish","type":"page","link":"https:\/\/2022.robocupjunior.eu\/rcj\/index.php\/oficinas\/luz-e-imagem\/ofi-28-prisma-de-luz\/","title":{"rendered":"Prisma de Luz"},"content":{"rendered":"\n<div class=\"wp-block-columns is-layout-flex wp-container-core-columns-is-layout-28f84493 wp-block-columns-is-layout-flex\">\n<div class=\"wp-block-column is-layout-flow wp-block-column-is-layout-flow\" style=\"flex-basis:80%\"><figure class=\"wp-block-post-featured-image\"><img loading=\"lazy\" decoding=\"async\" width=\"1120\" height=\"719\" src=\"https:\/\/2022.robocupjunior.eu\/rcj\/wp-content\/uploads\/2022\/03\/prisma.jpg\" class=\"attachment-post-thumbnail size-post-thumbnail wp-post-image\" alt=\"\" style=\"object-fit:cover;\" srcset=\"https:\/\/2022.robocupjunior.eu\/rcj\/wp-content\/uploads\/2022\/03\/prisma.jpg 1120w, https:\/\/2022.robocupjunior.eu\/rcj\/wp-content\/uploads\/2022\/03\/prisma-300x193.jpg 300w, https:\/\/2022.robocupjunior.eu\/rcj\/wp-content\/uploads\/2022\/03\/prisma-1024x657.jpg 1024w, https:\/\/2022.robocupjunior.eu\/rcj\/wp-content\/uploads\/2022\/03\/prisma-768x493.jpg 768w\" sizes=\"auto, (max-width: 1120px) 100vw, 1120px\" \/><\/figure><\/div>\n\n\n\n<div class=\"wp-block-column is-layout-flow wp-block-column-is-layout-flow\" style=\"padding-top:0px;padding-right:0px;padding-bottom:0px;padding-left:0px;flex-basis:20%\">\n<!-- START Kaya QR Code Generator --><div class=\"wpkqcg_qrcode_wrapper\"><input type=\"hidden\" id=\"wpkqcg_qrcode_outputimg_6669d6e5d61b65925_ecclevel\" value=\"L\" \/><input type=\"hidden\" id=\"wpkqcg_qrcode_outputimg_6669d6e5d61b65925_size\" value=\"\" \/><input type=\"hidden\" id=\"wpkqcg_qrcode_outputimg_6669d6e5d61b65925_color\" value=\"\" \/><input type=\"hidden\" id=\"wpkqcg_qrcode_outputimg_6669d6e5d61b65925_bgcolor\" value=\"\" \/><input type=\"hidden\" id=\"wpkqcg_qrcode_outputimg_6669d6e5d61b65925_content\" value=\"https:\/\/2022.robocupjunior.eu\/rcj\/index.php\/wp-json\/wp\/v2\/pages\/291\" \/><img decoding=\"async\" src=\"\" id=\"wpkqcg_qrcode_outputimg_6669d6e5d61b65925\" alt=\"QR Code\" class=\"wpkqcg_qrcode\" style=\"width: auto; height: auto; max-width: 100%;\" ><div style=\"clear: none;\"><\/div><\/div><!-- END Kaya QR Code Generator -->\n<\/div>\n<\/div>\n\n\n<h2 class=\"wp-block-post-title\">Prisma de Luz<\/h2>\n\n\n<p>A luz \u00e9 composta por um espectro de cores, cada uma com a sua pr\u00f3pria frequ\u00eancia. Usar um prisma para dividir a luz \u00e9 uma t\u00e9cnica muito usada para perceber o espectro de cores.<\/p>\n\n\n\n<p>Um prisma \u00e9 um vidro triangular ou bloco de perspex que divide a luz nas suas cores elementares.<\/p>\n\n\n\n<p>A luz \u00e9 refratada quando entra num prisma. Cada cor do espectro \u00e9 refratada de forma diferente, fazendo com que as cores sejam distribu\u00eddas (espalhadas) e vis\u00edveis separadamente.<\/p>\n\n\n\n<p>Um prisma \u00e9 uma excelente ajuda visual para demonstrar que a luz branca \u00e9 composta de sete cores distintas.<\/p>\n\n\n\n<p><strong>Componentes:<\/strong><\/p>\n\n\n\n<ul class=\"wp-block-list\"><li>Cart\u00e3o escuro<\/li><li>Folha branca<\/li><li>Prisma<\/li><\/ul>\n\n\n\n<h2 class=\"wp-block-heading\">Princ\u00edpio de Funcionamento:<\/h2>\n\n\n\n<p>Um prisma \u00e9 uma pe\u00e7a transparente de vidro ou outro material com \u00e2ngulos precisos e faces planas que pode ser usado para analisar e refletir a luz. Um prisma triangular simples pode separar a luz branca nas v\u00e1rias cores que a comp\u00f5em, o que \u00e9 chamado de espectro. O vidro diminui a velocidade da luz e afecta algumas cores mais que outras dependendo do comprimento de onda. Os comprimentos de onda mais curtos (aqueles em dire\u00e7\u00e3o \u00e0 extremidade violeta do espectro) s\u00e3o mais desvidados (refractados), enquanto os comprimentos de onda mais longos (aqueles em dire\u00e7\u00e3o \u00e0 extremidade vermelha do espectro) s\u00e3o menos desviados pelo prisma. Esse tipo de prisma \u00e9 encontrado em espectrosc\u00f3pios, que s\u00e3o ferramentas usadas para analisar a luz e determinar a identidade e a estrutura dos materiais que emitem ou absorvem a luz.<\/p>\n\n\n\n<p>Quando a luz branca passa por um prisma, ela \u00e9 refletida, ou refratada, e separada nos seus comprimentos de onda constituintes. Cada comprimento de onda de luz tem uma cor distinta e refracta-se com um \u00e2ngulo diferente. Vermelho, laranja, amarelo, verde, azul, anil e violeta s\u00e3o as cores da luz branca que emergem sempre na mesma sequ\u00eancia atrav\u00e9s de um prisma.<\/p>\n\n\n\n<p>A reflex\u00e3o interna permite que os prismas invertam a dire\u00e7\u00e3o da luz, tornando-os \u00fateis em bin\u00f3culos.<\/p>\n\n\n\n<h2 class=\"wp-block-heading\">Instru\u00e7\u00f5es:<\/h2>\n\n\n\n<ol class=\"wp-block-list\"><li>Coloque a folha de papel branca na mesa<\/li><li>Fa\u00e7a um corte no cart\u00e3o escuro e coloque-o de forma que um pequeno raio de luz brilhe atrav\u00e9s dele.<\/li><li>Coloque o prisma na frente da luz e gire-o at\u00e9 que a luz se dividida no espectro de cores. A luz branca que entra no prisma \u00e9 uma mistura de frequ\u00eancias distintas que s\u00e3o refratadas de forma diferente atrav\u00e9s do prisma e podem ser vistas independentemente.<\/li><\/ol>\n\n\n\n<h2 class=\"wp-block-heading\">Links:<\/h2>\n\n\n\n<p><a href=\"https:\/\/ndla.no\/subject:1:f18b0daa-6507-4025-8998-b8a11c8ccc70\/topic:5:dbc23651-7216-4610-bc38-dde58f013724\/topic:3:2fc22d3b-beb8-45cf-9c14-a409d36190ff\/resource:75d9ea4f-d05b-4e34-864b-4f24336cbfaf\">https:\/\/ndla.no\/subject:1:f18b0daa-6507-4025-8998-b8a11c8ccc70\/topic:5:dbc23651-7216-4610-bc38-dde58f013724\/topic:3:2fc22d3b-beb8-45cf-9c14-a409d36190ff\/resource:75d9ea4f-d05b-4e34-864b-4f24336cbfaf<\/a><\/p>\n\n\n\n<p><a href=\"https:\/\/www.britannica.com\/technology\/prism-optics\">https:\/\/www.britannica.com\/technology\/prism-optics<\/a><\/p>\n\n\n\n<p><a href=\"https:\/\/www.science-sparks.com\/rainbow-with-a-prism\/\">https:\/\/www.science-sparks.com\/rainbow-with-a-prism\/<\/a><\/p>\n\n\n\n<figure class=\"wp-block-embed is-type-video is-provider-youtube wp-block-embed-youtube wp-embed-aspect-4-3 wp-has-aspect-ratio\"><div class=\"wp-block-embed__wrapper\">\nhttps:\/\/www.youtube.com\/watch?v=l_S6IWV1FyY\n<\/div><\/figure>\n\n\n\n<figure class=\"wp-block-embed is-type-video is-provider-youtube wp-block-embed-youtube wp-embed-aspect-16-9 wp-has-aspect-ratio\"><div class=\"wp-block-embed__wrapper\">\n<iframe loading=\"lazy\" title=\"Newton&#039;s Prism Experiment\" width=\"500\" height=\"281\" src=\"https:\/\/www.youtube.com\/embed\/uucYGK_Ymp0?feature=oembed\" frameborder=\"0\" allow=\"accelerometer; autoplay; clipboard-write; encrypted-media; gyroscope; picture-in-picture; web-share\" referrerpolicy=\"strict-origin-when-cross-origin\" allowfullscreen><\/iframe>\n<\/div><\/figure>\n\n\n\n<figure class=\"wp-block-embed is-type-video is-provider-youtube wp-block-embed-youtube wp-embed-aspect-16-9 wp-has-aspect-ratio\"><div class=\"wp-block-embed__wrapper\">\n<iframe loading=\"lazy\" title=\"ABC Zoom - Refraction: why glass prisms bend and separate light\" width=\"500\" height=\"281\" src=\"https:\/\/www.youtube.com\/embed\/Aggi0g67uXM?feature=oembed\" frameborder=\"0\" allow=\"accelerometer; autoplay; clipboard-write; encrypted-media; gyroscope; picture-in-picture; web-share\" referrerpolicy=\"strict-origin-when-cross-origin\" allowfullscreen><\/iframe>\n<\/div><\/figure>\n","protected":false},"excerpt":{"rendered":"<p>A luz \u00e9 composta por um espectro de cores, cada uma com a sua pr\u00f3pria frequ\u00eancia. Usar um prisma para dividir a luz \u00e9 uma t\u00e9cnica muito usada para perceber o espectro de cores. Um prisma \u00e9 um vidro triangular ou bloco de perspex que divide a luz nas suas cores elementares. A luz \u00e9 [&hellip;]<\/p>\n","protected":false},"author":2,"featured_media":289,"parent":231,"menu_order":0,"comment_status":"closed","ping_status":"closed","template":"","meta":{"footnotes":""},"class_list":["post-291","page","type-page","status-publish","has-post-thumbnail","hentry"],"_links":{"self":[{"href":"https:\/\/2022.robocupjunior.eu\/rcj\/index.php\/wp-json\/wp\/v2\/pages\/291","targetHints":{"allow":["GET"]}}],"collection":[{"href":"https:\/\/2022.robocupjunior.eu\/rcj\/index.php\/wp-json\/wp\/v2\/pages"}],"about":[{"href":"https:\/\/2022.robocupjunior.eu\/rcj\/index.php\/wp-json\/wp\/v2\/types\/page"}],"author":[{"embeddable":true,"href":"https:\/\/2022.robocupjunior.eu\/rcj\/index.php\/wp-json\/wp\/v2\/users\/2"}],"replies":[{"embeddable":true,"href":"https:\/\/2022.robocupjunior.eu\/rcj\/index.php\/wp-json\/wp\/v2\/comments?post=291"}],"version-history":[{"count":4,"href":"https:\/\/2022.robocupjunior.eu\/rcj\/index.php\/wp-json\/wp\/v2\/pages\/291\/revisions"}],"predecessor-version":[{"id":909,"href":"https:\/\/2022.robocupjunior.eu\/rcj\/index.php\/wp-json\/wp\/v2\/pages\/291\/revisions\/909"}],"up":[{"embeddable":true,"href":"https:\/\/2022.robocupjunior.eu\/rcj\/index.php\/wp-json\/wp\/v2\/pages\/231"}],"wp:featuredmedia":[{"embeddable":true,"href":"https:\/\/2022.robocupjunior.eu\/rcj\/index.php\/wp-json\/wp\/v2\/media\/289"}],"wp:attachment":[{"href":"https:\/\/2022.robocupjunior.eu\/rcj\/index.php\/wp-json\/wp\/v2\/media?parent=291"}],"curies":[{"name":"wp","href":"https:\/\/api.w.org\/{rel}","templated":true}]}}