{"id":306,"date":"2022-03-07T22:40:00","date_gmt":"2022-03-07T22:40:00","guid":{"rendered":"https:\/\/2022.robocupjunior.eu\/rcj\/?page_id=306"},"modified":"2022-06-22T21:04:50","modified_gmt":"2022-06-22T21:04:50","slug":"filme-polarizador","status":"publish","type":"page","link":"https:\/\/2022.robocupjunior.eu\/rcj\/index.php\/oficinas\/luz-e-imagem\/filme-polarizador\/","title":{"rendered":"Filme Polarizador"},"content":{"rendered":"\n<div class=\"wp-block-columns is-layout-flex wp-container-core-columns-is-layout-28f84493 wp-block-columns-is-layout-flex\">\n<div class=\"wp-block-column is-layout-flow wp-block-column-is-layout-flow\" style=\"flex-basis:80%\"><figure class=\"wp-block-post-featured-image\"><img loading=\"lazy\" decoding=\"async\" width=\"970\" height=\"586\" src=\"https:\/\/2022.robocupjunior.eu\/rcj\/wp-content\/uploads\/2022\/03\/PolarizingFilm.jpg\" class=\"attachment-post-thumbnail size-post-thumbnail wp-post-image\" alt=\"\" style=\"object-fit:cover;\" srcset=\"https:\/\/2022.robocupjunior.eu\/rcj\/wp-content\/uploads\/2022\/03\/PolarizingFilm.jpg 970w, https:\/\/2022.robocupjunior.eu\/rcj\/wp-content\/uploads\/2022\/03\/PolarizingFilm-300x181.jpg 300w, https:\/\/2022.robocupjunior.eu\/rcj\/wp-content\/uploads\/2022\/03\/PolarizingFilm-768x464.jpg 768w\" sizes=\"auto, (max-width: 970px) 100vw, 970px\" \/><\/figure><\/div>\n\n\n\n<div class=\"wp-block-column is-layout-flow wp-block-column-is-layout-flow\" style=\"padding-top:0px;padding-right:0px;padding-bottom:0px;padding-left:0px;flex-basis:20%\">\n<!-- START Kaya QR Code Generator --><div class=\"wpkqcg_qrcode_wrapper\"><input type=\"hidden\" id=\"wpkqcg_qrcode_outputimg_7369d6e5cdf2cab1_ecclevel\" value=\"L\" \/><input type=\"hidden\" id=\"wpkqcg_qrcode_outputimg_7369d6e5cdf2cab1_size\" value=\"\" \/><input type=\"hidden\" id=\"wpkqcg_qrcode_outputimg_7369d6e5cdf2cab1_color\" value=\"\" \/><input type=\"hidden\" id=\"wpkqcg_qrcode_outputimg_7369d6e5cdf2cab1_bgcolor\" value=\"\" \/><input type=\"hidden\" id=\"wpkqcg_qrcode_outputimg_7369d6e5cdf2cab1_content\" value=\"https:\/\/2022.robocupjunior.eu\/rcj\/index.php\/wp-json\/wp\/v2\/pages\/306\" \/><img decoding=\"async\" src=\"\" id=\"wpkqcg_qrcode_outputimg_7369d6e5cdf2cab1\" alt=\"QR Code\" class=\"wpkqcg_qrcode\" style=\"width: auto; height: auto; max-width: 100%;\" ><div style=\"clear: none;\"><\/div><\/div><!-- END Kaya QR Code Generator -->\n<\/div>\n<\/div>\n\n\n<h2 class=\"wp-block-post-title\">Filme Polarizador<\/h2>\n\n\n<figure class=\"wp-block-embed is-type-video is-provider-youtube wp-block-embed-youtube wp-embed-aspect-16-9 wp-has-aspect-ratio\"><div class=\"wp-block-embed__wrapper\">\n<iframe loading=\"lazy\" title=\"Filme Polarizador\" width=\"500\" height=\"281\" src=\"https:\/\/www.youtube.com\/embed\/MNmUNr7yJ94?feature=oembed\" frameborder=\"0\" allow=\"accelerometer; autoplay; clipboard-write; encrypted-media; gyroscope; picture-in-picture; web-share\" referrerpolicy=\"strict-origin-when-cross-origin\" allowfullscreen><\/iframe>\n<\/div><\/figure>\n\n\n\n<p>Nos casos em que \u00e9 necess\u00e1ria a redu\u00e7\u00e3o do brilho devido \u00e0 luz refletida, um polarizador linear \u00e9 a escolha adequada. O emprego de um polarizador linear \u00e9 ben\u00e9fico para filtros de c\u00e2maras, \u00f3culos de sol e sistemas de vis\u00e3o por computador.<\/p>\n\n\n\n<p>A intensidade de uma fonte de luz tamb\u00e9m pode ser modulada usando um polarizador linear. Pode-se regular o brilho sobrepondo dois polarizadores um em cima do outro e girando um contra o outro. Encontram-se frequentemente em janelas de cabine de aeronaves e filtros de telesc\u00f3pio.<\/p>\n\n\n\n<p><strong>Componentes:<\/strong><\/p>\n\n\n\n<ul class=\"wp-block-list\"><li>Filme polarizador<\/li><li>Fonte de luz<\/li><\/ul>\n\n\n\n<h2 class=\"wp-block-heading\" id=\"Princ\u00edpio-de-Funcionamento:\">Princ\u00edpio de Funcionamento:<\/h2>\n\n\n\n<p>Um polarizador linear transmite luz num \u00fanico plano enquanto absorve luz no plano ortogonal. O padr\u00e3o de vibra\u00e7\u00e3o \u00e9 comumente usado para descrever um \u00fanico plano ou feixe de luz polarizada. A luz \u00e9 polarizada linearmente se as vibra\u00e7\u00f5es s\u00e3o apenas numa dire\u00e7\u00e3o.<\/p>\n\n\n\n<figure class=\"wp-block-image size-full\"><img loading=\"lazy\" decoding=\"async\" width=\"300\" height=\"250\" src=\"https:\/\/2022.robocupjunior.eu\/rcj\/wp-content\/uploads\/2022\/03\/linear-figure-1.webp\" alt=\"\" class=\"wp-image-302\"\/><\/figure>\n\n\n\n<p>Os dois eixos s\u00e3o denominados transmissor e absorvente. O &#8220;eixo de polariza\u00e7\u00e3o&#8221; \u00e9 o termo usado para descrever o eixo de transmiss\u00e3o. Dependendo do grau de polarizador empregado (par\u00e2metros de transmiss\u00e3o) e dos requisitos de polariza\u00e7\u00e3o, a luz que passa por um \u00fanico polarizador perde pelo menos 50% da sua transmiss\u00e3o.<\/p>\n\n\n\n<p>Quando dois eixos polarizadores lineares s\u00e3o dispostos 90 graus um em rela\u00e7\u00e3o ao outro, a luz \u00e9 quase completamente bloqueada ou cancelada.<\/p>\n\n\n\n<figure class=\"wp-block-image size-full\"><img loading=\"lazy\" decoding=\"async\" width=\"400\" height=\"250\" src=\"https:\/\/2022.robocupjunior.eu\/rcj\/wp-content\/uploads\/2022\/03\/linear-figure-2.webp\" alt=\"\" class=\"wp-image-303\" srcset=\"https:\/\/2022.robocupjunior.eu\/rcj\/wp-content\/uploads\/2022\/03\/linear-figure-2.webp 400w, https:\/\/2022.robocupjunior.eu\/rcj\/wp-content\/uploads\/2022\/03\/linear-figure-2-300x188.webp 300w\" sizes=\"auto, (max-width: 400px) 100vw, 400px\" \/><\/figure>\n\n\n\n<p>Isso \u00e9 conhecido como extin\u00e7\u00e3o. A efici\u00eancia de um polarizador \u00e9 definida como a raz\u00e3o de transmiss\u00e3o entre dois polarizadores com eixos paralelos e eixos cruzados. Aumentar a transmiss\u00e3o n\u00e3o significa aumentar a efici\u00eancia, pois a extin\u00e7\u00e3o pode ser comprometida. A efici\u00eancia de um filtro polarizado \u00e9 ent\u00e3o medida pelos fatores de transmiss\u00e3o e extin\u00e7\u00e3o.<\/p>\n\n\n\n<p><strong>M\u00e9todos de produ\u00e7\u00e3o de luz polarizada linear<\/strong><\/p>\n\n\n\n<p>A luz linearmente polarizada pode ser criada de v\u00e1rias maneiras. Existem tr\u00eas mecanismos que s\u00e3o bem conhecidos:<\/p>\n\n\n\n<ol class=\"wp-block-list\"><li>Dupla refra\u00e7\u00e3o ou birrefring\u00eancia<\/li><li>Reflex\u00e3o<\/li><li>Dicro\u00edsmo<\/li><\/ol>\n\n\n\n<p>A seguir, um resumo r\u00e1pido dos v\u00e1rios m\u00e9todos.<\/p>\n\n\n\n<p><strong>Polarizadores birrefringentes ou polarizadores de dupla refra\u00e7\u00e3o<\/strong><\/p>\n\n\n\n<p>Cristais naturais como calcita e quartzo podem dividir um \u00fanico feixe de luz n\u00e3o polarizado em dois feixes polarizados distintos de igual intensidade. \u00c9 poss\u00edvel criar um polarizador linear muito eficiente separando os dois feixes polarizados.<\/p>\n\n\n\n<p><strong>Polarizadores de reflex\u00e3o<\/strong><\/p>\n\n\n\n<p>O feixe refletido (S) ser\u00e1 parcial ou totalmente polarizado linearmente se um \u00fanico feixe de luz n\u00e3o polarizada atingir uma superf\u00edcie plana, lisa e n\u00e3o met\u00e1lica com um determinado \u00e2ngulo. O grau de polariza\u00e7\u00e3o \u00e9 determinado pelo \u00e2ngulo de incid\u00eancia e \u00edndice de refra\u00e7\u00e3o da superf\u00edcie refletora. A polariza\u00e7\u00e3o ou \u00e2ngulo de Brewster \u00e9 o \u00e2ngulo em que o grau de polariza\u00e7\u00e3o \u00e9 de 100%.<\/p>\n\n\n\n<p><strong>Polarizadores absortivos dicr\u00f3icos<\/strong><\/p>\n\n\n\n<p>Polarizadores dicr\u00f3icos s\u00e3o usados \u200b\u200bem APIs e na maioria dos polarizadores comerciais. Dicro\u00edsmo \u00e9 a capacidade de absorver a luz que \u00e9 polarizada numa dire\u00e7\u00e3o espec\u00edfica. Um eixo de absor\u00e7\u00e3o e transmiss\u00e3o indicado pode ser encontrado num polarizador linear dicr\u00f3ico. &#8220;Eixo de polariza\u00e7\u00e3o&#8221; \u00e9 outro nome para o eixo de transmiss\u00e3o. O material polarizador dicr\u00f3ico mais popular \u00e9 o \u00e1lcool polivin\u00edlico (PVA).<\/p>\n\n\n\n<h2 class=\"wp-block-heading\" id=\"Instru\u00e7\u00f5es:\">Instru\u00e7\u00f5es:<\/h2>\n\n\n\n<ol class=\"wp-block-list\"><li>Coloque um filtro polarizador na frente da fonte de luz e verifique se a luz alinhada com o eixo de polariza\u00e7\u00e3o passa. Pode n\u00e3o notar nenhuma diferen\u00e7a com e sem o filtro mas a quantidade de luz \u00e9 reduzida em cerca de 50%.<\/li><li>Coloque um segundo filtro polarizador na frente e alinhado com o primeiro. Note que a luz ainda passa.<\/li><li>Agora gire o segundo filtro polarizador 90 graus e verifique que nenhuma luz passa pelos dois filtros.<\/li><li>Tente adicionar um terceiro filtro entre os filtros um e dois. Experimente colocar o filtro em \u00e2ngulos diferentes. O que observa? Consegue explicar?<\/li><\/ol>\n\n\n\n<h2 class=\"wp-block-heading\">Links:<\/h2>\n\n\n\n<p><a href=\"https:\/\/www.apioptics.com\/about-api\/resources\/visible-light-linear-polarizer\/#:~:text=A%20linear%20polarizer%20transmits%20light,polarized%20(See%20Figure%201).\">Polarizer | How it Works &#8211; Visible Light Linear Polarizers<\/a><\/p>\n\n\n\n<p><a href=\"https:\/\/www.youtube.com\/watch?v=mB3_d6wiKfs\">How Polarizers Work | Polarizing Filters Tutorial<\/a><\/p>\n\n\n\n<p><a href=\"https:\/\/www.youtube.com\/watch?v=MhhHPOxTUy8\">Polarization and Polarizers<\/a><\/p>\n\n\n\n<p><a href=\"https:\/\/www.youtube.com\/watch?v=m8hQ2un6nqw\">How polarising filters work? | Polarization of light | Floatheadphysics<\/a><\/p>\n\n\n\n<p><a href=\"https:\/\/www.scienceworld.ca\/resource\/polarizing-filters\/\">Polarizing Filters &#8211; Science World<\/a><\/p>\n\n\n\n<p><a href=\"https:\/\/en.wikipedia.org\/wiki\/Polarizer\">Polarizer<\/a><\/p>\n","protected":false},"excerpt":{"rendered":"<p>Nos casos em que \u00e9 necess\u00e1ria a redu\u00e7\u00e3o do brilho devido \u00e0 luz refletida, um polarizador linear \u00e9 a escolha adequada. O emprego de um polarizador linear \u00e9 ben\u00e9fico para filtros de c\u00e2maras, \u00f3culos de sol e sistemas de vis\u00e3o por computador. A intensidade de uma fonte de luz tamb\u00e9m pode ser modulada usando um [&hellip;]<\/p>\n","protected":false},"author":2,"featured_media":304,"parent":231,"menu_order":0,"comment_status":"closed","ping_status":"closed","template":"","meta":{"footnotes":""},"class_list":["post-306","page","type-page","status-publish","has-post-thumbnail","hentry"],"_links":{"self":[{"href":"https:\/\/2022.robocupjunior.eu\/rcj\/index.php\/wp-json\/wp\/v2\/pages\/306","targetHints":{"allow":["GET"]}}],"collection":[{"href":"https:\/\/2022.robocupjunior.eu\/rcj\/index.php\/wp-json\/wp\/v2\/pages"}],"about":[{"href":"https:\/\/2022.robocupjunior.eu\/rcj\/index.php\/wp-json\/wp\/v2\/types\/page"}],"author":[{"embeddable":true,"href":"https:\/\/2022.robocupjunior.eu\/rcj\/index.php\/wp-json\/wp\/v2\/users\/2"}],"replies":[{"embeddable":true,"href":"https:\/\/2022.robocupjunior.eu\/rcj\/index.php\/wp-json\/wp\/v2\/comments?post=306"}],"version-history":[{"count":6,"href":"https:\/\/2022.robocupjunior.eu\/rcj\/index.php\/wp-json\/wp\/v2\/pages\/306\/revisions"}],"predecessor-version":[{"id":1008,"href":"https:\/\/2022.robocupjunior.eu\/rcj\/index.php\/wp-json\/wp\/v2\/pages\/306\/revisions\/1008"}],"up":[{"embeddable":true,"href":"https:\/\/2022.robocupjunior.eu\/rcj\/index.php\/wp-json\/wp\/v2\/pages\/231"}],"wp:featuredmedia":[{"embeddable":true,"href":"https:\/\/2022.robocupjunior.eu\/rcj\/index.php\/wp-json\/wp\/v2\/media\/304"}],"wp:attachment":[{"href":"https:\/\/2022.robocupjunior.eu\/rcj\/index.php\/wp-json\/wp\/v2\/media?parent=306"}],"curies":[{"name":"wp","href":"https:\/\/api.w.org\/{rel}","templated":true}]}}