{"id":312,"date":"2022-03-08T23:25:21","date_gmt":"2022-03-08T23:25:21","guid":{"rendered":"https:\/\/2022.robocupjunior.eu\/rcj\/?page_id=312"},"modified":"2022-05-31T17:38:44","modified_gmt":"2022-05-31T17:38:44","slug":"filme-visualizador-de-campo-magnetico","status":"publish","type":"page","link":"https:\/\/2022.robocupjunior.eu\/rcj\/index.php\/oficinas\/magnetismo\/filme-visualizador-de-campo-magnetico\/","title":{"rendered":"Filme Visualizador de Campo Magnetico"},"content":{"rendered":"\n<div class=\"wp-block-columns is-layout-flex wp-container-core-columns-is-layout-28f84493 wp-block-columns-is-layout-flex\">\n<div class=\"wp-block-column is-layout-flow wp-block-column-is-layout-flow\" style=\"flex-basis:80%\"><figure class=\"wp-block-post-featured-image\"><img loading=\"lazy\" decoding=\"async\" width=\"500\" height=\"500\" src=\"https:\/\/2022.robocupjunior.eu\/rcj\/wp-content\/uploads\/2022\/03\/Magnetismo.jpg\" class=\"attachment-post-thumbnail size-post-thumbnail wp-post-image\" alt=\"\" style=\"object-fit:cover;\" srcset=\"https:\/\/2022.robocupjunior.eu\/rcj\/wp-content\/uploads\/2022\/03\/Magnetismo.jpg 500w, https:\/\/2022.robocupjunior.eu\/rcj\/wp-content\/uploads\/2022\/03\/Magnetismo-300x300.jpg 300w, https:\/\/2022.robocupjunior.eu\/rcj\/wp-content\/uploads\/2022\/03\/Magnetismo-150x150.jpg 150w\" sizes=\"auto, (max-width: 500px) 100vw, 500px\" \/><\/figure><\/div>\n\n\n\n<div class=\"wp-block-column is-layout-flow wp-block-column-is-layout-flow\" style=\"padding-top:0px;padding-right:0px;padding-bottom:0px;padding-left:0px;flex-basis:20%\">\n<!-- START Kaya QR Code Generator --><div class=\"wpkqcg_qrcode_wrapper\"><input type=\"hidden\" id=\"wpkqcg_qrcode_outputimg_2269d6e65288e6568_ecclevel\" value=\"L\" \/><input type=\"hidden\" id=\"wpkqcg_qrcode_outputimg_2269d6e65288e6568_size\" value=\"\" \/><input type=\"hidden\" id=\"wpkqcg_qrcode_outputimg_2269d6e65288e6568_color\" value=\"\" \/><input type=\"hidden\" id=\"wpkqcg_qrcode_outputimg_2269d6e65288e6568_bgcolor\" value=\"\" \/><input type=\"hidden\" id=\"wpkqcg_qrcode_outputimg_2269d6e65288e6568_content\" value=\"https:\/\/2022.robocupjunior.eu\/rcj\/index.php\/wp-json\/wp\/v2\/pages\/312\" \/><img decoding=\"async\" src=\"\" id=\"wpkqcg_qrcode_outputimg_2269d6e65288e6568\" alt=\"QR Code\" class=\"wpkqcg_qrcode\" style=\"width: auto; height: auto; max-width: 100%;\" ><div style=\"clear: none;\"><\/div><\/div><!-- END Kaya QR Code Generator -->\n<\/div>\n<\/div>\n\n\n<h2 class=\"wp-block-post-title\">Filme Visualizador de Campo Magnetico<\/h2>\n\n\n<p>O magnetismo \u00e9 sem d\u00favida um dos fen\u00f3menos mais enigm\u00e1ticos do mundo material; os seus poderes invis\u00edveis de atrac\u00e7\u00e3o e repuls\u00e3o fascinam-nos e cativam-nos, independentemente da nossa idade. O campo magn\u00e9tico \u00e9 a \u00e1rea de influ\u00eancia magn\u00e9tica que envolve um \u00edman. Embora os campos magn\u00e9ticos sejam invis\u00edveis a olho nu, h\u00e1 uma variedade de t\u00e9cnicas para os &#8216;ver&#8217;.<\/p>\n\n\n\n<p>O filme de visualiza\u00e7\u00e3o do campo magn\u00e9tico \u00e9 um filme verde transparente que permite ver os campos magn\u00e9ticos e os padr\u00f5es dos p\u00f3los num \u00edman ou conjunto magn\u00e9tico.<\/p>\n\n\n\n<p><strong>Componentes:<\/strong><\/p>\n\n\n\n<ul class=\"wp-block-list\"><li>\u00cdmanes<\/li><li>Filme Magn\u00e9tico<\/li><\/ul>\n\n\n\n<h2 class=\"wp-block-heading\" id=\"Princ\u00edpio-de-funcionamento:\">Princ\u00edpio de funcionamento:<\/h2>\n\n\n\n<p>A pel\u00edcula magn\u00e9tica \u00e9 uma fina folha transl\u00facida e flex\u00edvel revestida com flocos de n\u00edquel contidos em \u00f3leo em microc\u00e1psulas. Quando um campo magn\u00e9tico est\u00e1 presente, os flocos no interior das esferas alinham-se ao longo das linhas do campo. Devido \u00e0 luz reflectida dos flocos, o alinhamento dos flocos, e consequentemente a direc\u00e7\u00e3o do campo magn\u00e9tico, pode ser visto.<\/p>\n\n\n\n<p>O filme \u00e9 eficaz para examinar a complexa geometria dos p\u00f3los magn\u00e9ticos, mas apenas responde a campos magn\u00e9ticos fortes; para campos magn\u00e9ticos fracos ou em r\u00e1pida mudan\u00e7a, devem ser utilizadas outras abordagens.<\/p>\n\n\n\n<p>Este filme pode ser utilizado para controlo de qualidade, demonstra\u00e7\u00f5es de produtos, engenharia reversa e ensino.<\/p>\n\n\n\n<p>As superf\u00edcies dos flocos s\u00e3o reflectoras e parecem brilhantes quando as linhas magn\u00e9ticas de for\u00e7a s\u00e3o paralelas \u00e0 superf\u00edcie da folha. Os flocos parecem substancialmente mais escuros quando as linhas de for\u00e7a s\u00e3o perpendiculares \u00e0 folha. Quando a pel\u00edcula \u00e9 colocada no p\u00f3lo de um \u00edman, torna-se mais escura.<\/p>\n\n\n\n<figure class=\"wp-block-image size-large\"><img loading=\"lazy\" decoding=\"async\" width=\"1024\" height=\"682\" src=\"https:\/\/2022.robocupjunior.eu\/rcj\/wp-content\/uploads\/2022\/03\/mag2-1024x682.jpg\" alt=\"\" class=\"wp-image-309\" srcset=\"https:\/\/2022.robocupjunior.eu\/rcj\/wp-content\/uploads\/2022\/03\/mag2-1024x682.jpg 1024w, https:\/\/2022.robocupjunior.eu\/rcj\/wp-content\/uploads\/2022\/03\/mag2-300x200.jpg 300w, https:\/\/2022.robocupjunior.eu\/rcj\/wp-content\/uploads\/2022\/03\/mag2-768x512.jpg 768w, https:\/\/2022.robocupjunior.eu\/rcj\/wp-content\/uploads\/2022\/03\/mag2-1536x1023.jpg 1536w, https:\/\/2022.robocupjunior.eu\/rcj\/wp-content\/uploads\/2022\/03\/mag2.jpg 1600w\" sizes=\"auto, (max-width: 1024px) 100vw, 1024px\" \/><\/figure>\n\n\n\n<p>Os p\u00f3los por polegada de um \u00edman podem ser medidos utilizando uma pel\u00edcula de observa\u00e7\u00e3o do campo magn\u00e9tico e uma r\u00e9gua.<\/p>\n\n\n\n<p>Embora os humanos n\u00e3o tenham forma de detectar campos magn\u00e9ticos, muitos animais, tais como aves migrat\u00f3rias, golfinhos, baleias e abelhas, s\u00e3o sens\u00edveis ao campo magn\u00e9tico da Terra.<\/p>\n\n\n\n<p>Os campos magn\u00e9ticos foram aproveitados para tecnologias cr\u00edticas gra\u00e7as \u00e0 nossa compreens\u00e3o dos mesmos. A b\u00fassola de lodestone foi o primeiro exemplo disto, uma rocha de magnetite (um mineral de ferro natural, Fe<sub>3<\/sub>O<sub>4<\/sub>) que se alinha com o campo magn\u00e9tico da Terra. Os campos magn\u00e9ticos m\u00f3veis s\u00e3o agora utilizados para gerar corrente el\u00e9ctrica tanto em motores el\u00e9ctricos como em geradores. Esta interac\u00e7\u00e3o entre campo magn\u00e9tico e bobina met\u00e1lica \u00e9 tamb\u00e9m importante no funcionamento de microfones e altifalantes.<\/p>\n\n\n\n<h2 class=\"wp-block-heading\" id=\"Instru\u00e7\u00f5es:\">Instru\u00e7\u00f5es:<\/h2>\n\n\n\n<ol class=\"wp-block-list\"><li>Para revelar o campo magn\u00e9tico de qualquer forma ou padr\u00e3o, coloque a pel\u00edcula flex\u00edvel directamente sobre a superf\u00edcie do material magn\u00e9tico.<\/li><li>Um p\u00f3lo magn\u00e9tico \u00e9 indicado por manchas escuras, enquanto a linha da fronteira entre os p\u00f3los opostos \u00e9 indicada por linhas de cor clara.<\/li><li>A pel\u00edcula de observa\u00e7\u00e3o do campo magn\u00e9tico pode ser enrolada para se adaptar \u00e0 forma do \u00edman a ser examinado.<\/li><\/ol>\n\n\n\n<h2 class=\"wp-block-heading\">Links:<\/h2>\n\n\n\n<p><a href=\"https:\/\/en.wikipedia.org\/wiki\/Magnetic_field_viewing_film\">Magnetic field viewing film<\/a><\/p>\n\n\n\n<p><a href=\"https:\/\/www.youtube.com\/watch?v=KFr5GmViLug\">Playing with: Magnetic Field Viewing Film<\/a><\/p>\n\n\n\n<p><a href=\"https:\/\/www.youtube.com\/watch?v=slVL5nbTXd4\">Magnetic Viewing Film &#8211; How it Works\/Demos<\/a><\/p>\n\n\n\n<p><a href=\"https:\/\/www.youtube.com\/watch?v=AMggixEu0q0\">Magnetic Viewing Film, Looking at Zen Magnets<\/a><\/p>\n\n\n\n<p><a href=\"https:\/\/www.magnetshop.com\/magnet-accessories\/magnetic-field-viewing-film.html#1\">Magnetic Film | Magnetic Field Viewing Film<\/a><\/p>\n\n\n\n<p><a href=\"https:\/\/www.timstar.co.uk\/ma150400-magnetic-field-viewing-film.html\">https:\/\/www.timstar.co.uk\/ma150400-magnetic-field-viewing-film.html<\/a><\/p>\n\n\n\n<p><a href=\"https:\/\/www.instituteofmaking.org.uk\/materials-library\/material\/magnetic-field-viewing-film\">Magnetic Field Viewing Film &#8211; Materials &#8211; Materials Library<\/a><\/p>\n\n\n\n<p><a href=\"https:\/\/magnametals.co.uk\/products\/magnetic-field-view-film\">Magnetic Field View Film<\/a><\/p>\n\n\n\n<p><a href=\"https:\/\/www.goudsmitmagnets.com\/en\/solutions\/accessories\/magnetic-field-meters\/magnetic-viewing-film.html\">Magnetic viewing film: visualizes magnetic poles | Goudsmit Magnetics<\/a><\/p>\n\n\n\n<p><a href=\"https:\/\/www.teachersource.com\/product\/magnetic-field-viewer-film\">Magnetic Field Viewer Film<\/a><\/p>\n","protected":false},"excerpt":{"rendered":"<p>O magnetismo \u00e9 sem d\u00favida um dos fen\u00f3menos mais enigm\u00e1ticos do mundo material; os seus poderes invis\u00edveis de atrac\u00e7\u00e3o e repuls\u00e3o fascinam-nos e cativam-nos, independentemente da nossa idade. O campo magn\u00e9tico \u00e9 a \u00e1rea de influ\u00eancia magn\u00e9tica que envolve um \u00edman. Embora os campos magn\u00e9ticos sejam invis\u00edveis a olho nu, h\u00e1 uma variedade de t\u00e9cnicas [&hellip;]<\/p>\n","protected":false},"author":2,"featured_media":310,"parent":235,"menu_order":0,"comment_status":"closed","ping_status":"closed","template":"","meta":{"footnotes":""},"class_list":["post-312","page","type-page","status-publish","has-post-thumbnail","hentry"],"_links":{"self":[{"href":"https:\/\/2022.robocupjunior.eu\/rcj\/index.php\/wp-json\/wp\/v2\/pages\/312","targetHints":{"allow":["GET"]}}],"collection":[{"href":"https:\/\/2022.robocupjunior.eu\/rcj\/index.php\/wp-json\/wp\/v2\/pages"}],"about":[{"href":"https:\/\/2022.robocupjunior.eu\/rcj\/index.php\/wp-json\/wp\/v2\/types\/page"}],"author":[{"embeddable":true,"href":"https:\/\/2022.robocupjunior.eu\/rcj\/index.php\/wp-json\/wp\/v2\/users\/2"}],"replies":[{"embeddable":true,"href":"https:\/\/2022.robocupjunior.eu\/rcj\/index.php\/wp-json\/wp\/v2\/comments?post=312"}],"version-history":[{"count":5,"href":"https:\/\/2022.robocupjunior.eu\/rcj\/index.php\/wp-json\/wp\/v2\/pages\/312\/revisions"}],"predecessor-version":[{"id":919,"href":"https:\/\/2022.robocupjunior.eu\/rcj\/index.php\/wp-json\/wp\/v2\/pages\/312\/revisions\/919"}],"up":[{"embeddable":true,"href":"https:\/\/2022.robocupjunior.eu\/rcj\/index.php\/wp-json\/wp\/v2\/pages\/235"}],"wp:featuredmedia":[{"embeddable":true,"href":"https:\/\/2022.robocupjunior.eu\/rcj\/index.php\/wp-json\/wp\/v2\/media\/310"}],"wp:attachment":[{"href":"https:\/\/2022.robocupjunior.eu\/rcj\/index.php\/wp-json\/wp\/v2\/media?parent=312"}],"curies":[{"name":"wp","href":"https:\/\/api.w.org\/{rel}","templated":true}]}}