{"id":320,"date":"2022-03-09T23:51:12","date_gmt":"2022-03-09T23:51:12","guid":{"rendered":"https:\/\/2022.robocupjunior.eu\/rcj\/?page_id=320"},"modified":"2022-06-22T20:56:49","modified_gmt":"2022-06-22T20:56:49","slug":"kit-diferencial","status":"publish","type":"page","link":"https:\/\/2022.robocupjunior.eu\/rcj\/index.php\/oficinas\/mecanica\/kit-diferencial\/","title":{"rendered":"Kit Diferencial"},"content":{"rendered":"\n<div class=\"wp-block-columns is-layout-flex wp-container-core-columns-is-layout-28f84493 wp-block-columns-is-layout-flex\">\n<div class=\"wp-block-column is-layout-flow wp-block-column-is-layout-flow\" style=\"flex-basis:80%\"><figure class=\"wp-block-post-featured-image\"><img loading=\"lazy\" decoding=\"async\" width=\"994\" height=\"929\" src=\"https:\/\/2022.robocupjunior.eu\/rcj\/wp-content\/uploads\/2022\/03\/Diff_kit.jpg\" class=\"attachment-post-thumbnail size-post-thumbnail wp-post-image\" alt=\"\" style=\"object-fit:cover;\" srcset=\"https:\/\/2022.robocupjunior.eu\/rcj\/wp-content\/uploads\/2022\/03\/Diff_kit.jpg 994w, https:\/\/2022.robocupjunior.eu\/rcj\/wp-content\/uploads\/2022\/03\/Diff_kit-300x280.jpg 300w, https:\/\/2022.robocupjunior.eu\/rcj\/wp-content\/uploads\/2022\/03\/Diff_kit-768x718.jpg 768w\" sizes=\"auto, (max-width: 994px) 100vw, 994px\" \/><\/figure><\/div>\n\n\n\n<div class=\"wp-block-column is-layout-flow wp-block-column-is-layout-flow\" style=\"padding-top:0px;padding-right:0px;padding-bottom:0px;padding-left:0px;flex-basis:20%\">\n<!-- START Kaya QR Code Generator --><div class=\"wpkqcg_qrcode_wrapper\"><input type=\"hidden\" id=\"wpkqcg_qrcode_outputimg_3769d6e58106a6232_ecclevel\" value=\"L\" \/><input type=\"hidden\" id=\"wpkqcg_qrcode_outputimg_3769d6e58106a6232_size\" value=\"\" \/><input type=\"hidden\" id=\"wpkqcg_qrcode_outputimg_3769d6e58106a6232_color\" value=\"\" \/><input type=\"hidden\" id=\"wpkqcg_qrcode_outputimg_3769d6e58106a6232_bgcolor\" value=\"\" \/><input type=\"hidden\" id=\"wpkqcg_qrcode_outputimg_3769d6e58106a6232_content\" value=\"https:\/\/2022.robocupjunior.eu\/rcj\/index.php\/wp-json\/wp\/v2\/pages\/320\" \/><img decoding=\"async\" src=\"\" id=\"wpkqcg_qrcode_outputimg_3769d6e58106a6232\" alt=\"QR Code\" class=\"wpkqcg_qrcode\" style=\"width: auto; height: auto; max-width: 100%;\" ><div style=\"clear: none;\"><\/div><\/div><!-- END Kaya QR Code Generator -->\n<\/div>\n<\/div>\n\n\n<h2 class=\"wp-block-post-title\">Kit Diferencial<\/h2>\n\n\n<figure class=\"wp-block-embed is-type-video is-provider-youtube wp-block-embed-youtube wp-embed-aspect-16-9 wp-has-aspect-ratio\"><div class=\"wp-block-embed__wrapper\">\nhttps:\/\/youtu.be\/LaGkjcosX54\n<\/div><\/figure>\n\n\n\n<p>O diferencial \u00e9 utilizado em autom\u00f3veis para permitir que as rodas girem a diferentes velocidades, permitindo ao mesmo tempo a transfer\u00eancia de energia para ambas as rodas. A outra fun\u00e7\u00e3o \u00e9 alterar a direc\u00e7\u00e3o do fluxo de pot\u00eancia em 90 graus.<\/p>\n\n\n\n<p>O kit diferencial \u00e9 um modelo estilizado e interactivo do mecanismo concebido apenas para compreender os princ\u00edpios b\u00e1sicos do funcionamento do mecanismo.<\/p>\n\n\n\n<p><strong>Componentes:<\/strong><\/p>\n\n\n\n<ul class=\"wp-block-list\"><li>O mecanismo de accionamento<\/li><li>A alavanca de fecho<\/li><li>A engrenagem lateral<\/li><li>A embraiagem de bloqueio<\/li><li>A roda<\/li><\/ul>\n\n\n\n<figure class=\"wp-block-image aligncenter size-full\"><img loading=\"lazy\" decoding=\"async\" width=\"438\" height=\"300\" src=\"https:\/\/2022.robocupjunior.eu\/rcj\/wp-content\/uploads\/2022\/03\/Differential_en2.png\" alt=\"\" class=\"wp-image-317\" srcset=\"https:\/\/2022.robocupjunior.eu\/rcj\/wp-content\/uploads\/2022\/03\/Differential_en2.png 438w, https:\/\/2022.robocupjunior.eu\/rcj\/wp-content\/uploads\/2022\/03\/Differential_en2-300x205.png 300w\" sizes=\"auto, (max-width: 438px) 100vw, 438px\" \/><\/figure>\n\n\n\n<h2 class=\"wp-block-heading\" id=\"Princ\u00edpio-de-funcionamento:\">Princ\u00edpio de funcionamento:<\/h2>\n\n\n\n<p>O diferencial foi criado para assegurar que as rodas motrizes no mesmo eixo girem a ritmos diferentes e cubram dist\u00e2ncias separadas. Este dispositivo permite que o autom\u00f3vel fa\u00e7a curvas sem que as rodas patinem, evita o deslizamento das rodas, minimiza o desgaste dos pneus e permite que o condutor entre e saia mais facilmente das curvas. Depois de montar o kit diferencial, empurre a alavanca para a posi\u00e7\u00e3o 1 (para cima) para o desbloquear e rode a engrenagem de trac\u00e7\u00e3o ou a roda para p\u00f4r ambas as rodas em movimento.<\/p>\n\n\n\n<p>Ao rodar a alavanca de Controlo para a esquerda ou para a direita, pode controlar o bloqueio das rodas esquerda e direita. Ambas as rodas s\u00e3o acopladas num acoplamento r\u00edgido na posi\u00e7\u00e3o &#8220;para baixo&#8221; da alavanca, e podem ou rodar juntas (accionadas pela mudan\u00e7a de velocidade ou por uma roda) ou bloquear simultaneamente (pela alavanca da roda).<\/p>\n\n\n\n<p><strong>Quando e por quem foi criado?<\/strong><\/p>\n\n\n\n<p>Em 1825, o engenheiro franc\u00eas Onesiphore Pecqueur concebeu o diferencial do ve\u00edculo. Ferdinand Porsche, um engenheiro autom\u00f3vel alem\u00e3o, melhorou significativamente a tecnologia na d\u00e9cada de 1930 do s\u00e9culo XX.<\/p>\n\n\n\n<p><strong>Utiliza\u00e7\u00e3o<\/strong><\/p>\n\n\n\n<p>Os diferenciais s\u00e3o principalmente empregues em autom\u00f3veis como parte do sistema de transmiss\u00e3o. Melhoram a manobrabilidade e o desempenho de um autom\u00f3vel.<\/p>\n\n\n\n<h2 class=\"wp-block-heading\" id=\"Instru\u00e7\u00f5es:\">Instru\u00e7\u00f5es:<\/h2>\n\n\n\n<ol class=\"wp-block-list\"><li>Empurre a alavanca para a posi\u00e7\u00e3o 1 (para cima) e coloque ambas as rodas em movimento por rota\u00e7\u00e3o da engrenagem de transmiss\u00e3o ou da roda.<\/li><li>Utilize a alavanca de comando para bloquear as rodas esquerda e direita independentemente, rodando respectivamente para a esquerda ou direita.<\/li><li>Empurre a alavanca para a posi\u00e7\u00e3o 2 (para baixo) para bloquear as rodas.<\/li><\/ol>\n\n\n\n<h2 class=\"wp-block-heading\">Links:<\/h2>\n\n\n\n<p><a href=\"https:\/\/ugearsmodels.com\/differential.html\">\u00abDifferential\u00bb educational mechanical model kit<\/a><\/p>\n\n\n\n<p><a href=\"https:\/\/www.youtube.com\/watch?v=SOgoejxzF8c\">How a Differential works ?<\/a><\/p>\n","protected":false},"excerpt":{"rendered":"<p>O diferencial \u00e9 utilizado em autom\u00f3veis para permitir que as rodas girem a diferentes velocidades, permitindo ao mesmo tempo a transfer\u00eancia de energia para ambas as rodas. A outra fun\u00e7\u00e3o \u00e9 alterar a direc\u00e7\u00e3o do fluxo de pot\u00eancia em 90 graus. O kit diferencial \u00e9 um modelo estilizado e interactivo do mecanismo concebido apenas para [&hellip;]<\/p>\n","protected":false},"author":2,"featured_media":318,"parent":239,"menu_order":0,"comment_status":"closed","ping_status":"closed","template":"","meta":{"footnotes":""},"class_list":["post-320","page","type-page","status-publish","has-post-thumbnail","hentry"],"_links":{"self":[{"href":"https:\/\/2022.robocupjunior.eu\/rcj\/index.php\/wp-json\/wp\/v2\/pages\/320","targetHints":{"allow":["GET"]}}],"collection":[{"href":"https:\/\/2022.robocupjunior.eu\/rcj\/index.php\/wp-json\/wp\/v2\/pages"}],"about":[{"href":"https:\/\/2022.robocupjunior.eu\/rcj\/index.php\/wp-json\/wp\/v2\/types\/page"}],"author":[{"embeddable":true,"href":"https:\/\/2022.robocupjunior.eu\/rcj\/index.php\/wp-json\/wp\/v2\/users\/2"}],"replies":[{"embeddable":true,"href":"https:\/\/2022.robocupjunior.eu\/rcj\/index.php\/wp-json\/wp\/v2\/comments?post=320"}],"version-history":[{"count":7,"href":"https:\/\/2022.robocupjunior.eu\/rcj\/index.php\/wp-json\/wp\/v2\/pages\/320\/revisions"}],"predecessor-version":[{"id":1006,"href":"https:\/\/2022.robocupjunior.eu\/rcj\/index.php\/wp-json\/wp\/v2\/pages\/320\/revisions\/1006"}],"up":[{"embeddable":true,"href":"https:\/\/2022.robocupjunior.eu\/rcj\/index.php\/wp-json\/wp\/v2\/pages\/239"}],"wp:featuredmedia":[{"embeddable":true,"href":"https:\/\/2022.robocupjunior.eu\/rcj\/index.php\/wp-json\/wp\/v2\/media\/318"}],"wp:attachment":[{"href":"https:\/\/2022.robocupjunior.eu\/rcj\/index.php\/wp-json\/wp\/v2\/media?parent=320"}],"curies":[{"name":"wp","href":"https:\/\/api.w.org\/{rel}","templated":true}]}}