{"id":333,"date":"2022-03-11T21:40:12","date_gmt":"2022-03-11T21:40:12","guid":{"rendered":"https:\/\/2022.robocupjunior.eu\/rcj\/?page_id=333"},"modified":"2022-06-22T20:59:13","modified_gmt":"2022-06-22T20:59:13","slug":"caixa-de-velocidades","status":"publish","type":"page","link":"https:\/\/2022.robocupjunior.eu\/rcj\/index.php\/oficinas\/mecanica\/caixa-de-velocidades\/","title":{"rendered":"Caixa de Velocidades"},"content":{"rendered":"\n<div class=\"wp-block-columns is-layout-flex wp-container-core-columns-is-layout-28f84493 wp-block-columns-is-layout-flex\">\n<div class=\"wp-block-column is-layout-flow wp-block-column-is-layout-flow\" style=\"flex-basis:80%\"><figure class=\"wp-block-post-featured-image\"><img loading=\"lazy\" decoding=\"async\" width=\"1024\" height=\"1000\" src=\"https:\/\/2022.robocupjunior.eu\/rcj\/wp-content\/uploads\/2022\/03\/GearBox3.jpg\" class=\"attachment-post-thumbnail size-post-thumbnail wp-post-image\" alt=\"\" style=\"object-fit:cover;\" srcset=\"https:\/\/2022.robocupjunior.eu\/rcj\/wp-content\/uploads\/2022\/03\/GearBox3.jpg 1024w, https:\/\/2022.robocupjunior.eu\/rcj\/wp-content\/uploads\/2022\/03\/GearBox3-300x293.jpg 300w, https:\/\/2022.robocupjunior.eu\/rcj\/wp-content\/uploads\/2022\/03\/GearBox3-768x750.jpg 768w\" sizes=\"auto, (max-width: 1024px) 100vw, 1024px\" \/><\/figure><\/div>\n\n\n\n<div class=\"wp-block-column is-layout-flow wp-block-column-is-layout-flow\" style=\"padding-top:0px;padding-right:0px;padding-bottom:0px;padding-left:0px;flex-basis:20%\">\n<!-- START Kaya QR Code Generator --><div class=\"wpkqcg_qrcode_wrapper\"><input type=\"hidden\" id=\"wpkqcg_qrcode_outputimg_7969d6e628826bb34_ecclevel\" value=\"L\" \/><input type=\"hidden\" id=\"wpkqcg_qrcode_outputimg_7969d6e628826bb34_size\" value=\"\" \/><input type=\"hidden\" id=\"wpkqcg_qrcode_outputimg_7969d6e628826bb34_color\" value=\"\" \/><input type=\"hidden\" id=\"wpkqcg_qrcode_outputimg_7969d6e628826bb34_bgcolor\" value=\"\" \/><input type=\"hidden\" id=\"wpkqcg_qrcode_outputimg_7969d6e628826bb34_content\" value=\"https:\/\/2022.robocupjunior.eu\/rcj\/index.php\/wp-json\/wp\/v2\/pages\/333\" \/><img decoding=\"async\" src=\"\" id=\"wpkqcg_qrcode_outputimg_7969d6e628826bb34\" alt=\"QR Code\" class=\"wpkqcg_qrcode\" style=\"width: auto; height: auto; max-width: 100%;\" ><div style=\"clear: none;\"><\/div><\/div><!-- END Kaya QR Code Generator -->\n<\/div>\n<\/div>\n\n\n<h2 class=\"wp-block-post-title\">Caixa de Velocidades<\/h2>\n\n\n<figure class=\"wp-block-embed is-type-video is-provider-youtube wp-block-embed-youtube wp-embed-aspect-16-9 wp-has-aspect-ratio\"><div class=\"wp-block-embed__wrapper\">\n<iframe loading=\"lazy\" title=\"Caixa de Velocidades\" width=\"500\" height=\"281\" src=\"https:\/\/www.youtube.com\/embed\/zpge0i1DYu0?feature=oembed\" frameborder=\"0\" allow=\"accelerometer; autoplay; clipboard-write; encrypted-media; gyroscope; picture-in-picture; web-share\" referrerpolicy=\"strict-origin-when-cross-origin\" allowfullscreen><\/iframe>\n<\/div><\/figure>\n\n\n\n<p>Uma caixa de velocidades \u00e9 uma colec\u00e7\u00e3o de engrenagens de v\u00e1rios tamanhos. O n\u00famero de engrenagens na caixa de velocidades proporciona a combina\u00e7\u00e3o perfeita de trac\u00e7\u00e3o e velocidade. Com engrenagens curtas, obt\u00e9m-se uma melhor acelera\u00e7\u00e3o ou capta\u00e7\u00e3o, enquanto que engrenagens altas proporcionam uma maior velocidade m\u00e1xima. Um ve\u00edculo que est\u00e1 a subir uma ladeira requer mais torque do que um que est\u00e1 a percorrer uma estrada num plano horizontal.<\/p>\n\n\n\n<p>Uma caixa de velocidades \u00e9 um recipiente met\u00e1lico que abriga uma colec\u00e7\u00e3o de engrenagens, mangas sincronizadoras, e um mecanismo de mudan\u00e7a de velocidades. Todas as engrenagens est\u00e3o alojadas na caixa met\u00e1lica, que \u00e9 normalmente composta por alum\u00ednio\/ferro fundido. Como as engrenagens desempenham um papel vital no transporte da pot\u00eancia do motor para as rodas, a caixa de velocidades \u00e9 considerada parte do sistema de &#8220;transmiss\u00e3o&#8221;.<\/p>\n\n\n\n<p><strong>Componentes:<\/strong><\/p>\n\n\n\n<ul class=\"wp-block-list\"><li>Alavanca de mudan\u00e7a de velocidades<\/li><li>Eixo de fixa\u00e7\u00e3o com acoplamentos de engrenagens<\/li><li>Engrenagens invertidas<\/li><li>Eixo de transmiss\u00e3o<\/li><li>Punho do actuador<\/li><\/ul>\n\n\n\n<figure class=\"wp-block-image aligncenter size-full\"><img loading=\"lazy\" decoding=\"async\" width=\"438\" height=\"300\" src=\"https:\/\/2022.robocupjunior.eu\/rcj\/wp-content\/uploads\/2022\/03\/Gearbox_en.png\" alt=\"\" class=\"wp-image-330\" srcset=\"https:\/\/2022.robocupjunior.eu\/rcj\/wp-content\/uploads\/2022\/03\/Gearbox_en.png 438w, https:\/\/2022.robocupjunior.eu\/rcj\/wp-content\/uploads\/2022\/03\/Gearbox_en-300x205.png 300w\" sizes=\"auto, (max-width: 438px) 100vw, 438px\" \/><\/figure>\n\n\n\n<h2 class=\"wp-block-heading\" id=\"Princ\u00edpio-de-funcionamento:\">Princ\u00edpio de funcionamento:<\/h2>\n\n\n\n<p>A primeira mudan\u00e7a numa caixa de velocidades \u00e9 a maior e produz o maior bin\u00e1rio ao mesmo tempo que produz a menor velocidade. Como resultado, \u00e9 utilizada para subir declives. Entre a 1\u00aa e a \u00faltima mudan\u00e7a, o tamanho de cada mudan\u00e7a diminui numa rela\u00e7\u00e3o decrescente. Como resultado, oferece uma gama diversificada de capacidade de trac\u00e7\u00e3o e velocidade.<\/p>\n\n\n\n<p>A rela\u00e7\u00e3o entre as engrenagens de entrada e sa\u00edda \u00e9 conhecida como a rela\u00e7\u00e3o da caixa de velocidades.<\/p>\n\n\n\n<p><strong>Rela\u00e7\u00e3o de engrenagens<\/strong> = N.\u00ba de dentes da engrenagem de sa\u00edda \/ N.\u00ba de dentes da engrenagem de entrada<\/p>\n\n\n\n<p>por exemplo, se n.\u00ba de dentes na entrada = 30 e n.\u00ba de dentes na sa\u00edda = 105<\/p>\n\n\n\n<p>ent\u00e3o, a rela\u00e7\u00e3o de engrenagem = 105\/30 = 3,5 : 1 porque para rodar a engrenagem de sa\u00edda por 1 rota\u00e7\u00e3o, \u00e9 necess\u00e1rio rodar a engrenagem de entrada por 3,5 rota\u00e7\u00f5es.<\/p>\n\n\n\n<p>As rela\u00e7\u00f5es de transmiss\u00e3o diferem de um ve\u00edculo para outro. Os cami\u00f5es t\u00eam rela\u00e7\u00f5es de transmiss\u00e3o maiores do que os carros porque t\u00eam de transportar uma carga mais pesada.<\/p>\n\n\n\n<p>Dependendo das condi\u00e7\u00f5es de condu\u00e7\u00e3o, as mudan\u00e7as na caixa de velocidades ajudam-no a seleccionar uma delas. As mudan\u00e7as mais baixas, como a 1\u00aa e a 2\u00aa, proporcionam a maior trac\u00e7\u00e3o, enquanto as mudan\u00e7as mais altas, como a 5\u00aa e a 6\u00aa (se dispon\u00edveis), proporcionam a velocidade mais r\u00e1pida.<\/p>\n\n\n\n<p><strong>Inventor<\/strong><\/p>\n\n\n\n<p>Karl Benz, um conhecido engenheiro alem\u00e3o, \u00e9 creditado pelo desenvolvimento da caixa de velocidades.<\/p>\n\n\n\n<h2 class=\"wp-block-heading\" id=\"Instru\u00e7\u00f5es:\">Instru\u00e7\u00f5es:<\/h2>\n\n\n\n<ul class=\"wp-block-list\"><li>Seleccione a posi\u00e7\u00e3o &#8220;N&#8221; &#8211; posi\u00e7\u00e3o neutral na qual ambas as engrenagens&nbsp; permanecem desacopladas; rode o man\u00edpulo e verifique que a sa\u00edda permanece parada. <\/li><li>Rode o man\u00edpulo sempre \u00e0 mesma velocidade e seleccione sucessivamente a 1\u00aa, 2\u00aa e 3\u00aa velocidades e verifique que a velocidade de sa\u00edda aumenta. <\/li><li>Seleccione a marcha atr\u00e1s movendo a engrenagem de embraiagem para a esquerda em direc\u00e7\u00e3o \u00e0 engrenagem &#8220;R&#8221; e todas as engrenagens ir\u00e3o rodar em marcha atr\u00e1s.<\/li><\/ul>\n\n\n\n<h2 class=\"wp-block-heading\" id=\"Links:\">Links:<\/h2>\n\n\n\n<p><a href=\"https:\/\/ugearsmodels.com\/gearbox.html\">\u00abGearbox\u00bb educational mechanical model kit<\/a><\/p>\n\n\n\n<p><a href=\"https:\/\/www.amazon.co.uk\/UGears-STEM-Gearbox-Model-Kit\/dp\/B088X49CTV\/?maas=maas_adg_11C23EE8C8FDC24BB689B671CAE6512D_afap_abs&amp;ref_=aa_maas&amp;ref=sr_1_17&amp;dchild=1&amp;m=A3T3RLO9NF8BJ&amp;marketplaceID=A1F83G8C2ARO7P&amp;qid=1617373287&amp;refresh\">https:\/\/www.amazon.co.uk\/UGears-STEM-Gearbox-Model-Kit\/dp\/B088X49CTV\/?maas=maas_adg_11C23EE8C8FDC24BB689B671CAE6512D_afap_abs&amp;ref_=aa_maas&amp;ref=sr_1_17&amp;dchild=1&amp;m=A3T3RLO9NF8BJ&amp;marketplaceID=A1F83G8C2ARO7P&amp;qid=1617373287&amp;refresh<\/a><\/p>\n\n\n\n<p><a href=\"https:\/\/www.youtube.com\/watch?v=wCu9W9xNwtI\">Manual Transmission, How it works?<\/a><\/p>\n\n\n\n<p><a href=\"https:\/\/www.youtube.com\/watch?v=m7RFfG74JAc\">How Gearbox | Manual Transmission Works<\/a><\/p>\n\n\n\n<p><a href=\"https:\/\/www.youtube.com\/watch?v=Vpl-LprQGqU\">How a car gearbox works!<\/a><\/p>\n\n\n\n<p><a href=\"https:\/\/www.howacarworks.com\/basics\/how-manual-gearboxes-work\">How manual gearboxes work<\/a><\/p>\n\n\n\n<p><a href=\"https:\/\/carbiketech.com\/gear-box-transmission-gearbox\/\">How A Gear box (Transmission) works? What&#8217;s Gear Ratio?<\/a><\/p>\n\n\n\n<p><a href=\"https:\/\/www.gearboxspecialistsbournemouth.co.uk\/a-gearbox-specialists-guide-to-how-a-gearbox-works\">A Gearbox Specialist\u2019s Guide to How a Gearbox Works<\/a><\/p>\n\n\n\n<p><a href=\"https:\/\/auto.howstuffworks.com\/transmission.htm\">How Manual Transmissions Work<\/a><\/p>\n\n\n\n<p><a href=\"https:\/\/www.leithcars.com\/blogs\/1421\/tutorials\/how-manual-transmission-works\/\">How a Manual Transmission Works<\/a><\/p>\n\n\n\n<p><a href=\"https:\/\/en.wikipedia.org\/wiki\/Transmission_(mechanics)\">Transmission (mechanics)<\/a><\/p>\n\n\n\n<p><a href=\"https:\/\/www.mandttransmissions.co.uk\/gearbox-animation.html\">Interactive Gearbox Animation | How A Manual Gearbox Works<\/a><\/p>\n","protected":false},"excerpt":{"rendered":"<p>Uma caixa de velocidades \u00e9 uma colec\u00e7\u00e3o de engrenagens de v\u00e1rios tamanhos. O n\u00famero de engrenagens na caixa de velocidades proporciona a combina\u00e7\u00e3o perfeita de trac\u00e7\u00e3o e velocidade. Com engrenagens curtas, obt\u00e9m-se uma melhor acelera\u00e7\u00e3o ou capta\u00e7\u00e3o, enquanto que engrenagens altas proporcionam uma maior velocidade m\u00e1xima. Um ve\u00edculo que est\u00e1 a subir uma ladeira requer [&hellip;]<\/p>\n","protected":false},"author":2,"featured_media":331,"parent":239,"menu_order":0,"comment_status":"closed","ping_status":"closed","template":"","meta":{"footnotes":""},"class_list":["post-333","page","type-page","status-publish","has-post-thumbnail","hentry"],"_links":{"self":[{"href":"https:\/\/2022.robocupjunior.eu\/rcj\/index.php\/wp-json\/wp\/v2\/pages\/333","targetHints":{"allow":["GET"]}}],"collection":[{"href":"https:\/\/2022.robocupjunior.eu\/rcj\/index.php\/wp-json\/wp\/v2\/pages"}],"about":[{"href":"https:\/\/2022.robocupjunior.eu\/rcj\/index.php\/wp-json\/wp\/v2\/types\/page"}],"author":[{"embeddable":true,"href":"https:\/\/2022.robocupjunior.eu\/rcj\/index.php\/wp-json\/wp\/v2\/users\/2"}],"replies":[{"embeddable":true,"href":"https:\/\/2022.robocupjunior.eu\/rcj\/index.php\/wp-json\/wp\/v2\/comments?post=333"}],"version-history":[{"count":8,"href":"https:\/\/2022.robocupjunior.eu\/rcj\/index.php\/wp-json\/wp\/v2\/pages\/333\/revisions"}],"predecessor-version":[{"id":1007,"href":"https:\/\/2022.robocupjunior.eu\/rcj\/index.php\/wp-json\/wp\/v2\/pages\/333\/revisions\/1007"}],"up":[{"embeddable":true,"href":"https:\/\/2022.robocupjunior.eu\/rcj\/index.php\/wp-json\/wp\/v2\/pages\/239"}],"wp:featuredmedia":[{"embeddable":true,"href":"https:\/\/2022.robocupjunior.eu\/rcj\/index.php\/wp-json\/wp\/v2\/media\/331"}],"wp:attachment":[{"href":"https:\/\/2022.robocupjunior.eu\/rcj\/index.php\/wp-json\/wp\/v2\/media?parent=333"}],"curies":[{"name":"wp","href":"https:\/\/api.w.org\/{rel}","templated":true}]}}