{"id":338,"date":"2022-03-11T21:43:35","date_gmt":"2022-03-11T21:43:35","guid":{"rendered":"https:\/\/2022.robocupjunior.eu\/rcj\/?page_id=338"},"modified":"2022-05-31T17:38:31","modified_gmt":"2022-05-31T17:38:31","slug":"massa-magnetica-inteligente","status":"publish","type":"page","link":"https:\/\/2022.robocupjunior.eu\/rcj\/index.php\/oficinas\/magnetismo\/massa-magnetica-inteligente\/","title":{"rendered":"Massa Magn\u00e9tica Inteligente"},"content":{"rendered":"\n<div class=\"wp-block-columns is-layout-flex wp-container-core-columns-is-layout-28f84493 wp-block-columns-is-layout-flex\">\n<div class=\"wp-block-column is-layout-flow wp-block-column-is-layout-flow\" style=\"flex-basis:80%\"><figure class=\"wp-block-post-featured-image\"><img loading=\"lazy\" decoding=\"async\" width=\"320\" height=\"180\" src=\"https:\/\/2022.robocupjunior.eu\/rcj\/wp-content\/uploads\/2022\/03\/magnetic_putty.gif\" class=\"attachment-post-thumbnail size-post-thumbnail wp-post-image\" alt=\"\" style=\"object-fit:cover;\" \/><\/figure><\/div>\n\n\n\n<div class=\"wp-block-column is-layout-flow wp-block-column-is-layout-flow\" style=\"padding-top:0px;padding-right:0px;padding-bottom:0px;padding-left:0px;flex-basis:20%\">\n<!-- START Kaya QR Code Generator --><div class=\"wpkqcg_qrcode_wrapper\"><input type=\"hidden\" id=\"wpkqcg_qrcode_outputimg_4769d6e7e04efcf39_ecclevel\" value=\"L\" \/><input type=\"hidden\" id=\"wpkqcg_qrcode_outputimg_4769d6e7e04efcf39_size\" value=\"\" \/><input type=\"hidden\" id=\"wpkqcg_qrcode_outputimg_4769d6e7e04efcf39_color\" value=\"\" \/><input type=\"hidden\" id=\"wpkqcg_qrcode_outputimg_4769d6e7e04efcf39_bgcolor\" value=\"\" \/><input type=\"hidden\" id=\"wpkqcg_qrcode_outputimg_4769d6e7e04efcf39_content\" value=\"https:\/\/2022.robocupjunior.eu\/rcj\/index.php\/wp-json\/wp\/v2\/pages\/338\" \/><img decoding=\"async\" src=\"\" id=\"wpkqcg_qrcode_outputimg_4769d6e7e04efcf39\" alt=\"QR Code\" class=\"wpkqcg_qrcode\" style=\"width: auto; height: auto; max-width: 100%;\" ><div style=\"clear: none;\"><\/div><\/div><!-- END Kaya QR Code Generator -->\n<\/div>\n<\/div>\n\n\n<h2 class=\"wp-block-post-title\">Massa Magn\u00e9tica Inteligente<\/h2>\n\n\n<p>Quando part\u00edculas de \u00f3xido de ferro s\u00e3o adicionadas \u00e0 massa inteligente (tamb\u00e9m conhecida como <em>silly putty<\/em>), esta torna-se magn\u00e9tica. A massa \u00e9 magnetizada pelos \u00f3xidos de ferro, tornando-a um milh\u00e3o de vezes mais fascinante do que a massa convencional. Quando os \u00edmanes entram em contacto com o campo magn\u00e9tico da massa, esta engole-os lentamente. Os \u00edmanes s\u00e3o absorvidos porque o campo magn\u00e9tico da massa \u00e9 mais forte no meio da bola. A massa atrai suavemente os \u00edmanes at\u00e9 atingirem o ponto mais forte do campo magn\u00e9tico.<\/p>\n\n\n\n<p><strong>Componentes:<\/strong><\/p>\n\n\n\n<ul class=\"wp-block-list\"><li>\u00cdman de Neodimium<\/li><li>Massa Magn\u00e9tica Inteligente<\/li><\/ul>\n\n\n\n<h2 class=\"wp-block-heading\" id=\"Princ\u00edpio-de-funcionamento:\">Princ\u00edpio de funcionamento:<\/h2>\n\n\n\n<p>Quando colocada na proximidade de um \u00edman, a incr\u00edvel massa magn\u00e9tica mold\u00e1vel, que \u00e9 feita de part\u00edculas \u00e0 base de ferro do tamanho de microns espalhadas por todo o lado, assume os atributos de um \u00edman propriamente dito.<\/p>\n\n\n\n<p><strong>Silly Putty<\/strong><\/p>\n\n\n\n<p>A borracha era escassa durante a Segunda Guerra Mundial, uma vez que o Jap\u00e3o capturou pa\u00edses produtores de borracha. Como resultado, o governo financiou a investiga\u00e7\u00e3o para produzir uma alternativa \u00e0 borracha. A borracha foi escassa durante toda a guerra porque foi utilizada para fazer pneus, m\u00e1scaras de g\u00e1s, e botas de combate. Depois de combinar \u00e1cido b\u00f3rico e \u00f3leo de silicone em 1943, James Wright \u00e9 creditado com a inven\u00e7\u00e3o do \u201csilly putty\u201d, consequ\u00eancia da reac\u00e7\u00e3o \u00e1cido\/\u00f3leo, uma subst\u00e2ncia pegajosa com uma variedade de qualidades. Embora n\u00e3o fosse um bom substituto da borracha, a massa viscosa tem um ponto de fus\u00e3o mais elevado e pode esticar-se mais do que a borracha. A primeira vez que esta massa foi vendida como um brinquedo foi em 1949.<\/p>\n\n\n\n<p><strong>Massa magn\u00e9tica<\/strong><\/p>\n\n\n\n<p>Mais tarde, a subst\u00e2ncia teve v\u00e1rias outras aplica\u00e7\u00f5es \u00fateis. Pode ser utilizada para remover manchas e como apagador. Foi mesmo utilizada pelos astronautas na miss\u00e3o Apollo para manter as ferramentas no lugar enquanto em gravidade zero. Quando se adiciona \u00f3xido de ferro para magnetizar a massa, esta torna-se ainda mais \u00fatil e interessante. A massa magn\u00e9tica \u00e9 tamb\u00e9m por vezes utilizada debaixo de \u00e1gua para testar tubos, plataformas, e outras estruturas e tamb\u00e9m para detectar danos, de acordo com a <em>Introdu\u00e7\u00e3o \u00e0 Electricidade e ao Magnetismo<\/em>. A massa magn\u00e9tica \u00e9 aplicada e moldada ao objecto se for de dif\u00edcil acesso. Os \u00f3xidos de ferro orientar-se-\u00e3o ent\u00e3o ao longo do campo magn\u00e9tico. \u00c9 um m\u00e9todo eficaz de inspec\u00e7\u00e3o de part\u00edculas magn\u00e9ticas uma vez que a massa magn\u00e9tica \u00e9 seca.<\/p>\n\n\n\n<p>Se estiver interessado em aprender mais sobre a massa magn\u00e9tica, pode assistir a filmes com <em>time-lapse<\/em> ou comprar alguma e fazer as suas pr\u00f3prias experi\u00eancias. Quando se deita as m\u00e3os \u00e0 massa magn\u00e9tica, para que este engula \u00edmanes como se v\u00ea nos filmes, \u00e9 necess\u00e1rio utilizar \u00edmanes incrivelmente fortes com qualidades ferromagn\u00e9ticas.<\/p>\n\n\n\n<h2 class=\"wp-block-heading\" id=\"Instru\u00e7\u00f5es:\">Instru\u00e7\u00f5es:<\/h2>\n\n\n\n<p>Use o \u00edman para fazer o truque do &#8220;encantador de serpentes&#8221;.<\/p>\n\n\n\n<p>Deixe o \u00edman junto da sua bola de massa e veja-a engolir completamente o \u00edman em minutos!<\/p>\n\n\n\n<h2 class=\"wp-block-heading\" id=\"Links:\">Links:<\/h2>\n\n\n\n<p><a href=\"https:\/\/www.youtube.com\/watch?v=ZXJuJQVrgbI\">Magnetic Thinking Putty is Crazy Awesome!<\/a><\/p>\n\n\n\n<p><a href=\"https:\/\/www.youtube.com\/watch?v=R9pO5Yug8Mc\">Magnetic Putty &#8211; So Satisfying To Watch<\/a><\/p>\n\n\n\n<p><a href=\"https:\/\/www.youtube.com\/watch?v=Vw0XCeYAeK8\">Everything You Can (and Can&#8217;t) Do with Magnetic Putty | VAT19<\/a><\/p>\n\n\n\n<p><a href=\"https:\/\/www.instructables.com\/magnetic-silly-putty\/\">Magnetic Silly Putty<\/a><\/p>\n\n\n\n<p><a href=\"https:\/\/www.scichem.com\/product\/magnetic-thinking-putty-xmg980010\">https:\/\/www.scichem.com\/product\/magnetic-thinking-putty-xmg980010<\/a><\/p>\n\n\n\n<p><a href=\"https:\/\/www.apexmagnets.com\/news-how-tos\/how-does-magnetic-putty-work\/#:~:text=Magnetic%20putty%20becomes%20magnetic%20when,putty%20will%20slowly%20swallow%20them.\">How Does Magnetic Putty Work? | Apex Magnets Blog<\/a><\/p>\n\n\n\n<p><a href=\"https:\/\/nationalmaglab.org\/education\/magnet-academy\/plan-a-lesson\/magnetic-putty\">Magnetic Putty &#8211; MagLab<\/a><\/p>\n\n\n\n<p><a href=\"http:\/\/sciencefiction-nastragull.blogspot.com\/2018\/07\/how-does-magnetic-putty-work-physics.html\">How Does Magnetic Putty Work? &#8211; PHYSICS<\/a><\/p>\n","protected":false},"excerpt":{"rendered":"<p>Quando part\u00edculas de \u00f3xido de ferro s\u00e3o adicionadas \u00e0 massa inteligente (tamb\u00e9m conhecida como silly putty), esta torna-se magn\u00e9tica. A massa \u00e9 magnetizada pelos \u00f3xidos de ferro, tornando-a um milh\u00e3o de vezes mais fascinante do que a massa convencional. Quando os \u00edmanes entram em contacto com o campo magn\u00e9tico da massa, esta engole-os lentamente. Os [&hellip;]<\/p>\n","protected":false},"author":2,"featured_media":336,"parent":235,"menu_order":0,"comment_status":"closed","ping_status":"closed","template":"","meta":{"footnotes":""},"class_list":["post-338","page","type-page","status-publish","has-post-thumbnail","hentry"],"_links":{"self":[{"href":"https:\/\/2022.robocupjunior.eu\/rcj\/index.php\/wp-json\/wp\/v2\/pages\/338","targetHints":{"allow":["GET"]}}],"collection":[{"href":"https:\/\/2022.robocupjunior.eu\/rcj\/index.php\/wp-json\/wp\/v2\/pages"}],"about":[{"href":"https:\/\/2022.robocupjunior.eu\/rcj\/index.php\/wp-json\/wp\/v2\/types\/page"}],"author":[{"embeddable":true,"href":"https:\/\/2022.robocupjunior.eu\/rcj\/index.php\/wp-json\/wp\/v2\/users\/2"}],"replies":[{"embeddable":true,"href":"https:\/\/2022.robocupjunior.eu\/rcj\/index.php\/wp-json\/wp\/v2\/comments?post=338"}],"version-history":[{"count":7,"href":"https:\/\/2022.robocupjunior.eu\/rcj\/index.php\/wp-json\/wp\/v2\/pages\/338\/revisions"}],"predecessor-version":[{"id":918,"href":"https:\/\/2022.robocupjunior.eu\/rcj\/index.php\/wp-json\/wp\/v2\/pages\/338\/revisions\/918"}],"up":[{"embeddable":true,"href":"https:\/\/2022.robocupjunior.eu\/rcj\/index.php\/wp-json\/wp\/v2\/pages\/235"}],"wp:featuredmedia":[{"embeddable":true,"href":"https:\/\/2022.robocupjunior.eu\/rcj\/index.php\/wp-json\/wp\/v2\/media\/336"}],"wp:attachment":[{"href":"https:\/\/2022.robocupjunior.eu\/rcj\/index.php\/wp-json\/wp\/v2\/media?parent=338"}],"curies":[{"name":"wp","href":"https:\/\/api.w.org\/{rel}","templated":true}]}}