{"id":396,"date":"2022-03-13T18:44:16","date_gmt":"2022-03-13T18:44:16","guid":{"rendered":"https:\/\/2022.robocupjunior.eu\/rcj\/?page_id=396"},"modified":"2022-06-22T21:06:34","modified_gmt":"2022-06-22T21:06:34","slug":"kit-marvel","status":"publish","type":"page","link":"https:\/\/2022.robocupjunior.eu\/rcj\/index.php\/oficinas\/mecanica\/kit-marvel\/","title":{"rendered":"Kit Marvel"},"content":{"rendered":"\n<div class=\"wp-block-columns is-layout-flex wp-container-core-columns-is-layout-28f84493 wp-block-columns-is-layout-flex\">\n<div class=\"wp-block-column is-layout-flow wp-block-column-is-layout-flow\" style=\"flex-basis:80%\"><figure class=\"wp-block-post-featured-image\"><img loading=\"lazy\" decoding=\"async\" width=\"1500\" height=\"1254\" src=\"https:\/\/2022.robocupjunior.eu\/rcj\/wp-content\/uploads\/2022\/03\/KitMarvel.jpg\" class=\"attachment-post-thumbnail size-post-thumbnail wp-post-image\" alt=\"\" style=\"object-fit:cover;\" srcset=\"https:\/\/2022.robocupjunior.eu\/rcj\/wp-content\/uploads\/2022\/03\/KitMarvel.jpg 1500w, https:\/\/2022.robocupjunior.eu\/rcj\/wp-content\/uploads\/2022\/03\/KitMarvel-300x251.jpg 300w, https:\/\/2022.robocupjunior.eu\/rcj\/wp-content\/uploads\/2022\/03\/KitMarvel-1024x856.jpg 1024w, https:\/\/2022.robocupjunior.eu\/rcj\/wp-content\/uploads\/2022\/03\/KitMarvel-768x642.jpg 768w\" sizes=\"auto, (max-width: 1500px) 100vw, 1500px\" \/><\/figure><\/div>\n\n\n\n<div class=\"wp-block-column is-layout-flow wp-block-column-is-layout-flow\" style=\"padding-top:0px;padding-right:0px;padding-bottom:0px;padding-left:0px;flex-basis:20%\">\n<!-- START Kaya QR Code Generator --><div class=\"wpkqcg_qrcode_wrapper\"><input type=\"hidden\" id=\"wpkqcg_qrcode_outputimg_1669d6e56e9f18f48_ecclevel\" value=\"L\" \/><input type=\"hidden\" id=\"wpkqcg_qrcode_outputimg_1669d6e56e9f18f48_size\" value=\"\" \/><input type=\"hidden\" id=\"wpkqcg_qrcode_outputimg_1669d6e56e9f18f48_color\" value=\"\" \/><input type=\"hidden\" id=\"wpkqcg_qrcode_outputimg_1669d6e56e9f18f48_bgcolor\" value=\"\" \/><input type=\"hidden\" id=\"wpkqcg_qrcode_outputimg_1669d6e56e9f18f48_content\" value=\"https:\/\/2022.robocupjunior.eu\/rcj\/index.php\/wp-json\/wp\/v2\/pages\/396\" \/><img decoding=\"async\" src=\"\" id=\"wpkqcg_qrcode_outputimg_1669d6e56e9f18f48\" alt=\"QR Code\" class=\"wpkqcg_qrcode\" style=\"width: auto; height: auto; max-width: 100%;\" ><div style=\"clear: none;\"><\/div><\/div><!-- END Kaya QR Code Generator -->\n<\/div>\n<\/div>\n\n\n<h2 class=\"wp-block-post-title\">Kit Marvel<\/h2>\n\n\n<figure class=\"wp-block-embed is-type-video is-provider-youtube wp-block-embed-youtube wp-embed-aspect-16-9 wp-has-aspect-ratio\"><div class=\"wp-block-embed__wrapper\">\n<iframe loading=\"lazy\" title=\"Kit Marvel\" width=\"500\" height=\"281\" src=\"https:\/\/www.youtube.com\/embed\/scFoA644YMY?feature=oembed\" frameborder=\"0\" allow=\"accelerometer; autoplay; clipboard-write; encrypted-media; gyroscope; picture-in-picture; web-share\" referrerpolicy=\"strict-origin-when-cross-origin\" allowfullscreen><\/iframe>\n<\/div><\/figure>\n\n\n\n<p>Este kit combina uma s\u00e9rie de mecanismos para ilustrar como diferentes tipos de movimento podem ser convertidos. Ao rodar manualmente a manivela activa-se o movimento de uma s\u00e9rie de engrenagens que transmitem movimento para o elevador circular e para o elevador de escadas. As esferas movem-se para cima com estes dois mecanismos e depois descem pela ac\u00e7\u00e3o da gravidade ao longo dos diferentes caminhos.<\/p>\n\n\n\n<p><strong>Componentes:<\/strong><\/p>\n\n\n\n<ul class=\"wp-block-list\"><li>Elevador circular<\/li><li>Elevador de escadas<\/li><li>Selector<\/li><li>Pista em S<\/li><li>Pista em espiral<\/li><li>Esferas<\/li><\/ul>\n\n\n\n<h2 class=\"wp-block-heading\" id=\"Princ\u00edpio-de-funcionamento:\">Princ\u00edpio de funcionamento:<\/h2>\n\n\n\n<p>O sistema mec\u00e2nico \u00e9 composto por diferentes partes detalhadas abaixo.<\/p>\n\n\n\n<p><strong>Elevador circular<\/strong><\/p>\n\n\n\n<p>O elevador circular \u00e9 activado atrav\u00e9s da rota\u00e7\u00e3o da manivela principal. A esfera entra no fundo do elevador e sai pelo topo pela ac\u00e7\u00e3o da gravidade. O desenho interior do elevador garante um movimento suave da esfera ao ficar presa entre paredes. Tem quatro pontos de entrada e pode transportar duas esferas de cada vez. Assim que uma entra na parte inferior, outra sai na parte superior.<\/p>\n\n\n\n<figure class=\"wp-block-image size-full\"><img loading=\"lazy\" decoding=\"async\" width=\"393\" height=\"340\" src=\"https:\/\/2022.robocupjunior.eu\/rcj\/wp-content\/uploads\/2022\/03\/gearEntrance.png\" alt=\"\" class=\"wp-image-386\" srcset=\"https:\/\/2022.robocupjunior.eu\/rcj\/wp-content\/uploads\/2022\/03\/gearEntrance.png 393w, https:\/\/2022.robocupjunior.eu\/rcj\/wp-content\/uploads\/2022\/03\/gearEntrance-300x260.png 300w\" sizes=\"auto, (max-width: 393px) 100vw, 393px\" \/><\/figure>\n\n\n\n<p>Curiosamente, independentemente da direc\u00e7\u00e3o de rota\u00e7\u00e3o da manivela, as esferas movem-se sempre na mesma direc\u00e7\u00e3o no sistema.<\/p>\n\n\n\n<p><strong>Escadas elevat\u00f3rias<\/strong><\/p>\n\n\n\n<p>O mecanismo do elevador de escadas \u00e9 accionado por pist\u00f5es alternados no fundo. O veio principal gira os diferentes discos que est\u00e3o excentricamente ligados ao veio e empurram os pist\u00f5es para cima e para baixo de uma forma alternada. O topo de cada escada \u00e9 ligeiramente inclinado para que a esfera deslize na direc\u00e7\u00e3o do degrau seguinte pela ac\u00e7\u00e3o da gravidade. O degrau seguinte \u00e9 mais baixo que o actual, o que faz a esfera mover-se no sentido do pr\u00f3ximo degrau.<\/p>\n\n\n\n<figure class=\"wp-block-image size-full\"><img loading=\"lazy\" decoding=\"async\" width=\"503\" height=\"428\" src=\"https:\/\/2022.robocupjunior.eu\/rcj\/wp-content\/uploads\/2022\/03\/StairLiftMechanism.png\" alt=\"\" class=\"wp-image-393\" srcset=\"https:\/\/2022.robocupjunior.eu\/rcj\/wp-content\/uploads\/2022\/03\/StairLiftMechanism.png 503w, https:\/\/2022.robocupjunior.eu\/rcj\/wp-content\/uploads\/2022\/03\/StairLiftMechanism-300x255.png 300w\" sizes=\"auto, (max-width: 503px) 100vw, 503px\" \/><\/figure>\n\n\n\n<p><strong>Selector<\/strong><\/p>\n\n\n\n<p>O selector \u00e9 colocado de tal forma que quando uma esfera cai, muda automaticamente de posi\u00e7\u00e3o para que a pr\u00f3xima esfera siga um caminho diferente. O selector separa as duas vias do caminho descendente. O selector comporta-se como uma ponte. \u00c9 fixado no fundo por um eixo pivotante. O seu centro de gravidade muda de um lado para o outro \u00e0 medida que a esfera passa por ele.<\/p>\n\n\n\n<figure class=\"wp-block-image size-full\"><img loading=\"lazy\" decoding=\"async\" width=\"300\" height=\"250\" src=\"https:\/\/2022.robocupjunior.eu\/rcj\/wp-content\/uploads\/2022\/03\/Switch.png\" alt=\"\" class=\"wp-image-394\"\/><\/figure>\n\n\n\n<p><strong>Pista em S<\/strong><\/p>\n\n\n\n<p>A pista em S \u00e9 o caminho descendente que guia suavemente a esfera pelo trilho at\u00e9 ao funil.<\/p>\n\n\n\n<p>Tem paredes para contrariar a direc\u00e7\u00e3o da esfera e impedir a sua queda \u00e0 medida que esta faz as curvas.<\/p>\n\n\n\n<figure class=\"wp-block-image size-full\"><img loading=\"lazy\" decoding=\"async\" width=\"400\" height=\"338\" src=\"https:\/\/2022.robocupjunior.eu\/rcj\/wp-content\/uploads\/2022\/03\/SRail.png\" alt=\"\" class=\"wp-image-390\" srcset=\"https:\/\/2022.robocupjunior.eu\/rcj\/wp-content\/uploads\/2022\/03\/SRail.png 400w, https:\/\/2022.robocupjunior.eu\/rcj\/wp-content\/uploads\/2022\/03\/SRail-300x254.png 300w\" sizes=\"auto, (max-width: 400px) 100vw, 400px\" \/><\/figure>\n\n\n\n<p><strong>Pista em espiral<\/strong><\/p>\n\n\n\n<p>A pista em espiral ou funil cria a ilus\u00e3o de n\u00e3o ter paredes, mas o facto \u00e9 que a espiral actua como pista e parede e permite \u00e0 esfera percorrer o caminho a alta velocidade sem cair.<\/p>\n\n\n\n<p>No final, a esfera cai no outro caminho juntando novamente os carris.<\/p>\n\n\n\n<figure class=\"wp-block-image size-full\"><img loading=\"lazy\" decoding=\"async\" width=\"391\" height=\"339\" src=\"https:\/\/2022.robocupjunior.eu\/rcj\/wp-content\/uploads\/2022\/03\/funnel.png\" alt=\"\" class=\"wp-image-385\" srcset=\"https:\/\/2022.robocupjunior.eu\/rcj\/wp-content\/uploads\/2022\/03\/funnel.png 391w, https:\/\/2022.robocupjunior.eu\/rcj\/wp-content\/uploads\/2022\/03\/funnel-300x260.png 300w\" sizes=\"auto, (max-width: 391px) 100vw, 391px\" \/><\/figure>\n\n\n\n<h2 class=\"wp-block-heading\" id=\"Instru\u00e7\u00f5es:\">Instru\u00e7\u00f5es:<\/h2>\n\n\n\n<ol class=\"wp-block-list\"><li>Rode a manivela suavemente a uma velocidade constante<\/li><li>Observe as esferas a moverem-se pelo sistema<\/li><\/ol>\n\n\n\n<h2 class=\"wp-block-heading\" id=\"Links:\">Links:<\/h2>\n\n\n\n<p><a href=\"https:\/\/www.amazon.com\/dp\/B07HDL2QCX\/ref=sspa_dk_detail_6?psc=1&amp;pd_rd_i=B07HDL2QCX&amp;pd_rd_w=xz9wP&amp;pf_rd_p=45a72588-80f7-4414-9851-786f6c16d42b&amp;pd_rd_wg=Ccisf&amp;pf_rd_r=11CGNMSE8YPJGEE55QV8&amp;pd_rd_r=98b85775-8f2e-475d-8354-346bd739e2cb&amp;spLa=ZW5jcnlwdGVkUXVhbGlmaWVyPUFITkszQ0kxWjA0VTcmZW5jcnlwdGVkSWQ9QTAwODYwNjgyNVQ3REY2Sko4VU5YJmVuY3J5cHRlZEFkSWQ9QTA5MDczODYzSzRBMzZJNlJKUDdTJndpZGdldE5hbWU9c3BfZGV0YWlsJmFjdGlvbj1jbGlja1JlZGlyZWN0JmRvTm90TG9nQ2xpY2s9dHJ1ZQ==\">Kit Marvel<\/a><\/p>\n\n\n\n<p><a href=\"https:\/\/www.amazon.es\/ROBOTIME-Puzzle-construcci%C3%B3n-Waterwheel-coaster\/dp\/B07BFSP8FV\/ref=pd_bxgy_1\/259-0515117-4879638?pd_rd_w=rANmq&amp;pf_rd_p=4be0678a-50bc-4d88-a02a-5fb31b66be11&amp;pf_rd_r=JTE9S06TS4GNT2YVZE4P&amp;pd_rd_r=93c0fa1b-d638-4a57-be2f-123eada6229a&amp;pd_rd_wg=RYTle&amp;pd_rd_i=B07BFSP8FV&amp;th=1\">ROBOTIME-Puzzle-construcci\u00f3n-Waterwheel-coaster<\/a><\/p>\n\n\n\n<p><a href=\"https:\/\/www.amazon.es\/ROKR-Mechanical-construcci%C3%B3n-Adolescentes-Waterwheel\/dp\/B07C9XGDYP\/ref=sr_1_1?__mk_es_ES=%C3%85M%C3%85%C5%BD%C3%95%C3%91&amp;keywords=ROKR&amp;qid=1584109647&amp;s=sports&amp;sr=1-1-catcorr&amp;swrs=1F7308C857C13D1ED51503A81C7D4012&amp;th=1\">ROKR-Mechanical-construcci\u00f3n-Adolescentes-Waterwheel<\/a><\/p>\n","protected":false},"excerpt":{"rendered":"<p>Este kit combina uma s\u00e9rie de mecanismos para ilustrar como diferentes tipos de movimento podem ser convertidos. Ao rodar manualmente a manivela activa-se o movimento de uma s\u00e9rie de engrenagens que transmitem movimento para o elevador circular e para o elevador de escadas. As esferas movem-se para cima com estes dois mecanismos e depois descem [&hellip;]<\/p>\n","protected":false},"author":2,"featured_media":389,"parent":239,"menu_order":0,"comment_status":"closed","ping_status":"closed","template":"","meta":{"footnotes":""},"class_list":["post-396","page","type-page","status-publish","has-post-thumbnail","hentry"],"_links":{"self":[{"href":"https:\/\/2022.robocupjunior.eu\/rcj\/index.php\/wp-json\/wp\/v2\/pages\/396","targetHints":{"allow":["GET"]}}],"collection":[{"href":"https:\/\/2022.robocupjunior.eu\/rcj\/index.php\/wp-json\/wp\/v2\/pages"}],"about":[{"href":"https:\/\/2022.robocupjunior.eu\/rcj\/index.php\/wp-json\/wp\/v2\/types\/page"}],"author":[{"embeddable":true,"href":"https:\/\/2022.robocupjunior.eu\/rcj\/index.php\/wp-json\/wp\/v2\/users\/2"}],"replies":[{"embeddable":true,"href":"https:\/\/2022.robocupjunior.eu\/rcj\/index.php\/wp-json\/wp\/v2\/comments?post=396"}],"version-history":[{"count":5,"href":"https:\/\/2022.robocupjunior.eu\/rcj\/index.php\/wp-json\/wp\/v2\/pages\/396\/revisions"}],"predecessor-version":[{"id":1009,"href":"https:\/\/2022.robocupjunior.eu\/rcj\/index.php\/wp-json\/wp\/v2\/pages\/396\/revisions\/1009"}],"up":[{"embeddable":true,"href":"https:\/\/2022.robocupjunior.eu\/rcj\/index.php\/wp-json\/wp\/v2\/pages\/239"}],"wp:featuredmedia":[{"embeddable":true,"href":"https:\/\/2022.robocupjunior.eu\/rcj\/index.php\/wp-json\/wp\/v2\/media\/389"}],"wp:attachment":[{"href":"https:\/\/2022.robocupjunior.eu\/rcj\/index.php\/wp-json\/wp\/v2\/media?parent=396"}],"curies":[{"name":"wp","href":"https:\/\/api.w.org\/{rel}","templated":true}]}}