{"id":416,"date":"2022-03-14T00:03:08","date_gmt":"2022-03-14T00:03:08","guid":{"rendered":"https:\/\/2022.robocupjunior.eu\/rcj\/?page_id=416"},"modified":"2022-05-31T17:42:32","modified_gmt":"2022-05-31T17:42:32","slug":"music-lab","status":"publish","type":"page","link":"https:\/\/2022.robocupjunior.eu\/rcj\/index.php\/oficinas\/som\/music-lab\/","title":{"rendered":"Music Lab"},"content":{"rendered":"\n<div class=\"wp-block-columns is-layout-flex wp-container-core-columns-is-layout-28f84493 wp-block-columns-is-layout-flex\">\n<div class=\"wp-block-column is-layout-flow wp-block-column-is-layout-flow\" style=\"flex-basis:80%\"><figure class=\"wp-block-post-featured-image\"><img loading=\"lazy\" decoding=\"async\" width=\"1003\" height=\"760\" src=\"https:\/\/2022.robocupjunior.eu\/rcj\/wp-content\/uploads\/2022\/03\/MusicLab.png\" class=\"attachment-post-thumbnail size-post-thumbnail wp-post-image\" alt=\"\" style=\"object-fit:cover;\" srcset=\"https:\/\/2022.robocupjunior.eu\/rcj\/wp-content\/uploads\/2022\/03\/MusicLab.png 1003w, https:\/\/2022.robocupjunior.eu\/rcj\/wp-content\/uploads\/2022\/03\/MusicLab-300x227.png 300w, https:\/\/2022.robocupjunior.eu\/rcj\/wp-content\/uploads\/2022\/03\/MusicLab-768x582.png 768w\" sizes=\"auto, (max-width: 1003px) 100vw, 1003px\" \/><\/figure><\/div>\n\n\n\n<div class=\"wp-block-column is-layout-flow wp-block-column-is-layout-flow\" style=\"padding-top:0px;padding-right:0px;padding-bottom:0px;padding-left:0px;flex-basis:20%\">\n<!-- START Kaya QR Code Generator --><div class=\"wpkqcg_qrcode_wrapper\"><input type=\"hidden\" id=\"wpkqcg_qrcode_outputimg_5369d6e62cd799c21_ecclevel\" value=\"L\" \/><input type=\"hidden\" id=\"wpkqcg_qrcode_outputimg_5369d6e62cd799c21_size\" value=\"\" \/><input type=\"hidden\" id=\"wpkqcg_qrcode_outputimg_5369d6e62cd799c21_color\" value=\"\" \/><input type=\"hidden\" id=\"wpkqcg_qrcode_outputimg_5369d6e62cd799c21_bgcolor\" value=\"\" \/><input type=\"hidden\" id=\"wpkqcg_qrcode_outputimg_5369d6e62cd799c21_content\" value=\"https:\/\/2022.robocupjunior.eu\/rcj\/index.php\/wp-json\/wp\/v2\/pages\/416\" \/><img decoding=\"async\" src=\"\" id=\"wpkqcg_qrcode_outputimg_5369d6e62cd799c21\" alt=\"QR Code\" class=\"wpkqcg_qrcode\" style=\"width: auto; height: auto; max-width: 100%;\" ><div style=\"clear: none;\"><\/div><\/div><!-- END Kaya QR Code Generator -->\n<\/div>\n<\/div>\n\n\n<h2 class=\"wp-block-post-title\">Music Lab<\/h2>\n\n\n<p>Music Lab \u00e9 uma interessante colec\u00e7\u00e3o de aplica\u00e7\u00f5es online gratuitas para compreender e aprender sobre som e m\u00fasica.<\/p>\n\n\n\n<p><strong>Componentes:<\/strong><\/p>\n\n\n\n<ul class=\"wp-block-list\"><li>Tablet<\/li><li>Microfone<\/li><li>Colunas<\/li><\/ul>\n\n\n\n<h2 class=\"wp-block-heading\" id=\"Princ\u00edpio-de-funcionamento:\">Princ\u00edpio de funcionamento:<\/h2>\n\n\n\n<p>As seguintes aplica\u00e7\u00f5es est\u00e3o dispon\u00edveis para experimentar:<\/p>\n\n\n\n<p><strong>Arpeggios<\/strong><\/p>\n\n\n\n<p>Ao seleccionar a chave poder\u00e1 ouvir o arpejo correspondente. O c\u00edrculo exibe o c\u00edrculo de quintas. O c\u00edrculo exterior permite seleccionar os tons maiores e o c\u00edrculo interior os tons menores correspondentes.<\/p>\n\n\n\n<figure class=\"wp-block-image aligncenter size-full is-resized\"><a href=\"https:\/\/musiclab.chromeexperiments.com\/Arpeggios\/\"><img decoding=\"async\" src=\"https:\/\/2022.robocupjunior.eu\/rcj\/wp-content\/uploads\/2022\/03\/Arpeggios.png\" alt=\"\" class=\"wp-image-400\" width=\"500\" srcset=\"https:\/\/2022.robocupjunior.eu\/rcj\/wp-content\/uploads\/2022\/03\/Arpeggios.png 634w, https:\/\/2022.robocupjunior.eu\/rcj\/wp-content\/uploads\/2022\/03\/Arpeggios-266x300.png 266w\" sizes=\"(max-width: 634px) 100vw, 634px\" \/><\/a><\/figure>\n\n\n\n<p><a href=\"https:\/\/musiclab.chromeexperiments.com\/Arpeggios\/\"><\/a><strong>Chords<\/strong><\/p>\n\n\n\n<p>Seleccione Acorde Menor ou Acorde Maior usando o selector no fundo. Em seguida, prima uma tecla e o acorde correspondente ser\u00e1 tocado.<\/p>\n\n\n\n<figure class=\"wp-block-image aligncenter size-full is-resized\"><a href=\"https:\/\/musiclab.chromeexperiments.com\/Chords\/\"><img decoding=\"async\" src=\"https:\/\/2022.robocupjunior.eu\/rcj\/wp-content\/uploads\/2022\/03\/Chords.png\" alt=\"\" class=\"wp-image-401\" width=\"500\" srcset=\"https:\/\/2022.robocupjunior.eu\/rcj\/wp-content\/uploads\/2022\/03\/Chords.png 652w, https:\/\/2022.robocupjunior.eu\/rcj\/wp-content\/uploads\/2022\/03\/Chords-300x195.png 300w\" sizes=\"(max-width: 652px) 100vw, 652px\" \/><\/a><\/figure>\n\n\n\n<p><a href=\"https:\/\/musiclab.chromeexperiments.com\/Chords\/\"><\/a><strong>Harmonics<\/strong><\/p>\n\n\n\n<p>Toque as cordas da esquerda para a direita e ou\u00e7a o primeiro tom e os tons harm\u00f3nicos correspondentes. Consegue adivinhar o padr\u00e3o olhando para a representa\u00e7\u00e3o da frequ\u00eancia?<\/p>\n\n\n\n<figure class=\"wp-block-image aligncenter size-full is-resized\"><a href=\"https:\/\/musiclab.chromeexperiments.com\/Harmonics\/\"><img loading=\"lazy\" decoding=\"async\" src=\"https:\/\/2022.robocupjunior.eu\/rcj\/wp-content\/uploads\/2022\/03\/Harmonics.png\" alt=\"\" class=\"wp-image-402\" width=\"429\" height=\"380\" srcset=\"https:\/\/2022.robocupjunior.eu\/rcj\/wp-content\/uploads\/2022\/03\/Harmonics.png 858w, https:\/\/2022.robocupjunior.eu\/rcj\/wp-content\/uploads\/2022\/03\/Harmonics-300x265.png 300w, https:\/\/2022.robocupjunior.eu\/rcj\/wp-content\/uploads\/2022\/03\/Harmonics-768x679.png 768w\" sizes=\"auto, (max-width: 429px) 100vw, 429px\" \/><\/a><\/figure>\n\n\n\n<p><a href=\"https:\/\/musiclab.chromeexperiments.com\/Harmonics\/\"><\/a><strong>Kandinsky<\/strong><\/p>\n\n\n\n<p>Experimente criar m\u00fasica a partir do seu desenho.<\/p>\n\n\n\n<figure class=\"wp-block-image aligncenter size-large is-resized\"><a href=\"https:\/\/musiclab.chromeexperiments.com\/Kandinsky\/\"><img decoding=\"async\" src=\"https:\/\/2022.robocupjunior.eu\/rcj\/wp-content\/uploads\/2022\/03\/Kandinsky-1024x776.png\" alt=\"\" class=\"wp-image-403\" width=\"500\" srcset=\"https:\/\/2022.robocupjunior.eu\/rcj\/wp-content\/uploads\/2022\/03\/Kandinsky-1024x776.png 1024w, https:\/\/2022.robocupjunior.eu\/rcj\/wp-content\/uploads\/2022\/03\/Kandinsky-300x227.png 300w, https:\/\/2022.robocupjunior.eu\/rcj\/wp-content\/uploads\/2022\/03\/Kandinsky-768x582.png 768w, https:\/\/2022.robocupjunior.eu\/rcj\/wp-content\/uploads\/2022\/03\/Kandinsky.png 1065w\" sizes=\"(max-width: 1024px) 100vw, 1024px\" \/><\/a><\/figure>\n\n\n\n<p><a href=\"https:\/\/musiclab.chromeexperiments.com\/Kandinsky\/\"><\/a><strong>Melody Maker<\/strong><\/p>\n\n\n\n<p>Escolha a velocidade no fundo e crie a sua melodia, seleccionando uma linha para cada coluna.<\/p>\n\n\n\n<figure class=\"wp-block-image aligncenter size-large is-resized\"><a href=\"https:\/\/musiclab.chromeexperiments.com\/Melody-Maker\/\"><img decoding=\"async\" src=\"https:\/\/2022.robocupjunior.eu\/rcj\/wp-content\/uploads\/2022\/03\/MelodyMaker-1024x578.png\" alt=\"\" class=\"wp-image-404\" width=\"500\" srcset=\"https:\/\/2022.robocupjunior.eu\/rcj\/wp-content\/uploads\/2022\/03\/MelodyMaker-1024x578.png 1024w, https:\/\/2022.robocupjunior.eu\/rcj\/wp-content\/uploads\/2022\/03\/MelodyMaker-300x169.png 300w, https:\/\/2022.robocupjunior.eu\/rcj\/wp-content\/uploads\/2022\/03\/MelodyMaker-768x434.png 768w, https:\/\/2022.robocupjunior.eu\/rcj\/wp-content\/uploads\/2022\/03\/MelodyMaker.png 1280w\" sizes=\"(max-width: 1024px) 100vw, 1024px\" \/><\/a><\/figure>\n\n\n\n<p><a href=\"https:\/\/musiclab.chromeexperiments.com\/Melody-Maker\/\"><\/a><strong>Oscillators<\/strong><\/p>\n\n\n\n<p>Ou\u00e7a os diferentes sons gerados por uma onda sinusoidal, uma onda triangular, uma onda quadrada e uma onda dente de serra.<\/p>\n\n\n\n<figure class=\"wp-block-image aligncenter size-full is-resized\"><a href=\"https:\/\/musiclab.chromeexperiments.com\/Oscillators\/\"><img decoding=\"async\" src=\"https:\/\/2022.robocupjunior.eu\/rcj\/wp-content\/uploads\/2022\/03\/Oscillators.png\" alt=\"\" class=\"wp-image-406\" width=\"500\" srcset=\"https:\/\/2022.robocupjunior.eu\/rcj\/wp-content\/uploads\/2022\/03\/Oscillators.png 467w, https:\/\/2022.robocupjunior.eu\/rcj\/wp-content\/uploads\/2022\/03\/Oscillators-300x185.png 300w\" sizes=\"(max-width: 467px) 100vw, 467px\" \/><\/a><\/figure>\n\n\n\n<p><a href=\"https:\/\/musiclab.chromeexperiments.com\/Oscillators\/\"><\/a><strong>PianoRoll<\/strong><\/p>\n\n\n\n<p>Ou\u00e7a um piano a tocar enquanto v\u00ea as diferentes notas representadas como travess\u00f5es.<\/p>\n\n\n\n<figure class=\"wp-block-image aligncenter size-full is-resized\"><a href=\"https:\/\/musiclab.chromeexperiments.com\/Piano-Roll\/\"><img decoding=\"async\" src=\"https:\/\/2022.robocupjunior.eu\/rcj\/wp-content\/uploads\/2022\/03\/PianoRoll.png\" alt=\"\" class=\"wp-image-407\" width=\"500\" srcset=\"https:\/\/2022.robocupjunior.eu\/rcj\/wp-content\/uploads\/2022\/03\/PianoRoll.png 931w, https:\/\/2022.robocupjunior.eu\/rcj\/wp-content\/uploads\/2022\/03\/PianoRoll-300x251.png 300w, https:\/\/2022.robocupjunior.eu\/rcj\/wp-content\/uploads\/2022\/03\/PianoRoll-768x642.png 768w\" sizes=\"(max-width: 931px) 100vw, 931px\" \/><\/a><\/figure>\n\n\n\n<p><a href=\"https:\/\/musiclab.chromeexperiments.com\/Piano-Roll\/\"><\/a><strong>Rhythm<\/strong><\/p>\n\n\n\n<p>Fa\u00e7a o seu pr\u00f3prio ritmo adicionando batidas na sec\u00e7\u00e3o cinzenta.<\/p>\n\n\n\n<figure class=\"wp-block-image aligncenter size-full is-resized\"><a href=\"https:\/\/musiclab.chromeexperiments.com\/Rhythm\/\"><img decoding=\"async\" src=\"https:\/\/2022.robocupjunior.eu\/rcj\/wp-content\/uploads\/2022\/03\/Rhythm.png\" alt=\"\" class=\"wp-image-408\" width=\"500\" srcset=\"https:\/\/2022.robocupjunior.eu\/rcj\/wp-content\/uploads\/2022\/03\/Rhythm.png 855w, https:\/\/2022.robocupjunior.eu\/rcj\/wp-content\/uploads\/2022\/03\/Rhythm-300x269.png 300w, https:\/\/2022.robocupjunior.eu\/rcj\/wp-content\/uploads\/2022\/03\/Rhythm-768x689.png 768w\" sizes=\"(max-width: 855px) 100vw, 855px\" \/><\/a><\/figure>\n\n\n\n<p><a href=\"https:\/\/musiclab.chromeexperiments.com\/Rhythm\/\"><\/a><strong>SharedPiano<\/strong><\/p>\n\n\n\n<p>Toque o piano voc\u00ea mesmo e partilhe o link para que outros tamb\u00e9m o possam tocar ao mesmo tempo.<\/p>\n\n\n\n<figure class=\"wp-block-image aligncenter size-full is-resized\"><a href=\"https:\/\/musiclab.chromeexperiments.com\/Shared-Piano\/\"><img decoding=\"async\" src=\"https:\/\/2022.robocupjunior.eu\/rcj\/wp-content\/uploads\/2022\/03\/SharedPiano.png\" alt=\"\" class=\"wp-image-409\" width=\"500\" srcset=\"https:\/\/2022.robocupjunior.eu\/rcj\/wp-content\/uploads\/2022\/03\/SharedPiano.png 504w, https:\/\/2022.robocupjunior.eu\/rcj\/wp-content\/uploads\/2022\/03\/SharedPiano-300x252.png 300w\" sizes=\"(max-width: 504px) 100vw, 504px\" \/><\/a><\/figure>\n\n\n\n<p><a href=\"https:\/\/musiclab.chromeexperiments.com\/Shared-Piano\/\"><\/a><strong>SongMaker<\/strong><\/p>\n\n\n\n<p>Fa\u00e7a um <em>loop<\/em> musical seleccionando as notas e o ritmo. Quando estiver satisfeito pode partilhar ou descarregar a sua amostra.<\/p>\n\n\n\n<figure class=\"wp-block-image aligncenter size-full is-resized\"><a href=\"https:\/\/musiclab.chromeexperiments.com\/Song-Maker\/\"><img decoding=\"async\" src=\"https:\/\/2022.robocupjunior.eu\/rcj\/wp-content\/uploads\/2022\/03\/SongMaker.png\" alt=\"\" class=\"wp-image-410\" width=\"500\" srcset=\"https:\/\/2022.robocupjunior.eu\/rcj\/wp-content\/uploads\/2022\/03\/SongMaker.png 568w, https:\/\/2022.robocupjunior.eu\/rcj\/wp-content\/uploads\/2022\/03\/SongMaker-300x256.png 300w\" sizes=\"(max-width: 568px) 100vw, 568px\" \/><\/a><\/figure>\n\n\n\n<p><a href=\"https:\/\/musiclab.chromeexperiments.com\/Song-Maker\/\"><\/a><strong>SoundWaves<\/strong><\/p>\n\n\n\n<p>Tocar as teclas do teclado e ver os diferentes padr\u00f5es que se formam na grelha pontilhada.<\/p>\n\n\n\n<figure class=\"wp-block-image aligncenter size-full is-resized\"><a href=\"https:\/\/musiclab.chromeexperiments.com\/Sound-Waves\/\"><img decoding=\"async\" src=\"https:\/\/2022.robocupjunior.eu\/rcj\/wp-content\/uploads\/2022\/03\/SoundWaves.png\" alt=\"\" class=\"wp-image-411\" width=\"500\" srcset=\"https:\/\/2022.robocupjunior.eu\/rcj\/wp-content\/uploads\/2022\/03\/SoundWaves.png 560w, https:\/\/2022.robocupjunior.eu\/rcj\/wp-content\/uploads\/2022\/03\/SoundWaves-300x241.png 300w\" sizes=\"(max-width: 560px) 100vw, 560px\" \/><\/a><\/figure>\n\n\n\n<p><a href=\"https:\/\/musiclab.chromeexperiments.com\/Sound-Waves\/\"><\/a><strong>Spectrograma<\/strong><\/p>\n\n\n\n<p>Escolha diferentes instrumentos e observe como os padr\u00f5es mudam.<\/p>\n\n\n\n<figure class=\"wp-block-image aligncenter size-full is-resized\"><a href=\"https:\/\/musiclab.chromeexperiments.com\/Spectrogram\/\"><img decoding=\"async\" src=\"https:\/\/2022.robocupjunior.eu\/rcj\/wp-content\/uploads\/2022\/03\/Spectrogram.png\" alt=\"\" class=\"wp-image-412\" width=\"500\" srcset=\"https:\/\/2022.robocupjunior.eu\/rcj\/wp-content\/uploads\/2022\/03\/Spectrogram.png 669w, https:\/\/2022.robocupjunior.eu\/rcj\/wp-content\/uploads\/2022\/03\/Spectrogram-300x294.png 300w\" sizes=\"(max-width: 669px) 100vw, 669px\" \/><\/a><\/figure>\n\n\n\n<p><a href=\"https:\/\/musiclab.chromeexperiments.com\/Spectrogram\/\"><\/a><strong>Strings<\/strong><\/p>\n\n\n\n<p>Toque as cordas. Note como o som difere de acordo com o comprimento do segmento.<\/p>\n\n\n\n<figure class=\"wp-block-image aligncenter size-full is-resized\"><a href=\"https:\/\/musiclab.chromeexperiments.com\/Strings\/\"><img decoding=\"async\" src=\"https:\/\/2022.robocupjunior.eu\/rcj\/wp-content\/uploads\/2022\/03\/Strings.png\" alt=\"\" class=\"wp-image-413\" width=\"500\" srcset=\"https:\/\/2022.robocupjunior.eu\/rcj\/wp-content\/uploads\/2022\/03\/Strings.png 1018w, https:\/\/2022.robocupjunior.eu\/rcj\/wp-content\/uploads\/2022\/03\/Strings-300x233.png 300w, https:\/\/2022.robocupjunior.eu\/rcj\/wp-content\/uploads\/2022\/03\/Strings-768x597.png 768w\" sizes=\"(max-width: 1018px) 100vw, 1018px\" \/><\/a><\/figure>\n\n\n\n<p><a href=\"https:\/\/musiclab.chromeexperiments.com\/Strings\/\"><\/a><strong>Voice Spinner<\/strong><\/p>\n\n\n\n<p>Guarde um pequeno clip com a sua voz. Ajuste a velocidade de reprodu\u00e7\u00e3o alterando o deslizador.<\/p>\n\n\n\n<figure class=\"wp-block-image aligncenter size-full is-resized\"><a href=\"https:\/\/musiclab.chromeexperiments.com\/Voice-Spinner\/\"><img decoding=\"async\" src=\"https:\/\/2022.robocupjunior.eu\/rcj\/wp-content\/uploads\/2022\/03\/VoiceSpinner.png\" alt=\"\" class=\"wp-image-414\" width=\"500\" srcset=\"https:\/\/2022.robocupjunior.eu\/rcj\/wp-content\/uploads\/2022\/03\/VoiceSpinner.png 901w, https:\/\/2022.robocupjunior.eu\/rcj\/wp-content\/uploads\/2022\/03\/VoiceSpinner-300x231.png 300w, https:\/\/2022.robocupjunior.eu\/rcj\/wp-content\/uploads\/2022\/03\/VoiceSpinner-768x592.png 768w\" sizes=\"(max-width: 901px) 100vw, 901px\" \/><\/a><\/figure>\n\n\n\n<h2 class=\"wp-block-heading\"><a href=\"https:\/\/musiclab.chromeexperiments.com\/Voice-Spinner\/\"><\/a>Instru\u00e7\u00f5es:<\/h2>\n\n\n\n<p>Experimente as v\u00e1rias aplica\u00e7\u00f5es para aprender sobre som e como fazer m\u00fasica.<\/p>\n\n\n\n<h2 class=\"wp-block-heading\" id=\"Links:\">Links:<\/h2>\n\n\n\n<p><a href=\"https:\/\/musiclab.chromeexperiments.com\/\">Chrome Music Lab<\/a><\/p>\n","protected":false},"excerpt":{"rendered":"<p>Music Lab \u00e9 uma interessante colec\u00e7\u00e3o de aplica\u00e7\u00f5es online gratuitas para compreender e aprender sobre som e m\u00fasica. Componentes: Tablet Microfone Colunas Princ\u00edpio de funcionamento: As seguintes aplica\u00e7\u00f5es est\u00e3o dispon\u00edveis para experimentar: Arpeggios Ao seleccionar a chave poder\u00e1 ouvir o arpejo correspondente. O c\u00edrculo exibe o c\u00edrculo de quintas. O c\u00edrculo exterior permite seleccionar os [&hellip;]<\/p>\n","protected":false},"author":2,"featured_media":405,"parent":227,"menu_order":0,"comment_status":"closed","ping_status":"closed","template":"","meta":{"footnotes":""},"class_list":["post-416","page","type-page","status-publish","has-post-thumbnail","hentry"],"_links":{"self":[{"href":"https:\/\/2022.robocupjunior.eu\/rcj\/index.php\/wp-json\/wp\/v2\/pages\/416","targetHints":{"allow":["GET"]}}],"collection":[{"href":"https:\/\/2022.robocupjunior.eu\/rcj\/index.php\/wp-json\/wp\/v2\/pages"}],"about":[{"href":"https:\/\/2022.robocupjunior.eu\/rcj\/index.php\/wp-json\/wp\/v2\/types\/page"}],"author":[{"embeddable":true,"href":"https:\/\/2022.robocupjunior.eu\/rcj\/index.php\/wp-json\/wp\/v2\/users\/2"}],"replies":[{"embeddable":true,"href":"https:\/\/2022.robocupjunior.eu\/rcj\/index.php\/wp-json\/wp\/v2\/comments?post=416"}],"version-history":[{"count":4,"href":"https:\/\/2022.robocupjunior.eu\/rcj\/index.php\/wp-json\/wp\/v2\/pages\/416\/revisions"}],"predecessor-version":[{"id":934,"href":"https:\/\/2022.robocupjunior.eu\/rcj\/index.php\/wp-json\/wp\/v2\/pages\/416\/revisions\/934"}],"up":[{"embeddable":true,"href":"https:\/\/2022.robocupjunior.eu\/rcj\/index.php\/wp-json\/wp\/v2\/pages\/227"}],"wp:featuredmedia":[{"embeddable":true,"href":"https:\/\/2022.robocupjunior.eu\/rcj\/index.php\/wp-json\/wp\/v2\/media\/405"}],"wp:attachment":[{"href":"https:\/\/2022.robocupjunior.eu\/rcj\/index.php\/wp-json\/wp\/v2\/media?parent=416"}],"curies":[{"name":"wp","href":"https:\/\/api.w.org\/{rel}","templated":true}]}}