{"id":425,"date":"2022-03-14T23:42:21","date_gmt":"2022-03-14T23:42:21","guid":{"rendered":"https:\/\/2022.robocupjunior.eu\/rcj\/?page_id=425"},"modified":"2022-06-24T13:59:32","modified_gmt":"2022-06-24T13:59:32","slug":"ofi-30-litofanes","status":"publish","type":"page","link":"https:\/\/2022.robocupjunior.eu\/rcj\/index.php\/oficinas\/luz-e-imagem\/ofi-30-litofanes\/","title":{"rendered":"Litofanes"},"content":{"rendered":"\n<div class=\"wp-block-columns is-layout-flex wp-container-core-columns-is-layout-28f84493 wp-block-columns-is-layout-flex\">\n<div class=\"wp-block-column is-layout-flow wp-block-column-is-layout-flow\" style=\"flex-basis:80%\"><figure class=\"wp-block-post-featured-image\"><img loading=\"lazy\" decoding=\"async\" width=\"720\" height=\"405\" src=\"https:\/\/2022.robocupjunior.eu\/rcj\/wp-content\/uploads\/2022\/03\/Lithophanes.jpg\" class=\"attachment-post-thumbnail size-post-thumbnail wp-post-image\" alt=\"\" style=\"object-fit:cover;\" srcset=\"https:\/\/2022.robocupjunior.eu\/rcj\/wp-content\/uploads\/2022\/03\/Lithophanes.jpg 720w, https:\/\/2022.robocupjunior.eu\/rcj\/wp-content\/uploads\/2022\/03\/Lithophanes-300x169.jpg 300w\" sizes=\"auto, (max-width: 720px) 100vw, 720px\" \/><\/figure><\/div>\n\n\n\n<div class=\"wp-block-column is-layout-flow wp-block-column-is-layout-flow\" style=\"padding-top:0px;padding-right:0px;padding-bottom:0px;padding-left:0px;flex-basis:20%\">\n<!-- START Kaya QR Code Generator --><div class=\"wpkqcg_qrcode_wrapper\"><input type=\"hidden\" id=\"wpkqcg_qrcode_outputimg_2069d6e5d5e015266_ecclevel\" value=\"L\" \/><input type=\"hidden\" id=\"wpkqcg_qrcode_outputimg_2069d6e5d5e015266_size\" value=\"\" \/><input type=\"hidden\" id=\"wpkqcg_qrcode_outputimg_2069d6e5d5e015266_color\" value=\"\" \/><input type=\"hidden\" id=\"wpkqcg_qrcode_outputimg_2069d6e5d5e015266_bgcolor\" value=\"\" \/><input type=\"hidden\" id=\"wpkqcg_qrcode_outputimg_2069d6e5d5e015266_content\" value=\"https:\/\/2022.robocupjunior.eu\/rcj\/index.php\/wp-json\/wp\/v2\/pages\/425\" \/><img decoding=\"async\" src=\"\" id=\"wpkqcg_qrcode_outputimg_2069d6e5d5e015266\" alt=\"QR Code\" class=\"wpkqcg_qrcode\" style=\"width: auto; height: auto; max-width: 100%;\" ><div style=\"clear: none;\"><\/div><\/div><!-- END Kaya QR Code Generator -->\n<\/div>\n<\/div>\n\n\n<h2 class=\"wp-block-post-title\">Litofanes<\/h2>\n\n\n<figure class=\"wp-block-embed is-type-video is-provider-youtube wp-block-embed-youtube wp-embed-aspect-16-9 wp-has-aspect-ratio\"><div class=\"wp-block-embed__wrapper\">\n<iframe loading=\"lazy\" title=\"Litofanes\" width=\"500\" height=\"281\" src=\"https:\/\/www.youtube.com\/embed\/YuDV13jGy0o?feature=oembed\" frameborder=\"0\" allow=\"accelerometer; autoplay; clipboard-write; encrypted-media; gyroscope; picture-in-picture; web-share\" referrerpolicy=\"strict-origin-when-cross-origin\" allowfullscreen><\/iframe>\n<\/div><\/figure>\n\n\n\n<p>A palavra litofane vem das palavras gregas litho, que significa &#8220;pedra&#8221;, e phainein, que significa &#8220;produzir para aparecer&#8221;.<\/p>\n\n\n\n<p>Os primeiros litofanes foram fabricados a partir de porcelana moldada em moldes de cera nos anos 1800.<\/p>\n\n\n\n<p>Um litofano \u00e9 um objecto transl\u00facido sobre o qual uma imagem \u00e9 projectada, ajustando a espessura do material. Est\u00e1 em uso h\u00e1 centenas de anos, mas a impress\u00e3o em 3D s\u00f3 recentemente o tornou mais f\u00e1cil de fazer.<\/p>\n\n\n\n<p><strong>Componentes:<\/strong><\/p>\n\n\n\n<ul class=\"wp-block-list\"><li>Lithophane<\/li><li>Fonte de luz<\/li><\/ul>\n\n\n\n<h2 class=\"wp-block-heading\" id=\"Princ\u00edpio-de-funcionamento:\">Princ\u00edpio de funcionamento:<\/h2>\n\n\n\n<p>A luz que passa atrav\u00e9s de um litofane \u00e9 modulada. Em termos simples, a imagem \u00e9  transformar num relevo, com as por\u00e7\u00f5es mais escuras da imagem tendo uma sec\u00e7\u00e3o transversal mais espessa, permitindo que pouca luz flua, e as \u00e1reas mais claras da imagem tendo uma sec\u00e7\u00e3o transversal mais estreita, permitindo a passagem de mais luz. Produz-se assim uma imagem a preto e branco, que \u00e9 iluminada por uma luz de fundo.<\/p>\n\n\n\n<p>Quando se acende uma luz no reverso do litofane, a imagem aparece como um contraste de v\u00e1rias intensidades de luz.<\/p>\n\n\n\n<figure class=\"wp-block-image aligncenter size-full\"><a href=\"https:\/\/itslitho.com\/itslitho-blog\/what-is-a-3d-printed-lithophane\/\"><img loading=\"lazy\" decoding=\"async\" width=\"300\" height=\"300\" src=\"https:\/\/2022.robocupjunior.eu\/rcj\/wp-content\/uploads\/2022\/03\/lithophane_OFF.jpg\" alt=\"\" class=\"wp-image-421\" srcset=\"https:\/\/2022.robocupjunior.eu\/rcj\/wp-content\/uploads\/2022\/03\/lithophane_OFF.jpg 300w, https:\/\/2022.robocupjunior.eu\/rcj\/wp-content\/uploads\/2022\/03\/lithophane_OFF-150x150.jpg 150w\" sizes=\"auto, (max-width: 300px) 100vw, 300px\" \/><\/a><figcaption>Litofano n\u00e3o iluminado<\/figcaption><\/figure>\n\n\n\n<figure class=\"wp-block-image aligncenter size-full\"><a href=\"https:\/\/itslitho.com\/itslitho-blog\/what-is-a-3d-printed-lithophane\/\"><img loading=\"lazy\" decoding=\"async\" width=\"300\" height=\"300\" src=\"https:\/\/2022.robocupjunior.eu\/rcj\/wp-content\/uploads\/2022\/03\/Lithophane_ON.png\" alt=\"\" class=\"wp-image-422\" srcset=\"https:\/\/2022.robocupjunior.eu\/rcj\/wp-content\/uploads\/2022\/03\/Lithophane_ON.png 300w, https:\/\/2022.robocupjunior.eu\/rcj\/wp-content\/uploads\/2022\/03\/Lithophane_ON-150x150.png 150w\" sizes=\"auto, (max-width: 300px) 100vw, 300px\" \/><\/a><figcaption>Litofane iluminado da parte de tr\u00e1s<\/figcaption><\/figure>\n\n\n\n<p>Um litofano pode ser fabricado com excepcional precis\u00e3o e consist\u00eancia utilizando a impress\u00e3o em 3D.<\/p>\n\n\n\n<p>Para fazer um litofane personalizado, comece por escolher uma imagem de alta resolu\u00e7\u00e3o com caracter\u00edsticas de alto contraste. Pode construir um ficheiro STL com o litofano utilizando ferramentas de Internet gratuitas, que pode depois importar para a impressora \u00e0 sua escolha. Para imprimir eficazmente o litofane, \u00e9 fundamental definir a percentagem de infiltra\u00e7\u00e3o a 100% antes de iniciar a impress\u00e3o.<\/p>\n\n\n\n<p>O \u00e1cido polil\u00e1ctico branco (PLA) destaca-se como a melhor escolha de filamento para este tipo de impress\u00e3o, devido \u00e0 natureza dos litofanos. No entanto, como o PLA tem uma baixa temperatura de transi\u00e7\u00e3o v\u00edtrea (cerca de 60\u00b0C), \u00e9 aconselh\u00e1vel que o litofano seja iluminado com um LED. Utilizam menos energia e desperdi\u00e7am menos energia sob a forma de calor.<\/p>\n\n\n\n<p>Se isto n\u00e3o for poss\u00edvel, pode-se imprimir o litofano com PETG, que \u00e9 mais resistente ao calor mas tamb\u00e9m mais dif\u00edcil de imprimir.<\/p>\n\n\n\n<p>Podemos utilizar uma impressora 3D para produzir altera\u00e7\u00f5es de espessura numa superf\u00edcie, adicionando camadas no eixo Z ou aumentando o n\u00famero ou espessura de linhas no nosso desenho. A imagem pode ent\u00e3o ser vista como uma fotografia convencional com retro ilumina\u00e7\u00e3o.<\/p>\n\n\n\n<p>PLA \u00e9 a subst\u00e2ncia mais amiga do ambiente, tornando-a uma excelente escolha para a impress\u00e3o de litofanos. Parece transl\u00facida quando as pe\u00e7as mais finas s\u00e3o produzidas, e torna-se mais escura \u00e0 medida que a espessura aumenta. Quando se utiliza um PLA branco, o efeito torna-se ainda melhor.<\/p>\n\n\n\n<p>Embora qualquer tonalidade clara possa ser usada, o branco \u00e9 a maior escolha porque produz os melhores resultados mesmo com l\u00e2mpadas de baixa pot\u00eancia.<\/p>\n\n\n\n<h2 class=\"wp-block-heading\" id=\"Instru\u00e7\u00f5es:\">Instru\u00e7\u00f5es:<\/h2>\n\n\n\n<ul class=\"wp-block-list\"><li>Coloque o litofano em frente de uma fonte de luz<\/li><li>Observe a imagem a revelar-se<\/li><\/ul>\n\n\n\n<h2 class=\"wp-block-heading\" id=\"Links:\">Links:<\/h2>\n\n\n\n<p><a href=\"https:\/\/www.fabbaloo.com\/2019\/07\/how-to-3d-print-lithophanes\">How To 3D Print Lithophanes \u00ab Fabbaloo<\/a><\/p>\n\n\n\n<p><a href=\"https:\/\/all3dp.com\/2\/how-to-3d-print-your-own-lithophane\/#:~:text=Lithophanes%20are%20essentially%20embossed%20photos,blocked%20by%20the%20thick%20parts.\">How to 3D Print Your Own Lithophane<\/a><\/p>\n\n\n\n<p><a href=\"https:\/\/www.youtube.com\/watch?v=XmbdcmvZbP8\">3D Printing the Perfect Lithophane Picture<\/a><\/p>\n\n\n\n<p><a href=\"https:\/\/www.youtube.com\/watch?v=y63sVpeViXo\">3D Printing Your Photos &#8211; Lithophanes<\/a><\/p>\n\n\n\n<p><a href=\"https:\/\/www.youtube.com\/watch?v=sv840mlQj6Y\">Perfectly 3D Print All Types of Lithophanes and then Add Colour<\/a><\/p>\n\n\n\n<p><a href=\"https:\/\/www.youtube.com\/watch?v=BfiwdVMa-UA\">Bringing Photos To Life with 3D Printed Lithophanes<\/a><\/p>\n\n\n\n<p><a href=\"https:\/\/www.instructables.com\/Litophanes-How-to-3D-Print-your-photos\/\">Lithophanes: 3D Printing Your Photos!<\/a><\/p>\n\n\n\n<p><a href=\"https:\/\/petapixel.com\/2021\/12\/23\/what-are-lithophanes-this-is-how-to-turn-your-photos-into-3d-art\/\">What Are Lithophanes? This is How to Turn Your Photos into 3D Art<\/a><\/p>\n\n\n\n<p><a href=\"https:\/\/3dsolved.com\/how-to-make-lithophanes-with-a-3d-printer\/\">Lithophanes: how to make one and what filament to use<\/a><\/p>\n\n\n\n<p><a href=\"https:\/\/www.makeuseof.com\/what-is-a-lithophone-how-to-3d-print-lithophanes\/\">What Is a Lithophane and How Can You 3D Print One?<\/a><\/p>\n\n\n\n<p><a href=\"https:\/\/itslitho.com\/itslitho-blog\/what-is-a-3d-printed-lithophane\/\">What is a lithophane? And more about 3D printed lithophanes \u2022 ItsLitho<\/a><\/p>\n\n\n\n<p><a href=\"https:\/\/itslitho.com\/itslitho-blog\/slicer-settings-for-lithophanes-tweaking-to-perfection\/\">Slicer Settings for Lithophanes | Tweaking to Perfection \u2022 ItsLitho<\/a><\/p>\n\n\n\n<p><a href=\"https:\/\/lithophanemaker.com\/3D%20Print.html\">Lithophane 3D Printing Tips<\/a><\/p>\n","protected":false},"excerpt":{"rendered":"<p>A palavra litofane vem das palavras gregas litho, que significa &#8220;pedra&#8221;, e phainein, que significa &#8220;produzir para aparecer&#8221;. Os primeiros litofanes foram fabricados a partir de porcelana moldada em moldes de cera nos anos 1800. Um litofano \u00e9 um objecto transl\u00facido sobre o qual uma imagem \u00e9 projectada, ajustando a espessura do material. Est\u00e1 em [&hellip;]<\/p>\n","protected":false},"author":2,"featured_media":423,"parent":231,"menu_order":0,"comment_status":"closed","ping_status":"closed","template":"","meta":{"footnotes":""},"class_list":["post-425","page","type-page","status-publish","has-post-thumbnail","hentry"],"_links":{"self":[{"href":"https:\/\/2022.robocupjunior.eu\/rcj\/index.php\/wp-json\/wp\/v2\/pages\/425","targetHints":{"allow":["GET"]}}],"collection":[{"href":"https:\/\/2022.robocupjunior.eu\/rcj\/index.php\/wp-json\/wp\/v2\/pages"}],"about":[{"href":"https:\/\/2022.robocupjunior.eu\/rcj\/index.php\/wp-json\/wp\/v2\/types\/page"}],"author":[{"embeddable":true,"href":"https:\/\/2022.robocupjunior.eu\/rcj\/index.php\/wp-json\/wp\/v2\/users\/2"}],"replies":[{"embeddable":true,"href":"https:\/\/2022.robocupjunior.eu\/rcj\/index.php\/wp-json\/wp\/v2\/comments?post=425"}],"version-history":[{"count":6,"href":"https:\/\/2022.robocupjunior.eu\/rcj\/index.php\/wp-json\/wp\/v2\/pages\/425\/revisions"}],"predecessor-version":[{"id":1013,"href":"https:\/\/2022.robocupjunior.eu\/rcj\/index.php\/wp-json\/wp\/v2\/pages\/425\/revisions\/1013"}],"up":[{"embeddable":true,"href":"https:\/\/2022.robocupjunior.eu\/rcj\/index.php\/wp-json\/wp\/v2\/pages\/231"}],"wp:featuredmedia":[{"embeddable":true,"href":"https:\/\/2022.robocupjunior.eu\/rcj\/index.php\/wp-json\/wp\/v2\/media\/423"}],"wp:attachment":[{"href":"https:\/\/2022.robocupjunior.eu\/rcj\/index.php\/wp-json\/wp\/v2\/media?parent=425"}],"curies":[{"name":"wp","href":"https:\/\/api.w.org\/{rel}","templated":true}]}}