{"id":434,"date":"2022-03-16T17:58:39","date_gmt":"2022-03-16T17:58:39","guid":{"rendered":"https:\/\/2022.robocupjunior.eu\/rcj\/?page_id=434"},"modified":"2022-06-24T14:38:04","modified_gmt":"2022-06-24T14:38:04","slug":"ofi-33-caras-misturadas","status":"publish","type":"page","link":"https:\/\/2022.robocupjunior.eu\/rcj\/index.php\/oficinas\/luz-e-imagem\/ofi-33-caras-misturadas\/","title":{"rendered":"Caras misturadas"},"content":{"rendered":"\n<div class=\"wp-block-columns is-layout-flex wp-container-core-columns-is-layout-28f84493 wp-block-columns-is-layout-flex\">\n<div class=\"wp-block-column is-layout-flow wp-block-column-is-layout-flow\" style=\"flex-basis:80%\"><figure class=\"wp-block-post-featured-image\"><img loading=\"lazy\" decoding=\"async\" width=\"551\" height=\"615\" src=\"https:\/\/2022.robocupjunior.eu\/rcj\/wp-content\/uploads\/2022\/03\/caras_misturadas.png\" class=\"attachment-post-thumbnail size-post-thumbnail wp-post-image\" alt=\"\" style=\"object-fit:cover;\" srcset=\"https:\/\/2022.robocupjunior.eu\/rcj\/wp-content\/uploads\/2022\/03\/caras_misturadas.png 551w, https:\/\/2022.robocupjunior.eu\/rcj\/wp-content\/uploads\/2022\/03\/caras_misturadas-269x300.png 269w\" sizes=\"auto, (max-width: 551px) 100vw, 551px\" \/><\/figure><\/div>\n\n\n\n<div class=\"wp-block-column is-layout-flow wp-block-column-is-layout-flow\" style=\"padding-top:0px;padding-right:0px;padding-bottom:0px;padding-left:0px;flex-basis:20%\">\n<!-- START Kaya QR Code Generator --><div class=\"wpkqcg_qrcode_wrapper\"><input type=\"hidden\" id=\"wpkqcg_qrcode_outputimg_7569d6e652462d291_ecclevel\" value=\"L\" \/><input type=\"hidden\" id=\"wpkqcg_qrcode_outputimg_7569d6e652462d291_size\" value=\"\" \/><input type=\"hidden\" id=\"wpkqcg_qrcode_outputimg_7569d6e652462d291_color\" value=\"\" \/><input type=\"hidden\" id=\"wpkqcg_qrcode_outputimg_7569d6e652462d291_bgcolor\" value=\"\" \/><input type=\"hidden\" id=\"wpkqcg_qrcode_outputimg_7569d6e652462d291_content\" value=\"https:\/\/2022.robocupjunior.eu\/rcj\/index.php\/wp-json\/wp\/v2\/pages\/434\" \/><img decoding=\"async\" src=\"\" id=\"wpkqcg_qrcode_outputimg_7569d6e652462d291\" alt=\"QR Code\" class=\"wpkqcg_qrcode\" style=\"width: auto; height: auto; max-width: 100%;\" ><div style=\"clear: none;\"><\/div><\/div><!-- END Kaya QR Code Generator -->\n<\/div>\n<\/div>\n\n\n<h2 class=\"wp-block-post-title\">Caras misturadas<\/h2>\n\n\n<figure class=\"wp-block-embed is-type-video is-provider-youtube wp-block-embed-youtube wp-embed-aspect-16-9 wp-has-aspect-ratio\"><div class=\"wp-block-embed__wrapper\">\n<iframe loading=\"lazy\" title=\"Caras misturadas\" width=\"500\" height=\"281\" src=\"https:\/\/www.youtube.com\/embed\/8s94APdL7II?feature=oembed\" frameborder=\"0\" allow=\"accelerometer; autoplay; clipboard-write; encrypted-media; gyroscope; picture-in-picture; web-share\" referrerpolicy=\"strict-origin-when-cross-origin\" allowfullscreen><\/iframe>\n<\/div><\/figure>\n\n\n\n<p>A ilus\u00e3o de caras misturadas (tamb\u00e9m conhecida como o Nariz do Vosso Pai) \u00e9 muito popular em exposi\u00e7\u00f5es de arte e museus de ci\u00eancia. Num espelho convencional podemos observar o nosso pr\u00f3prio rosto. Neste espelho, especialmente concebido para o efeito, conseguir\u00e1 ver um rosto que \u00e9 metade seu e metade de outra pessoa.<\/p>\n\n\n\n<p><strong>Componentes:<\/strong><\/p>\n\n\n\n<ul class=\"wp-block-list\"><li>Listras espelhadas duplas<\/li><li>Duas pessoas de frente uma para a outra de cada lado<\/li><\/ul>\n\n\n\n<h2 class=\"wp-block-heading\">Princ\u00edpio de funcionamento:<\/h2>\n\n\n\n<p>Este efeito \u00e9 poss\u00edvel devido \u00e0 utiliza\u00e7\u00e3o de tiras espelhadas acopladas com tiras n\u00e3o espelhadas. Isto \u00e9 o que cria a ilus\u00e3o de duas faces que se misturam.<\/p>\n\n\n\n<figure class=\"wp-block-image size-full\"><img loading=\"lazy\" decoding=\"async\" width=\"250\" height=\"250\" src=\"https:\/\/2022.robocupjunior.eu\/rcj\/wp-content\/uploads\/2022\/03\/smile-000-000-002-669.jpg\" alt=\"\" class=\"wp-image-428\" srcset=\"https:\/\/2022.robocupjunior.eu\/rcj\/wp-content\/uploads\/2022\/03\/smile-000-000-002-669.jpg 250w, https:\/\/2022.robocupjunior.eu\/rcj\/wp-content\/uploads\/2022\/03\/smile-000-000-002-669-150x150.jpg 150w\" sizes=\"auto, (max-width: 250px) 100vw, 250px\" \/><\/figure>\n\n\n\n<p>Uma faixa espelhada de 4 cm deve ser seguida por uma faixa sem qualquer revestimento espelhado. Isto repete-se num padr\u00e3o de tiras at\u00e9 ao fim do comprimento do espelho. Cada tira tem um espelho de cada lado para proporcionar a ilus\u00e3o. Isto permite a ambas as pessoas verem a ilus\u00e3o ao mesmo tempo.<\/p>\n\n\n\n<p>Com esta experi\u00eancia pode aprender sobre luz, reflex\u00e3o (espelhos), e percep\u00e7\u00e3o. Um espelho &#8220;bidireccional&#8221; exige que duas pessoas se sentem em lados opostos. Pode ainda regular a quantidade de luz que ilumina cada rosto. \u00c0 medida que muda a luz, v\u00eaem que a sua imagem est\u00e1 progressivamente a assumir aspectos da apar\u00eancia do seu parceiro, resultando numa pessoa &#8220;composta&#8221;.<\/p>\n\n\n\n<p><strong>O que est\u00e1 a acontecer?<\/strong><\/p>\n\n\n\n<p>Quando se olha ao espelho, \u00e9 quase certo que se nota a boca da outra pessoa atrav\u00e9s da fenda. A outra pessoa vai ver os seus pr\u00f3prios olhos, mas n\u00e3o a sua boca, no mesmo momento. Ver\u00e1 um rosto &#8220;composto&#8221; constitu\u00eddo por barras horizontais pr\u00f3prias e as caracter\u00edsticas da outra pessoa a alternar.<\/p>\n\n\n\n<figure class=\"wp-block-image size-large is-resized\"><img loading=\"lazy\" decoding=\"async\" src=\"https:\/\/2022.robocupjunior.eu\/rcj\/wp-content\/uploads\/2022\/03\/your-fathers-nose-scaled-1-1024x716.jpg\" alt=\"\" class=\"wp-image-430\" width=\"512\" height=\"358\" srcset=\"https:\/\/2022.robocupjunior.eu\/rcj\/wp-content\/uploads\/2022\/03\/your-fathers-nose-scaled-1-1024x716.jpg 1024w, https:\/\/2022.robocupjunior.eu\/rcj\/wp-content\/uploads\/2022\/03\/your-fathers-nose-scaled-1-300x210.jpg 300w, https:\/\/2022.robocupjunior.eu\/rcj\/wp-content\/uploads\/2022\/03\/your-fathers-nose-scaled-1-768x537.jpg 768w, https:\/\/2022.robocupjunior.eu\/rcj\/wp-content\/uploads\/2022\/03\/your-fathers-nose-scaled-1-1536x1073.jpg 1536w, https:\/\/2022.robocupjunior.eu\/rcj\/wp-content\/uploads\/2022\/03\/your-fathers-nose-scaled-1-2048x1431.jpg 2048w\" sizes=\"auto, (max-width: 512px) 100vw, 512px\" \/><\/figure>\n\n\n\n<p>A dist\u00e2ncia entre a sua imagem no espelho e o seu rosto real em frente ao espelho deve ser a mesma. Para que as suas caracter\u00edsticas faciais se misturem com as da outra pessoa, essa pessoa deve estar pelo menos t\u00e3o longe do espelho como voc\u00ea, com o seu rosto na mesma posi\u00e7\u00e3o que a imagem virtual do seu rosto.<\/p>\n\n\n\n<p>Pode parecer estranho que o seu reflexo pare\u00e7a estar atr\u00e1s e n\u00e3o sobre a superf\u00edcie de um espelho plano (plano). Porque \u00e9 que \u00e9 isto acontece?<\/p>\n\n\n\n<p>Quando olha para um espelho, a luz que ilumina o seu nariz reflete, bate no espelho e chega aos seus olhos. Para criar uma imagem do mundo, os seus olhos e c\u00e9rebro trabalham em conjunto. A luz deve ter viajado em linhas retas para alcan\u00e7ar os seus olhos, de acordo com este sistema olho-c\u00e9rebro. A sua cabe\u00e7a teria de estar atr\u00e1s do espelho para que a luz seguisse um caminho reto at\u00e9 aos seus olhos.<\/p>\n\n\n\n<p>Num espelho plano, a imagem de um rosto est\u00e1 \u00e0 mesma dist\u00e2ncia atr\u00e1s do espelho que o rosto \u00e0 frente do espelho, como mostra a figura abaixo.<\/p>\n\n\n\n<figure class=\"wp-block-image size-full\"><img loading=\"lazy\" decoding=\"async\" width=\"576\" height=\"187\" src=\"https:\/\/2022.robocupjunior.eu\/rcj\/wp-content\/uploads\/2022\/03\/your-fathers-nose.jpg\" alt=\"\" class=\"wp-image-429\" srcset=\"https:\/\/2022.robocupjunior.eu\/rcj\/wp-content\/uploads\/2022\/03\/your-fathers-nose.jpg 576w, https:\/\/2022.robocupjunior.eu\/rcj\/wp-content\/uploads\/2022\/03\/your-fathers-nose-300x97.jpg 300w\" sizes=\"auto, (max-width: 576px) 100vw, 576px\" \/><\/figure>\n\n\n\n<h2 class=\"wp-block-heading\">Instru\u00e7\u00f5es:<\/h2>\n\n\n\n<p>Coloque-se em frente do espelho com outra pessoa \u00e0 sua frente e a moldura entre si.<\/p>\n\n\n\n<p>Mova a cabe\u00e7a para cima ou para baixo at\u00e9 conseguir ver os olhos na segunda faixa do espelho a partir de cima, com o rosto a cerca de 30 cm (12 polegadas) das tiras do espelho. Certifique-se de que a pessoa do outro lado segura a sua cabe\u00e7a \u00e0 mesma dist\u00e2ncia das tiras espelhadas.<\/p>\n\n\n\n<p>Dever\u00e1 agora ver um rosto &#8220;composto&#8221; que inclui algumas das suas caracter\u00edsticas, bem como as do outro indiv\u00edduo. Poder\u00e1 ter de se aproximar ou afastar mais do espelho enquanto o seu parceiro permanece im\u00f3vel para obter a maior face composta. Tente mover a sua cabe\u00e7a para um melhor alinhamento.<\/p>\n\n\n\n<h2 class=\"wp-block-heading\">Links:<\/h2>\n\n\n\n<p><a href=\"https:\/\/www.exploratorium.edu\/snacks\/your-fathers-nose\">https:\/\/www.exploratorium.edu\/snacks\/your-fathers-nose<\/a><\/p>\n\n\n\n<p><a href=\"https:\/\/www.twowaymirrors.com\/mirror-illusions\/\">https:\/\/www.twowaymirrors.com\/mirror-illusions\/<\/a><\/p>\n\n\n\n<p><a href=\"https:\/\/www.youtube.com\/watch?v=ImlbieR4j0Y\">https:\/\/www.youtube.com\/watch?v=ImlbieR4j0Y<\/a><\/p>\n\n\n\n<p><a href=\"https:\/\/www.howtosmile.org\/resource\/smile-000-000-002-669\">https:\/\/www.howtosmile.org\/resource\/smile-000-000-002-669<\/a><\/p>\n","protected":false},"excerpt":{"rendered":"<p>A ilus\u00e3o de caras misturadas (tamb\u00e9m conhecida como o Nariz do Vosso Pai) \u00e9 muito popular em exposi\u00e7\u00f5es de arte e museus de ci\u00eancia. Num espelho convencional podemos observar o nosso pr\u00f3prio rosto. Neste espelho, especialmente concebido para o efeito, conseguir\u00e1 ver um rosto que \u00e9 metade seu e metade de outra pessoa. Componentes: Listras [&hellip;]<\/p>\n","protected":false},"author":2,"featured_media":432,"parent":231,"menu_order":0,"comment_status":"closed","ping_status":"closed","template":"","meta":{"footnotes":""},"class_list":["post-434","page","type-page","status-publish","has-post-thumbnail","hentry"],"_links":{"self":[{"href":"https:\/\/2022.robocupjunior.eu\/rcj\/index.php\/wp-json\/wp\/v2\/pages\/434","targetHints":{"allow":["GET"]}}],"collection":[{"href":"https:\/\/2022.robocupjunior.eu\/rcj\/index.php\/wp-json\/wp\/v2\/pages"}],"about":[{"href":"https:\/\/2022.robocupjunior.eu\/rcj\/index.php\/wp-json\/wp\/v2\/types\/page"}],"author":[{"embeddable":true,"href":"https:\/\/2022.robocupjunior.eu\/rcj\/index.php\/wp-json\/wp\/v2\/users\/2"}],"replies":[{"embeddable":true,"href":"https:\/\/2022.robocupjunior.eu\/rcj\/index.php\/wp-json\/wp\/v2\/comments?post=434"}],"version-history":[{"count":4,"href":"https:\/\/2022.robocupjunior.eu\/rcj\/index.php\/wp-json\/wp\/v2\/pages\/434\/revisions"}],"predecessor-version":[{"id":1017,"href":"https:\/\/2022.robocupjunior.eu\/rcj\/index.php\/wp-json\/wp\/v2\/pages\/434\/revisions\/1017"}],"up":[{"embeddable":true,"href":"https:\/\/2022.robocupjunior.eu\/rcj\/index.php\/wp-json\/wp\/v2\/pages\/231"}],"wp:featuredmedia":[{"embeddable":true,"href":"https:\/\/2022.robocupjunior.eu\/rcj\/index.php\/wp-json\/wp\/v2\/media\/432"}],"wp:attachment":[{"href":"https:\/\/2022.robocupjunior.eu\/rcj\/index.php\/wp-json\/wp\/v2\/media?parent=434"}],"curies":[{"name":"wp","href":"https:\/\/api.w.org\/{rel}","templated":true}]}}