{"id":485,"date":"2022-03-18T22:47:17","date_gmt":"2022-03-18T22:47:17","guid":{"rendered":"https:\/\/2022.robocupjunior.eu\/rcj\/?page_id=485"},"modified":"2022-06-24T14:42:07","modified_gmt":"2022-06-24T14:42:07","slug":"ofi-32-caixa-magica","status":"publish","type":"page","link":"https:\/\/2022.robocupjunior.eu\/rcj\/index.php\/oficinas\/luz-e-imagem\/ofi-32-caixa-magica\/","title":{"rendered":"Caixa M\u00e1gica"},"content":{"rendered":"\n<div class=\"wp-block-columns is-layout-flex wp-container-core-columns-is-layout-28f84493 wp-block-columns-is-layout-flex\">\n<div class=\"wp-block-column is-layout-flow wp-block-column-is-layout-flow\" style=\"flex-basis:80%\"><figure class=\"wp-block-post-featured-image\"><img loading=\"lazy\" decoding=\"async\" width=\"1200\" height=\"598\" src=\"https:\/\/2022.robocupjunior.eu\/rcj\/wp-content\/uploads\/2022\/03\/magic_box.png\" class=\"attachment-post-thumbnail size-post-thumbnail wp-post-image\" alt=\"\" style=\"object-fit:cover;\" srcset=\"https:\/\/2022.robocupjunior.eu\/rcj\/wp-content\/uploads\/2022\/03\/magic_box.png 1200w, https:\/\/2022.robocupjunior.eu\/rcj\/wp-content\/uploads\/2022\/03\/magic_box-300x150.png 300w, https:\/\/2022.robocupjunior.eu\/rcj\/wp-content\/uploads\/2022\/03\/magic_box-1024x510.png 1024w, https:\/\/2022.robocupjunior.eu\/rcj\/wp-content\/uploads\/2022\/03\/magic_box-768x383.png 768w\" sizes=\"auto, (max-width: 1200px) 100vw, 1200px\" \/><\/figure><\/div>\n\n\n\n<div class=\"wp-block-column is-layout-flow wp-block-column-is-layout-flow\" style=\"padding-top:0px;padding-right:0px;padding-bottom:0px;padding-left:0px;flex-basis:20%\">\n<!-- START Kaya QR Code Generator --><div class=\"wpkqcg_qrcode_wrapper\"><input type=\"hidden\" id=\"wpkqcg_qrcode_outputimg_5469d6e5cd9944570_ecclevel\" value=\"L\" \/><input type=\"hidden\" id=\"wpkqcg_qrcode_outputimg_5469d6e5cd9944570_size\" value=\"\" \/><input type=\"hidden\" id=\"wpkqcg_qrcode_outputimg_5469d6e5cd9944570_color\" value=\"\" \/><input type=\"hidden\" id=\"wpkqcg_qrcode_outputimg_5469d6e5cd9944570_bgcolor\" value=\"\" \/><input type=\"hidden\" id=\"wpkqcg_qrcode_outputimg_5469d6e5cd9944570_content\" value=\"https:\/\/2022.robocupjunior.eu\/rcj\/index.php\/wp-json\/wp\/v2\/pages\/485\" \/><img decoding=\"async\" src=\"\" id=\"wpkqcg_qrcode_outputimg_5469d6e5cd9944570\" alt=\"QR Code\" class=\"wpkqcg_qrcode\" style=\"width: auto; height: auto; max-width: 100%;\" ><div style=\"clear: none;\"><\/div><\/div><!-- END Kaya QR Code Generator -->\n<\/div>\n<\/div>\n\n\n<h2 class=\"wp-block-post-title\">Caixa M\u00e1gica<\/h2>\n\n\n<figure class=\"wp-block-embed is-type-video is-provider-youtube wp-block-embed-youtube wp-embed-aspect-16-9 wp-has-aspect-ratio\"><div class=\"wp-block-embed__wrapper\">\n<iframe loading=\"lazy\" title=\"Caixa M\u00e1gica\" width=\"500\" height=\"281\" src=\"https:\/\/www.youtube.com\/embed\/v7zB0mDBZR8?feature=oembed\" frameborder=\"0\" allow=\"accelerometer; autoplay; clipboard-write; encrypted-media; gyroscope; picture-in-picture; web-share\" referrerpolicy=\"strict-origin-when-cross-origin\" allowfullscreen><\/iframe>\n<\/div><\/figure>\n\n\n\n<p>A caixa m\u00e1gica cria uma ilus\u00e3o \u00f3tica. De um lado pode ver-se um cubo a flutuar no meio da caixa. No entanto, quando observado do outro lado v\u00ea-se uma forma diferente. Intrigante&#8230; ser\u00e1 magia?<\/p>\n\n\n\n<p><strong>Componentes:<\/strong><\/p>\n\n\n\n<ul class=\"wp-block-list\"><li>Caixa M\u00e1gica<\/li><\/ul>\n\n\n\n<h2 class=\"wp-block-heading\" id=\"Princ\u00edpio-de-funcionamento:\">Princ\u00edpio de funcionamento:<\/h2>\n\n\n\n<p>A Caixa M\u00e1gica cont\u00e9m um espelho que a divide verticalmente atrav\u00e9s da diagonal.<\/p>\n\n\n\n<p>Est\u00e1 posicionada de modo a dividir o cubo ao meio, dando a ilus\u00e3o de que se pode ver o interior completo da caixa quando s\u00f3 se consegue ver metade dela.<\/p>\n\n\n\n<p>Os itens que foram colocados no interior acrescentam \u00e0 experi\u00eancia geral. De um lado, h\u00e1 um cubo preso ao espelho que parece estar a flutuar em pleno ar. Combinado com efeitos de luz estrategicamente colocados no fundo, cria a ilus\u00e3o de que a caixa cont\u00e9m apenas um cubo cheio a flutuar e perfeitamente centrado no meio da caixa. De facto, apenas metade de um cubo est\u00e1 colado ao espelho, a outra metade que se observa \u00e9 apenas um reflexo.<\/p>\n\n\n\n<figure class=\"wp-block-image size-full\"><img loading=\"lazy\" decoding=\"async\" width=\"398\" height=\"515\" src=\"https:\/\/2022.robocupjunior.eu\/rcj\/wp-content\/uploads\/2022\/03\/magic_cube.png\" alt=\"\" class=\"wp-image-482\" srcset=\"https:\/\/2022.robocupjunior.eu\/rcj\/wp-content\/uploads\/2022\/03\/magic_cube.png 398w, https:\/\/2022.robocupjunior.eu\/rcj\/wp-content\/uploads\/2022\/03\/magic_cube-232x300.png 232w\" sizes=\"auto, (max-width: 398px) 100vw, 398px\" \/><\/figure>\n\n\n\n<p>Quando mudar o ponto de vista e observar o interior da caixa a partir da outra face, ver\u00e1 uma pir\u00e2mide. Mais uma vez, esta \u00e9 apenas metade de uma pir\u00e2mide colada \u00e0 outra face do espelho diagonal.<\/p>\n\n\n\n<figure class=\"wp-block-image size-full is-resized\"><img decoding=\"async\" src=\"https:\/\/2022.robocupjunior.eu\/rcj\/wp-content\/uploads\/2022\/03\/magic_pyramid.png\" alt=\"\" class=\"wp-image-483\" width=\"400\" srcset=\"https:\/\/2022.robocupjunior.eu\/rcj\/wp-content\/uploads\/2022\/03\/magic_pyramid.png 500w, https:\/\/2022.robocupjunior.eu\/rcj\/wp-content\/uploads\/2022\/03\/magic_pyramid-241x300.png 241w\" sizes=\"(max-width: 500px) 100vw, 500px\" \/><\/figure>\n\n\n\n<h2 class=\"wp-block-heading\" id=\"Instru\u00e7\u00f5es:\">Instru\u00e7\u00f5es:<\/h2>\n\n\n\n<p>Examine ambos os lados da Caixa M\u00e1gica. Consegue explicar o que v\u00ea?<\/p>\n\n\n\n<h2 class=\"wp-block-heading\" id=\"Links:\">Links:<\/h2>\n\n\n\n<p><a href=\"https:\/\/www.youtube.com\/watch?v=B9efFQkPfbw\">Magic box at the museum of illusion Orlando<\/a><\/p>\n\n\n\n<p><a href=\"https:\/\/www.loopme.my\/live-post\/2VaA7AUJMQSZxdAz\">Hmm&#8230;these Padawans are up to something. Are you wondering<\/a><\/p>\n","protected":false},"excerpt":{"rendered":"<p>A caixa m\u00e1gica cria uma ilus\u00e3o \u00f3tica. De um lado pode ver-se um cubo a flutuar no meio da caixa. No entanto, quando observado do outro lado v\u00ea-se uma forma diferente. Intrigante&#8230; ser\u00e1 magia? Componentes: Caixa M\u00e1gica Princ\u00edpio de funcionamento: A Caixa M\u00e1gica cont\u00e9m um espelho que a divide verticalmente atrav\u00e9s da diagonal. Est\u00e1 posicionada [&hellip;]<\/p>\n","protected":false},"author":2,"featured_media":481,"parent":231,"menu_order":0,"comment_status":"closed","ping_status":"closed","template":"","meta":{"footnotes":""},"class_list":["post-485","page","type-page","status-publish","has-post-thumbnail","hentry"],"_links":{"self":[{"href":"https:\/\/2022.robocupjunior.eu\/rcj\/index.php\/wp-json\/wp\/v2\/pages\/485","targetHints":{"allow":["GET"]}}],"collection":[{"href":"https:\/\/2022.robocupjunior.eu\/rcj\/index.php\/wp-json\/wp\/v2\/pages"}],"about":[{"href":"https:\/\/2022.robocupjunior.eu\/rcj\/index.php\/wp-json\/wp\/v2\/types\/page"}],"author":[{"embeddable":true,"href":"https:\/\/2022.robocupjunior.eu\/rcj\/index.php\/wp-json\/wp\/v2\/users\/2"}],"replies":[{"embeddable":true,"href":"https:\/\/2022.robocupjunior.eu\/rcj\/index.php\/wp-json\/wp\/v2\/comments?post=485"}],"version-history":[{"count":7,"href":"https:\/\/2022.robocupjunior.eu\/rcj\/index.php\/wp-json\/wp\/v2\/pages\/485\/revisions"}],"predecessor-version":[{"id":1020,"href":"https:\/\/2022.robocupjunior.eu\/rcj\/index.php\/wp-json\/wp\/v2\/pages\/485\/revisions\/1020"}],"up":[{"embeddable":true,"href":"https:\/\/2022.robocupjunior.eu\/rcj\/index.php\/wp-json\/wp\/v2\/pages\/231"}],"wp:featuredmedia":[{"embeddable":true,"href":"https:\/\/2022.robocupjunior.eu\/rcj\/index.php\/wp-json\/wp\/v2\/media\/481"}],"wp:attachment":[{"href":"https:\/\/2022.robocupjunior.eu\/rcj\/index.php\/wp-json\/wp\/v2\/media?parent=485"}],"curies":[{"name":"wp","href":"https:\/\/api.w.org\/{rel}","templated":true}]}}