{"id":530,"date":"2022-03-20T00:58:01","date_gmt":"2022-03-20T00:58:01","guid":{"rendered":"https:\/\/2022.robocupjunior.eu\/rcj\/?page_id=530"},"modified":"2022-05-31T17:43:24","modified_gmt":"2022-05-31T17:43:24","slug":"ofi-22-drawdio","status":"publish","type":"page","link":"https:\/\/2022.robocupjunior.eu\/rcj\/index.php\/oficinas\/som\/ofi-22-drawdio\/","title":{"rendered":"Drawdio"},"content":{"rendered":"\n<div class=\"wp-block-columns is-layout-flex wp-container-core-columns-is-layout-28f84493 wp-block-columns-is-layout-flex\">\n<div class=\"wp-block-column is-layout-flow wp-block-column-is-layout-flow\" style=\"flex-basis:80%\"><figure class=\"wp-block-post-featured-image\"><img loading=\"lazy\" decoding=\"async\" width=\"500\" height=\"375\" src=\"https:\/\/2022.robocupjunior.eu\/rcj\/wp-content\/uploads\/2022\/03\/Drawdio.webp\" class=\"attachment-post-thumbnail size-post-thumbnail wp-post-image\" alt=\"\" style=\"object-fit:cover;\" srcset=\"https:\/\/2022.robocupjunior.eu\/rcj\/wp-content\/uploads\/2022\/03\/Drawdio.webp 500w, https:\/\/2022.robocupjunior.eu\/rcj\/wp-content\/uploads\/2022\/03\/Drawdio-300x225.webp 300w\" sizes=\"auto, (max-width: 500px) 100vw, 500px\" \/><\/figure><\/div>\n\n\n\n<div class=\"wp-block-column is-layout-flow wp-block-column-is-layout-flow\" style=\"padding-top:0px;padding-right:0px;padding-bottom:0px;padding-left:0px;flex-basis:20%\">\n<!-- START Kaya QR Code Generator --><div class=\"wpkqcg_qrcode_wrapper\"><input type=\"hidden\" id=\"wpkqcg_qrcode_outputimg_2369d6e6ab692c621_ecclevel\" value=\"L\" \/><input type=\"hidden\" id=\"wpkqcg_qrcode_outputimg_2369d6e6ab692c621_size\" value=\"\" \/><input type=\"hidden\" id=\"wpkqcg_qrcode_outputimg_2369d6e6ab692c621_color\" value=\"\" \/><input type=\"hidden\" id=\"wpkqcg_qrcode_outputimg_2369d6e6ab692c621_bgcolor\" value=\"\" \/><input type=\"hidden\" id=\"wpkqcg_qrcode_outputimg_2369d6e6ab692c621_content\" value=\"https:\/\/2022.robocupjunior.eu\/rcj\/index.php\/wp-json\/wp\/v2\/pages\/530\" \/><img decoding=\"async\" src=\"\" id=\"wpkqcg_qrcode_outputimg_2369d6e6ab692c621\" alt=\"QR Code\" class=\"wpkqcg_qrcode\" style=\"width: auto; height: auto; max-width: 100%;\" ><div style=\"clear: none;\"><\/div><\/div><!-- END Kaya QR Code Generator -->\n<\/div>\n<\/div>\n\n\n<h2 class=\"wp-block-post-title\">Drawdio<\/h2>\n\n\n<p>O Drawdio \u00e9 um sintetizador musical muito simples que faz sons utilizando as qualidades el\u00e9ctricas da grafite do l\u00e1pis. Como resultado, pode desenhar instrumentos musicais em qualquer peda\u00e7o de papel utilizando este fascinante brinquedo.<\/p>\n\n\n\n<p><strong>Componentes:<\/strong><\/p>\n\n\n\n<ul class=\"wp-block-list\"><li>Bateria AAA (funciona durante muitas horas)<\/li><li>L\u00e1pis (quanto mais suave, melhor)<\/li><\/ul>\n\n\n\n<h2 class=\"wp-block-heading\" id=\"Princ\u00edpio-de-funcionamento:\">Princ\u00edpio de funcionamento:<\/h2>\n\n\n\n<p>Jay Silver criou o Drawdio, que explora as qualidades el\u00e9ctricas do grafite num l\u00e1pis para produzir v\u00e1rios tons musicais.<\/p>\n\n\n\n<figure class=\"wp-block-image aligncenter size-medium\"><img loading=\"lazy\" decoding=\"async\" width=\"300\" height=\"221\" src=\"https:\/\/2022.robocupjunior.eu\/rcj\/wp-content\/uploads\/2022\/03\/Drawdio1-300x221.png\" alt=\"\" class=\"wp-image-527\" srcset=\"https:\/\/2022.robocupjunior.eu\/rcj\/wp-content\/uploads\/2022\/03\/Drawdio1-300x221.png 300w, https:\/\/2022.robocupjunior.eu\/rcj\/wp-content\/uploads\/2022\/03\/Drawdio1.png 554w\" sizes=\"auto, (max-width: 300px) 100vw, 300px\" \/><\/figure>\n\n\n\n<p>Com esta vers\u00e3o do Drawdio, pode transformar uma folha de papel no seu pr\u00f3prio instrumento musical, levando o modesto sintetizador musical para o n\u00edvel seguinte! Este bem pensado pacote de drawdio inclui um l\u00e1pis de grafite de 8b que produz linhas amplas e suaves.<\/p>\n\n\n\n<p><strong>Diagrama do circuito:<\/strong><\/p>\n\n\n\n<figure class=\"wp-block-image aligncenter size-medium\"><img loading=\"lazy\" decoding=\"async\" width=\"300\" height=\"274\" src=\"https:\/\/2022.robocupjunior.eu\/rcj\/wp-content\/uploads\/2022\/03\/drawdio_schem_pinout_battery_symbol_corrected-300x274.webp\" alt=\"\" class=\"wp-image-526\" srcset=\"https:\/\/2022.robocupjunior.eu\/rcj\/wp-content\/uploads\/2022\/03\/drawdio_schem_pinout_battery_symbol_corrected-300x274.webp 300w, https:\/\/2022.robocupjunior.eu\/rcj\/wp-content\/uploads\/2022\/03\/drawdio_schem_pinout_battery_symbol_corrected.webp 620w\" sizes=\"auto, (max-width: 300px) 100vw, 300px\" \/><\/figure>\n\n\n\n<p>O chip 555 est\u00e1 no cora\u00e7\u00e3o do circuito Drawdio. Esta variante emprega uma vers\u00e3o de baixa pot\u00eancia do 555 que pode funcionar a 3 volts, mas funciona tamb\u00e9m como um 555 convencional. O 555 funciona no chamado modo <em>astable<\/em> quando ligado por esta via, emitindo um fluxo cont\u00ednuo de impulsos a partir do pino 3. Altere os valores das resist\u00eancias e condensadores ligados aos pinos 2 e 7 para ajustar a frequ\u00eancia dos impulsos. A frequ\u00eancia de sa\u00edda dos 555 varia naturalmente em fun\u00e7\u00e3o do que ela ou ele est\u00e1 a tocar, porque as liga\u00e7\u00f5es s\u00e3o concebidas para colocar o corpo do utilizador no la\u00e7o resistivo. O transistor amplifica os impulsos, que depois emergem como som aud\u00edvel do altifalante.<\/p>\n\n\n\n<p><strong>Como utiliz\u00e1-lo:<\/strong><\/p>\n\n\n\n<figure class=\"wp-block-image aligncenter size-medium\"><img loading=\"lazy\" decoding=\"async\" width=\"300\" height=\"169\" src=\"https:\/\/2022.robocupjunior.eu\/rcj\/wp-content\/uploads\/2022\/03\/something-drawdio-300x169.jpg\" alt=\"\" class=\"wp-image-528\" srcset=\"https:\/\/2022.robocupjunior.eu\/rcj\/wp-content\/uploads\/2022\/03\/something-drawdio-300x169.jpg 300w, https:\/\/2022.robocupjunior.eu\/rcj\/wp-content\/uploads\/2022\/03\/something-drawdio-1024x576.jpg 1024w, https:\/\/2022.robocupjunior.eu\/rcj\/wp-content\/uploads\/2022\/03\/something-drawdio-768x432.jpg 768w, https:\/\/2022.robocupjunior.eu\/rcj\/wp-content\/uploads\/2022\/03\/something-drawdio.jpg 1380w\" sizes=\"auto, (max-width: 300px) 100vw, 300px\" \/><\/figure>\n\n\n\n<p>Para usar o seu l\u00e1pis drawdio, fa\u00e7a um ponto grande para um dedo repousar como visto acima, e depois risque com o l\u00e1pis como desejar. O dedo no ponto completa o circuito atrav\u00e9s do corpo (que \u00e9 inteiramente seguro, claro), ligando-se com a fita de cobre do l\u00e1pis com a outra m\u00e3o. Para ter uma ideia de como funciona, pode come\u00e7ar com uma linha recta. Uma vez desenhada uma linha, toque nela em intervalos variados ou passe o seu l\u00e1pis ao longo dela para criar sons com frequ\u00eancias e notas variadas.<\/p>\n\n\n\n<p>Se n\u00e3o ouvir nada na primeira vez, tente tornar as linhas mais espessas, mais finas, mais curtas e mais longas para ver o que funciona melhor para si. Quanto maior for a gama de notas, mais longa \u00e9 a linha, come\u00e7ando com uma frequ\u00eancia mais baixa mais pr\u00f3xima do ponto de toque e aumentando \u00e0 medida que se afasta mais. Da mesma forma, quanto maior for o tom, mais larga e mais pesada \u00e9 a linha (portanto, a condutividade do grafite). Para o tornar ainda mais agrad\u00e1vel, troque o l\u00e1pis e segure-o no ponto enquanto corre o seu dedo ao longo da linha!<\/p>\n\n\n\n<p>Quando segura o Drawdio na m\u00e3o, todo o seu corpo se torna um la\u00e7o resistivo, permitindo-lhe executar uma variedade de truques divertidos.<\/p>\n\n\n\n<h2 class=\"wp-block-heading\" id=\"Instru\u00e7\u00f5es:\">Instru\u00e7\u00f5es:<\/h2>\n\n\n\n<ol class=\"wp-block-list\"><li>Primeiro, desenhe um grande ponto num peda\u00e7o de papel<\/li><li>Depois humede\u00e7a a ponta do dedo, por outro lado, e toque no ponto enquanto desenha uma linha a partir dele na p\u00e1gina.<\/li><li>Salte para tr\u00e1s e para a frente ao longo da linha, e pode tocar notas diferentes e at\u00e9, com um pouco de pr\u00e1tica, melodias inteiras.<\/li><\/ol>\n\n\n\n<h2 class=\"wp-block-heading\" id=\"Links:\">Links:<\/h2>\n\n\n\n<p><a href=\"https:\/\/thepihut.com\/products\/adafruit-drawdio-kit?variant=27739262033&amp;currency=GBP&amp;utm_medium=product_sync&amp;utm_source=google&amp;utm_content=sag_organic&amp;utm_campaign=sag_organic&amp;gclid=CjwKCAjw_tWRBhAwEiwALxFPoZ1H65Zk5zA5hjYV6BDNOniYLOV1UVuQ8xeP1bcjl6DYIe8hEdirQhoCSvoQAvD_BwE\">Drawdio kit (v1.1)<\/a><\/p>\n\n\n\n<p><a href=\"https:\/\/www.rakits.co.uk\/drawdio\/\">https:\/\/www.rakits.co.uk\/drawdio\/<\/a><\/p>\n\n\n\n<p><a href=\"https:\/\/makezine.com\/projects\/drawdio-musical-pencil\/\">&#8220;Drawdio&#8221; Musical Pencil &#8211; Make:<\/a><\/p>\n\n\n\n<p><a href=\"https:\/\/learn.adafruit.com\/drawdio\">Drawdio<\/a><\/p>\n\n\n\n<p><a href=\"https:\/\/www.youtube.com\/watch?v=P4-Wl0W1004\">Weekend Projects &#8211; &#8220;Drawdio&#8221; Musical Pencil<\/a><\/p>\n\n\n\n<p><a href=\"https:\/\/www.youtube.com\/watch?v=PV_w38ldZaE\">Drawdio: Turn Almost Anything Into a Theremin<\/a><\/p>\n\n\n\n<p><a href=\"https:\/\/www.youtube.com\/watch?v=gDaj3tBSM2M\">Drawdio &#8211; a Pencil that draws sounds<\/a><\/p>\n","protected":false},"excerpt":{"rendered":"<p>O Drawdio \u00e9 um sintetizador musical muito simples que faz sons utilizando as qualidades el\u00e9ctricas da grafite do l\u00e1pis. Como resultado, pode desenhar instrumentos musicais em qualquer peda\u00e7o de papel utilizando este fascinante brinquedo. Componentes: Bateria AAA (funciona durante muitas horas) L\u00e1pis (quanto mais suave, melhor) Princ\u00edpio de funcionamento: Jay Silver criou o Drawdio, que [&hellip;]<\/p>\n","protected":false},"author":2,"featured_media":525,"parent":227,"menu_order":0,"comment_status":"closed","ping_status":"closed","template":"","meta":{"footnotes":""},"class_list":["post-530","page","type-page","status-publish","has-post-thumbnail","hentry"],"_links":{"self":[{"href":"https:\/\/2022.robocupjunior.eu\/rcj\/index.php\/wp-json\/wp\/v2\/pages\/530","targetHints":{"allow":["GET"]}}],"collection":[{"href":"https:\/\/2022.robocupjunior.eu\/rcj\/index.php\/wp-json\/wp\/v2\/pages"}],"about":[{"href":"https:\/\/2022.robocupjunior.eu\/rcj\/index.php\/wp-json\/wp\/v2\/types\/page"}],"author":[{"embeddable":true,"href":"https:\/\/2022.robocupjunior.eu\/rcj\/index.php\/wp-json\/wp\/v2\/users\/2"}],"replies":[{"embeddable":true,"href":"https:\/\/2022.robocupjunior.eu\/rcj\/index.php\/wp-json\/wp\/v2\/comments?post=530"}],"version-history":[{"count":5,"href":"https:\/\/2022.robocupjunior.eu\/rcj\/index.php\/wp-json\/wp\/v2\/pages\/530\/revisions"}],"predecessor-version":[{"id":937,"href":"https:\/\/2022.robocupjunior.eu\/rcj\/index.php\/wp-json\/wp\/v2\/pages\/530\/revisions\/937"}],"up":[{"embeddable":true,"href":"https:\/\/2022.robocupjunior.eu\/rcj\/index.php\/wp-json\/wp\/v2\/pages\/227"}],"wp:featuredmedia":[{"embeddable":true,"href":"https:\/\/2022.robocupjunior.eu\/rcj\/index.php\/wp-json\/wp\/v2\/media\/525"}],"wp:attachment":[{"href":"https:\/\/2022.robocupjunior.eu\/rcj\/index.php\/wp-json\/wp\/v2\/media?parent=530"}],"curies":[{"name":"wp","href":"https:\/\/api.w.org\/{rel}","templated":true}]}}