{"id":560,"date":"2022-03-20T23:53:13","date_gmt":"2022-03-20T23:53:13","guid":{"rendered":"https:\/\/2022.robocupjunior.eu\/rcj\/?page_id=560"},"modified":"2022-06-22T19:58:05","modified_gmt":"2022-06-22T19:58:05","slug":"ofi-29-efeito-estroboscopico","status":"publish","type":"page","link":"https:\/\/2022.robocupjunior.eu\/rcj\/index.php\/oficinas\/luz-e-imagem\/ofi-29-efeito-estroboscopico\/","title":{"rendered":"Efeito Estrobosc\u00f3pico"},"content":{"rendered":"\n<div class=\"wp-block-columns is-layout-flex wp-container-core-columns-is-layout-28f84493 wp-block-columns-is-layout-flex\">\n<div class=\"wp-block-column is-layout-flow wp-block-column-is-layout-flow\" style=\"flex-basis:80%\"><figure class=\"wp-block-post-featured-image\"><img loading=\"lazy\" decoding=\"async\" width=\"404\" height=\"293\" src=\"https:\/\/2022.robocupjunior.eu\/rcj\/wp-content\/uploads\/2022\/03\/Propeller_strobe.png\" class=\"attachment-post-thumbnail size-post-thumbnail wp-post-image\" alt=\"\" style=\"object-fit:cover;\" srcset=\"https:\/\/2022.robocupjunior.eu\/rcj\/wp-content\/uploads\/2022\/03\/Propeller_strobe.png 404w, https:\/\/2022.robocupjunior.eu\/rcj\/wp-content\/uploads\/2022\/03\/Propeller_strobe-300x218.png 300w\" sizes=\"auto, (max-width: 404px) 100vw, 404px\" \/><\/figure><\/div>\n\n\n\n<div class=\"wp-block-column is-layout-flow wp-block-column-is-layout-flow\" style=\"padding-top:0px;padding-right:0px;padding-bottom:0px;padding-left:0px;flex-basis:20%\">\n<!-- START Kaya QR Code Generator --><div class=\"wpkqcg_qrcode_wrapper\"><input type=\"hidden\" id=\"wpkqcg_qrcode_outputimg_5369d6e5cda61ea36_ecclevel\" value=\"L\" \/><input type=\"hidden\" id=\"wpkqcg_qrcode_outputimg_5369d6e5cda61ea36_size\" value=\"\" \/><input type=\"hidden\" id=\"wpkqcg_qrcode_outputimg_5369d6e5cda61ea36_color\" value=\"\" \/><input type=\"hidden\" id=\"wpkqcg_qrcode_outputimg_5369d6e5cda61ea36_bgcolor\" value=\"\" \/><input type=\"hidden\" id=\"wpkqcg_qrcode_outputimg_5369d6e5cda61ea36_content\" value=\"https:\/\/2022.robocupjunior.eu\/rcj\/index.php\/wp-json\/wp\/v2\/pages\/560\" \/><img decoding=\"async\" src=\"\" id=\"wpkqcg_qrcode_outputimg_5369d6e5cda61ea36\" alt=\"QR Code\" class=\"wpkqcg_qrcode\" style=\"width: auto; height: auto; max-width: 100%;\" ><div style=\"clear: none;\"><\/div><\/div><!-- END Kaya QR Code Generator -->\n<\/div>\n<\/div>\n\n\n<h2 class=\"wp-block-post-title\">Efeito Estrobosc\u00f3pico<\/h2>\n\n\n<figure class=\"wp-block-embed is-type-video is-provider-youtube wp-block-embed-youtube wp-embed-aspect-16-9 wp-has-aspect-ratio\"><div class=\"wp-block-embed__wrapper\">\n<iframe loading=\"lazy\" title=\"Efeito Estrobosc\u00f3pico\" width=\"500\" height=\"281\" src=\"https:\/\/www.youtube.com\/embed\/NcfwA1jaCOs?feature=oembed\" frameborder=\"0\" allow=\"accelerometer; autoplay; clipboard-write; encrypted-media; gyroscope; picture-in-picture; web-share\" referrerpolicy=\"strict-origin-when-cross-origin\" allowfullscreen><\/iframe>\n<\/div><\/figure>\n\n\n\n<p>O efeito estrobosc\u00f3pico \u00e9 um fen\u00f3meno que faz com que um aparelho em movimento ou em funcionamento apare\u00e7a im\u00f3vel. Os aparelhos podem tamb\u00e9m parecer estar a mover-se na outra direc\u00e7\u00e3o ou a viajar mais lentamente do que a sua velocidade de movimento real devido ao efeito estrobosc\u00f3pico.<\/p>\n\n\n\n<p><strong>Componentes:<\/strong><\/p>\n\n\n\n<ul class=\"wp-block-list\"><li>Fonte de luz<\/li><li>Disco em movimento<\/li><\/ul>\n\n\n\n<h2 class=\"wp-block-heading\" id=\"Princ\u00edpio-de-funcionamento:\">Princ\u00edpio de funcionamento:<\/h2>\n\n\n\n<p>O nosso c\u00e9rebro s\u00f3 pode processar mudan\u00e7as ou movimentos a um determinado ritmo. O nosso c\u00e9rebro suaviza naturalmente a entrada visual se houver quantidades conflituosas de movimento ou mudan\u00e7a dentro do nosso campo de vis\u00e3o.<\/p>\n\n\n\n<p>Sabia que se observar uma roda de autom\u00f3vel com 12 raios a rodar a 24 rota\u00e7\u00f5es por segundo numa televis\u00e3o t\u00edpica, os pneus v\u00e3o parecer est\u00e1ticos aos seus olhos? Dito de outra forma, o carro estaria em movimento, no entanto os raios dos pneus pareceriam estar parados.<\/p>\n\n\n\n<figure class=\"wp-block-image size-large is-resized\"><img loading=\"lazy\" decoding=\"async\" src=\"https:\/\/2022.robocupjunior.eu\/rcj\/wp-content\/uploads\/2022\/03\/stroboscopic_Wheel-1024x576.png\" alt=\"\" class=\"wp-image-558\" width=\"512\" height=\"288\" srcset=\"https:\/\/2022.robocupjunior.eu\/rcj\/wp-content\/uploads\/2022\/03\/stroboscopic_Wheel-1024x576.png 1024w, https:\/\/2022.robocupjunior.eu\/rcj\/wp-content\/uploads\/2022\/03\/stroboscopic_Wheel-300x169.png 300w, https:\/\/2022.robocupjunior.eu\/rcj\/wp-content\/uploads\/2022\/03\/stroboscopic_Wheel-768x432.png 768w, https:\/\/2022.robocupjunior.eu\/rcj\/wp-content\/uploads\/2022\/03\/stroboscopic_Wheel.png 1280w\" sizes=\"auto, (max-width: 512px) 100vw, 512px\" \/><\/figure>\n\n\n\n<p>Efeito estrobosc\u00f3pico \u00e9 o nome para este fen\u00f3meno.<\/p>\n\n\n\n<p>Quando as coisas em movimento s\u00e3o observadas em s\u00e9ries discretas de amostras breves ou instant\u00e2neas em vez de numa vis\u00e3o cont\u00ednua, o efeito estrobosc\u00f3pico ocorre.<\/p>\n\n\n\n<p>Tamb\u00e9m podem parecer mover-se na outra direc\u00e7\u00e3o ou estar a viajar mais lentamente do que a sua velocidade real devido ao efeito estrobosc\u00f3pico.<\/p>\n\n\n\n<figure class=\"wp-block-image size-full is-resized\"><img loading=\"lazy\" decoding=\"async\" src=\"https:\/\/2022.robocupjunior.eu\/rcj\/wp-content\/uploads\/2022\/03\/Photo4Wiki_strobo_effect_screwdriver.jpg\" alt=\"\" class=\"wp-image-555\" width=\"539\" height=\"368\" srcset=\"https:\/\/2022.robocupjunior.eu\/rcj\/wp-content\/uploads\/2022\/03\/Photo4Wiki_strobo_effect_screwdriver.jpg 718w, https:\/\/2022.robocupjunior.eu\/rcj\/wp-content\/uploads\/2022\/03\/Photo4Wiki_strobo_effect_screwdriver-300x205.jpg 300w\" sizes=\"auto, (max-width: 539px) 100vw, 539px\" \/><\/figure>\n\n\n\n<p>A frequ\u00eancia de amostragem da vis\u00e3o deve ser igual ou m\u00faltipla da frequ\u00eancia do movimento para que tal efeito ocorra.<\/p>\n\n\n\n<p>Um efeito estrobosc\u00f3pico \u00e9 um tipo de ilus\u00e3o \u00f3ptica que faz com que a vis\u00e3o t\u00edpica de objectos em movimento no ambiente seja perturbada.<\/p>\n\n\n\n<p><strong>Ilumina\u00e7\u00e3o fluorescente<\/strong><\/p>\n\n\n\n<p>Quando o ambiente \u00e9 iluminado com l\u00e2mpadas fluorescentes, o efeito estrobosc\u00f3pico \u00e9 mais frequentemente observado; no entanto, tamb\u00e9m pode ocorrer quando s\u00e3o utilizadas l\u00e2mpadas tubulares e outras fontes de luz.<\/p>\n\n\n\n<p>As l\u00e2mpadas fluorescentes com uma fonte de alimenta\u00e7\u00e3o alternada de 50Hz cintilam 100 vezes por segundo. Quando a luz de tais l\u00e2mpadas ou fontes de luz incide sobre as partes m\u00f3veis dos aparelhos, elas parecem estar a mover-se a uma velocidade mais lenta ou na direc\u00e7\u00e3o oposta \u00e0 que na realidade est\u00e3o. Em situa\u00e7\u00f5es raras, as partes m\u00f3veis do aparelho podem parecer totalmente estacion\u00e1rias e n\u00e3o se moverem de todo.<\/p>\n\n\n\n<figure class=\"wp-block-image size-full\"><img loading=\"lazy\" decoding=\"async\" width=\"180\" height=\"60\" src=\"https:\/\/2022.robocupjunior.eu\/rcj\/wp-content\/uploads\/2022\/03\/Strobe_2.gif\" alt=\"\" class=\"wp-image-556\"\/><\/figure>\n\n\n\n<h2 class=\"wp-block-heading\" id=\"Instru\u00e7\u00f5es:\">Instru\u00e7\u00f5es:<\/h2>\n\n\n\n<ol class=\"wp-block-list\"><li>Certifique-se de que se encontra num ambiente escuro<\/li><li>Ligue o motor que gira o disco<\/li><li>Ligue a fonte de luz<\/li><li>Ajuste a frequ\u00eancia da luz estrobosc\u00f3pica at\u00e9 ver que o disco est\u00e1 parado<\/li><li>Ligue a luz ambiente e verifique que o disco ainda est\u00e1 em movimento<\/li><\/ol>\n\n\n\n<h2 class=\"wp-block-heading\" id=\"Links:\">Links:<\/h2>\n\n\n\n<p><a href=\"https:\/\/www.airius.co.uk\/all-resources\/the-dangers-of-stroboscopic-effects-in-the-workplace\/\">The Dangers of Stroboscopic Effects | Airius Lighting<\/a><\/p>\n\n\n\n<p><a href=\"https:\/\/www.quora.com\/What-is-stroboscopic-effect\">What is stroboscopic effect?<\/a><\/p>\n\n\n\n<p><a href=\"https:\/\/studiousguy.com\/stroboscopic-effect-fluorescent-lamps\/\">Stroboscopic Effect in Fluorescent Lamps<\/a><\/p>\n\n\n\n<p><a href=\"https:\/\/en.wikipedia.org\/wiki\/Stroboscopic_effect\">Stroboscopic effect<\/a><\/p>\n\n\n\n<p><a href=\"https:\/\/www.youtube.com\/watch?v=LVwmtwZLG88\">curious stroboscopic effect<\/a><\/p>\n","protected":false},"excerpt":{"rendered":"<p>O efeito estrobosc\u00f3pico \u00e9 um fen\u00f3meno que faz com que um aparelho em movimento ou em funcionamento apare\u00e7a im\u00f3vel. Os aparelhos podem tamb\u00e9m parecer estar a mover-se na outra direc\u00e7\u00e3o ou a viajar mais lentamente do que a sua velocidade de movimento real devido ao efeito estrobosc\u00f3pico. Componentes: Fonte de luz Disco em movimento Princ\u00edpio [&hellip;]<\/p>\n","protected":false},"author":2,"featured_media":562,"parent":231,"menu_order":0,"comment_status":"closed","ping_status":"closed","template":"","meta":{"footnotes":""},"class_list":["post-560","page","type-page","status-publish","has-post-thumbnail","hentry"],"_links":{"self":[{"href":"https:\/\/2022.robocupjunior.eu\/rcj\/index.php\/wp-json\/wp\/v2\/pages\/560","targetHints":{"allow":["GET"]}}],"collection":[{"href":"https:\/\/2022.robocupjunior.eu\/rcj\/index.php\/wp-json\/wp\/v2\/pages"}],"about":[{"href":"https:\/\/2022.robocupjunior.eu\/rcj\/index.php\/wp-json\/wp\/v2\/types\/page"}],"author":[{"embeddable":true,"href":"https:\/\/2022.robocupjunior.eu\/rcj\/index.php\/wp-json\/wp\/v2\/users\/2"}],"replies":[{"embeddable":true,"href":"https:\/\/2022.robocupjunior.eu\/rcj\/index.php\/wp-json\/wp\/v2\/comments?post=560"}],"version-history":[{"count":6,"href":"https:\/\/2022.robocupjunior.eu\/rcj\/index.php\/wp-json\/wp\/v2\/pages\/560\/revisions"}],"predecessor-version":[{"id":1001,"href":"https:\/\/2022.robocupjunior.eu\/rcj\/index.php\/wp-json\/wp\/v2\/pages\/560\/revisions\/1001"}],"up":[{"embeddable":true,"href":"https:\/\/2022.robocupjunior.eu\/rcj\/index.php\/wp-json\/wp\/v2\/pages\/231"}],"wp:featuredmedia":[{"embeddable":true,"href":"https:\/\/2022.robocupjunior.eu\/rcj\/index.php\/wp-json\/wp\/v2\/media\/562"}],"wp:attachment":[{"href":"https:\/\/2022.robocupjunior.eu\/rcj\/index.php\/wp-json\/wp\/v2\/media?parent=560"}],"curies":[{"name":"wp","href":"https:\/\/api.w.org\/{rel}","templated":true}]}}