{"id":634,"date":"2022-05-06T20:50:05","date_gmt":"2022-05-06T20:50:05","guid":{"rendered":"https:\/\/2022.robocupjunior.eu\/rcj\/?page_id=634"},"modified":"2022-06-27T15:10:25","modified_gmt":"2022-06-27T15:10:25","slug":"ofi-59","status":"publish","type":"page","link":"https:\/\/2022.robocupjunior.eu\/rcj\/index.php\/oficinas\/eletronica-e-algoritmos\/ofi-59\/","title":{"rendered":"Little Bits"},"content":{"rendered":"\n<div class=\"wp-block-columns is-layout-flex wp-container-core-columns-is-layout-28f84493 wp-block-columns-is-layout-flex\">\n<div class=\"wp-block-column is-layout-flow wp-block-column-is-layout-flow\" style=\"flex-basis:80%\"><figure class=\"wp-block-post-featured-image\"><img loading=\"lazy\" decoding=\"async\" width=\"599\" height=\"252\" src=\"https:\/\/2022.robocupjunior.eu\/rcj\/wp-content\/uploads\/2022\/05\/littleBitsBasic.png\" class=\"attachment-post-thumbnail size-post-thumbnail wp-post-image\" alt=\"\" style=\"object-fit:cover;\" srcset=\"https:\/\/2022.robocupjunior.eu\/rcj\/wp-content\/uploads\/2022\/05\/littleBitsBasic.png 599w, https:\/\/2022.robocupjunior.eu\/rcj\/wp-content\/uploads\/2022\/05\/littleBitsBasic-300x126.png 300w\" sizes=\"auto, (max-width: 599px) 100vw, 599px\" \/><\/figure><\/div>\n\n\n\n<div class=\"wp-block-column is-layout-flow wp-block-column-is-layout-flow\" style=\"padding-top:0px;padding-right:0px;padding-bottom:0px;padding-left:0px;flex-basis:20%\">\n<!-- START Kaya QR Code Generator --><div class=\"wpkqcg_qrcode_wrapper\"><input type=\"hidden\" id=\"wpkqcg_qrcode_outputimg_9569d6e6521b48d45_ecclevel\" value=\"L\" \/><input type=\"hidden\" id=\"wpkqcg_qrcode_outputimg_9569d6e6521b48d45_size\" value=\"\" \/><input type=\"hidden\" id=\"wpkqcg_qrcode_outputimg_9569d6e6521b48d45_color\" value=\"\" \/><input type=\"hidden\" id=\"wpkqcg_qrcode_outputimg_9569d6e6521b48d45_bgcolor\" value=\"\" \/><input type=\"hidden\" id=\"wpkqcg_qrcode_outputimg_9569d6e6521b48d45_content\" value=\"https:\/\/2022.robocupjunior.eu\/rcj\/index.php\/wp-json\/wp\/v2\/pages\/634\" \/><img decoding=\"async\" src=\"\" id=\"wpkqcg_qrcode_outputimg_9569d6e6521b48d45\" alt=\"QR Code\" class=\"wpkqcg_qrcode\" style=\"width: auto; height: auto; max-width: 100%;\" ><div style=\"clear: none;\"><\/div><\/div><!-- END Kaya QR Code Generator -->\n<\/div>\n<\/div>\n\n\n<h2 class=\"wp-block-post-title\">Little Bits<\/h2>\n\n\n<figure class=\"wp-block-embed is-type-video is-provider-youtube wp-block-embed-youtube wp-embed-aspect-16-9 wp-has-aspect-ratio\"><div class=\"wp-block-embed__wrapper\">\n<iframe loading=\"lazy\" title=\"Little Bits\" width=\"500\" height=\"281\" src=\"https:\/\/www.youtube.com\/embed\/-PK5iYq2je0?feature=oembed\" frameborder=\"0\" allow=\"accelerometer; autoplay; clipboard-write; encrypted-media; gyroscope; picture-in-picture; web-share\" referrerpolicy=\"strict-origin-when-cross-origin\" allowfullscreen><\/iframe>\n<\/div><\/figure>\n\n\n\n<p>Concebida no MIT Media Lab, a littleBits faz m\u00f3dulos electr\u00f3nicos com fun\u00e7\u00f5es espec\u00edficas tais como luzes, movimento e som. Basta encaix\u00e1-los com \u00edmanes para os utilizar para prototipagem, aprendizagem e divers\u00e3o.<\/p>\n\n\n\n<p><strong>Components:<\/strong><\/p>\n\n\n\n<ul class=\"wp-block-list\"><li>Motor CC<\/li><li>Buzzer<\/li><li>Sensor de luz<\/li><li>Bargraph<\/li><li>Bot\u00e3o<\/li><li>Dimmer<\/li><li>Energia<\/li><li>Cabos<\/li><li>Led Brilhante<\/li><\/ul>\n\n\n\n<h2 class=\"wp-block-heading\">Principio de Funcionamento:<\/h2>\n\n\n\n<p>Com littleBits pode criar circuitos em segundos sem necessidade de soldadura, programa\u00e7\u00e3o ou cablagem. Esta colec\u00e7\u00e3o inclui 10 m\u00f3dulos com c\u00f3digo de cores que podem fazer mais de 150.000 combina\u00e7\u00f5es de circuitos. Controle um carro atrav\u00e9s da luz com o motor DC e o sensor de luz, ou assuste os seus amigos com um bot\u00e3o oculto e um <em>buzzer<\/em>.<\/p>\n\n\n\n<p>O Kit Base \u00e9 perfeito para crian\u00e7as e jovens come\u00e7arem a interagir com electr\u00f3nica em segundos. As pe\u00e7as encaixam com \u00edmanes, pelo que \u00e9 imposs\u00edvel cometer um erro. Os jovens podem aprender o b\u00e1sico da electr\u00f3nica, explorar os princ\u00edpios STEM, formar os fundamentos do pensamento cr\u00edtico, ou simplesmente divertir-se com cria\u00e7\u00f5es que piscam e zumbem. N\u00e3o \u00e9 necess\u00e1ria soldadura, cablagem ou programa\u00e7\u00e3o.<\/p>\n\n\n\n<figure class=\"wp-block-image aligncenter size-full\"><img loading=\"lazy\" decoding=\"async\" width=\"597\" height=\"355\" src=\"https:\/\/2022.robocupjunior.eu\/rcj\/wp-content\/uploads\/2022\/05\/littleBitsBox.png\" alt=\"\" class=\"wp-image-631\" srcset=\"https:\/\/2022.robocupjunior.eu\/rcj\/wp-content\/uploads\/2022\/05\/littleBitsBox.png 597w, https:\/\/2022.robocupjunior.eu\/rcj\/wp-content\/uploads\/2022\/05\/littleBitsBox-300x178.png 300w\" sizes=\"auto, (max-width: 597px) 100vw, 597px\" \/><\/figure>\n\n\n\n<ul class=\"wp-block-list\"><li>Mais de 150.000 combina\u00e7\u00f5es poss\u00edveis de circuitos<\/li><li>Inclui livro de instru\u00e7\u00f5es com 8 projectos e outras centenas <em>online<\/em><\/li><li>Kit inclui 10 m\u00f3dulos incluindo motor DC, campainha, dimmer, sensor de luz, e outros<\/li><li>Crie projectos populares como um Fon\u00f3grafo de Caixa de Pizza, Misturador de Bebidas, Art Bot, Star Chart, e muitos mais!<\/li><li>Domine o kit e adicione novos m\u00f3dulos quando estiver pronto, cada kit funcionar\u00e1 com todos os outros m\u00f3dulos littleBits.<\/li><\/ul>\n\n\n\n<h2 class=\"wp-block-heading\">Instru\u00e7\u00f5es:<\/h2>\n\n\n\n<ol class=\"wp-block-list\"><li>Experimente interligar os m\u00f3dulos<\/li><li>Comece por ligar a fonte de alimenta\u00e7\u00e3o (pilha de 9V) e depois connecte qualquer outro m\u00f3dulo.<\/li><li>Pode interligar v\u00e1rios m\u00f3dulos sequencialmente<\/li><\/ol>\n\n\n\n<h2 class=\"wp-block-heading\">Links:<\/h2>\n\n\n\n<p><a href=\"https:\/\/www.botnroll.com\/pt\/robos-e-kits-educacionais\/2127-littlebits-premium-kit.html\">https:\/\/www.botnroll.com\/pt\/robos-e-kits-educacionais\/2127-littlebits-premium-kit.html<\/a><\/p>\n\n\n\n<p><a href=\"https:\/\/classroom.littlebits.com\/getting-started#kit-selection\">https:\/\/classroom.littlebits.com\/getting-started#kit-selection<\/a><\/p>\n\n\n\n<figure class=\"wp-block-embed is-type-link is-provider-embed wp-block-embed-embed\"><div class=\"wp-block-embed__wrapper\">\n<a href=\"https:\/\/uk.pi-supply.com\/products\/littlebits-base-kit\">littleBits Base Kit<\/a>\n<\/div><\/figure>\n\n\n\n<p><a href=\"https:\/\/youtu.be\/6USwUexyXBg\">https:\/\/youtu.be\/6USwUexyXBg<\/a><\/p>\n\n\n\n<p><a href=\"https:\/\/youtu.be\/E7B0mWvnE1Q\">https:\/\/youtu.be\/E7B0mWvnE1Q<\/a><\/p>\n\n\n\n<p><a href=\"https:\/\/youtu.be\/i_YTL-HK6og\">https:\/\/youtu.be\/i_YTL-HK6og<\/a><\/p>\n","protected":false},"excerpt":{"rendered":"<p>Concebida no MIT Media Lab, a littleBits faz m\u00f3dulos electr\u00f3nicos com fun\u00e7\u00f5es espec\u00edficas tais como luzes, movimento e som. Basta encaix\u00e1-los com \u00edmanes para os utilizar para prototipagem, aprendizagem e divers\u00e3o. Components: Motor CC Buzzer Sensor de luz Bargraph Bot\u00e3o Dimmer Energia Cabos Led Brilhante Principio de Funcionamento: Com littleBits pode criar circuitos em segundos [&hellip;]<\/p>\n","protected":false},"author":2,"featured_media":630,"parent":245,"menu_order":0,"comment_status":"closed","ping_status":"closed","template":"","meta":{"footnotes":""},"class_list":["post-634","page","type-page","status-publish","has-post-thumbnail","hentry"],"_links":{"self":[{"href":"https:\/\/2022.robocupjunior.eu\/rcj\/index.php\/wp-json\/wp\/v2\/pages\/634","targetHints":{"allow":["GET"]}}],"collection":[{"href":"https:\/\/2022.robocupjunior.eu\/rcj\/index.php\/wp-json\/wp\/v2\/pages"}],"about":[{"href":"https:\/\/2022.robocupjunior.eu\/rcj\/index.php\/wp-json\/wp\/v2\/types\/page"}],"author":[{"embeddable":true,"href":"https:\/\/2022.robocupjunior.eu\/rcj\/index.php\/wp-json\/wp\/v2\/users\/2"}],"replies":[{"embeddable":true,"href":"https:\/\/2022.robocupjunior.eu\/rcj\/index.php\/wp-json\/wp\/v2\/comments?post=634"}],"version-history":[{"count":6,"href":"https:\/\/2022.robocupjunior.eu\/rcj\/index.php\/wp-json\/wp\/v2\/pages\/634\/revisions"}],"predecessor-version":[{"id":1026,"href":"https:\/\/2022.robocupjunior.eu\/rcj\/index.php\/wp-json\/wp\/v2\/pages\/634\/revisions\/1026"}],"up":[{"embeddable":true,"href":"https:\/\/2022.robocupjunior.eu\/rcj\/index.php\/wp-json\/wp\/v2\/pages\/245"}],"wp:featuredmedia":[{"embeddable":true,"href":"https:\/\/2022.robocupjunior.eu\/rcj\/index.php\/wp-json\/wp\/v2\/media\/630"}],"wp:attachment":[{"href":"https:\/\/2022.robocupjunior.eu\/rcj\/index.php\/wp-json\/wp\/v2\/media?parent=634"}],"curies":[{"name":"wp","href":"https:\/\/api.w.org\/{rel}","templated":true}]}}