{"id":636,"date":"2022-05-06T20:54:16","date_gmt":"2022-05-06T20:54:16","guid":{"rendered":"https:\/\/2022.robocupjunior.eu\/rcj\/?page_id=636"},"modified":"2022-05-31T17:33:08","modified_gmt":"2022-05-31T17:33:08","slug":"ofi-51-circuitos-scribe","status":"publish","type":"page","link":"https:\/\/2022.robocupjunior.eu\/rcj\/index.php\/oficinas\/eletronica-e-algoritmos\/ofi-51-circuitos-scribe\/","title":{"rendered":"Circuitos Scribe"},"content":{"rendered":"\n<div class=\"wp-block-columns is-layout-flex wp-container-core-columns-is-layout-28f84493 wp-block-columns-is-layout-flex\">\n<div class=\"wp-block-column is-layout-flow wp-block-column-is-layout-flow\" style=\"flex-basis:80%\"><figure class=\"wp-block-post-featured-image\"><img loading=\"lazy\" decoding=\"async\" width=\"800\" height=\"489\" src=\"https:\/\/2022.robocupjunior.eu\/rcj\/wp-content\/uploads\/2022\/05\/circuit-scribe-basic-kit.jpg\" class=\"attachment-post-thumbnail size-post-thumbnail wp-post-image\" alt=\"\" style=\"object-fit:cover;\" srcset=\"https:\/\/2022.robocupjunior.eu\/rcj\/wp-content\/uploads\/2022\/05\/circuit-scribe-basic-kit.jpg 800w, https:\/\/2022.robocupjunior.eu\/rcj\/wp-content\/uploads\/2022\/05\/circuit-scribe-basic-kit-300x183.jpg 300w, https:\/\/2022.robocupjunior.eu\/rcj\/wp-content\/uploads\/2022\/05\/circuit-scribe-basic-kit-768x469.jpg 768w\" sizes=\"auto, (max-width: 800px) 100vw, 800px\" \/><\/figure><\/div>\n\n\n\n<div class=\"wp-block-column is-layout-flow wp-block-column-is-layout-flow\" style=\"padding-top:0px;padding-right:0px;padding-bottom:0px;padding-left:0px;flex-basis:20%\">\n<!-- START Kaya QR Code Generator --><div class=\"wpkqcg_qrcode_wrapper\"><input type=\"hidden\" id=\"wpkqcg_qrcode_outputimg_7469d6e682505c481_ecclevel\" value=\"L\" \/><input type=\"hidden\" id=\"wpkqcg_qrcode_outputimg_7469d6e682505c481_size\" value=\"\" \/><input type=\"hidden\" id=\"wpkqcg_qrcode_outputimg_7469d6e682505c481_color\" value=\"\" \/><input type=\"hidden\" id=\"wpkqcg_qrcode_outputimg_7469d6e682505c481_bgcolor\" value=\"\" \/><input type=\"hidden\" id=\"wpkqcg_qrcode_outputimg_7469d6e682505c481_content\" value=\"https:\/\/2022.robocupjunior.eu\/rcj\/index.php\/wp-json\/wp\/v2\/pages\/636\" \/><img decoding=\"async\" src=\"\" id=\"wpkqcg_qrcode_outputimg_7469d6e682505c481\" alt=\"QR Code\" class=\"wpkqcg_qrcode\" style=\"width: auto; height: auto; max-width: 100%;\" ><div style=\"clear: none;\"><\/div><\/div><!-- END Kaya QR Code Generator -->\n<\/div>\n<\/div>\n\n\n<h2 class=\"wp-block-post-title\">Circuitos Scribe<\/h2>\n\n\n<p>Circuit Scribe \u00e9 uma caneta esferogr\u00e1fica contendo tinta condutora de prata que se pode utilizar para desenhar circuitos instantaneamente em substratos flex\u00edveis como o papel.<\/p>\n\n\n\n<p>A caneta Circuit Scribe pode ser usada para desenhar linhas e assim fazer circuitos sobre um peda\u00e7o de papel. Podem fixar-se componentes eletr\u00f3nicos especiais nas linhas desenhadas, o que permite que a corrente el\u00e9trica passe atrav\u00e9s deles. Isto substitui a utiliza\u00e7\u00e3o de <em>breadboards<\/em> e fios.<\/p>\n\n\n\n<p><strong>Componentes:<\/strong><\/p>\n\n\n\n<ul class=\"wp-block-list\"><li>Adaptador e respectiva bateria de 9V<\/li><li>2x Bi-LED<\/li><li>Interruptor SPST<\/li><li>Transistor NPN<\/li><li>Adaptador de 2 pinos com 5x resist\u00eancias (100, 1k, 10k, 100k e 1M ohm), 2x condensadores (0.1uF, 1.0uF), e uma fotoresist\u00eancia (10k ohms)<\/li><li>Caneta de Tinta Condutora<\/li><li>Circuito Stencil<\/li><li><em>Jumper<\/em><\/li><li>Chapas de a\u00e7o<\/li><\/ul>\n\n\n\n<h2 class=\"wp-block-heading\">Princ\u00edpio de funcionamento:<\/h2>\n\n\n\n<p>A caneta cont\u00e9m uma tinta condutora \u00e0 base de \u00e1gua, n\u00e3o t\u00f3xica. A tinta \u00e9 criada colocando uma solu\u00e7\u00e3o aquosa de nitrato de prata num frasco de \u00e1gua combinada com \u00e1cido poliacr\u00edlico (PAA) e dietanolamina (DEA), o agente limitador e o agente redutor, respectivamente.<\/p>\n\n\n\n<p>O Circuit Scribe pode ser utilizado para desenhar circuitos que ligam diferentes tipos de m\u00f3dulos, ou componentes individuais, como por exemplo:<\/p>\n\n\n\n<p><strong>Energia<\/strong><\/p>\n\n\n\n<ul class=\"wp-block-list\"><li>Adaptador de alimenta\u00e7\u00e3o USB: Permite ao utilizador alimentar os circuitos desenhados com uma porta USB ou uma tomada de parede.<\/li><li>Adaptador de bateria de 9V: Fornece uma energia de 9 volts aos circuitos.<\/li><\/ul>\n\n\n\n<p><strong>Entrada<\/strong><\/p>\n\n\n\n<ul class=\"wp-block-list\"><li>Interruptor SPST: Um interruptor on\/off que permite aos utilizadores controlar o circuito el\u00e9ctrico.<\/li><li>Interruptor DPDT: Dois interruptores que direccionam o fluxo de corrente atrav\u00e9s do circuito.<\/li><li>Sensor de Luz: Acende a luz no fototransistor para controlar uma sa\u00edda.<\/li><li>Potenci\u00f3metro 10k Ohm: Um bot\u00e3o que controla a intensidade, volume, e &#8220;velocidade&#8221; do circuito.<\/li><\/ul>\n\n\n\n<p><strong>M\u00f3dulos<\/strong><\/p>\n\n\n\n<ul class=\"wp-block-list\"><li>Adaptador de 2 pinos: Permite ao utilizador ligar resist\u00eancias, condensadores, ou sensores a circuitos.<\/li><li>Transistor NPN: Um amplificador el\u00e9ctrico que converte pequenos sinais em grandes correntes.<\/li><li>Pisca-pisca: Pisca os componentes de sa\u00edda com frequ\u00eancia ajust\u00e1vel.<\/li><li>Placas de bricolage: Permite ao utilizador soldar componentes de 2, 4, 6, ou 8 pinos \u00e0 placa.<\/li><li>Cabos de liga\u00e7\u00e3o: Liga o circuito de papel \u00e0 plataforma de hardware.<\/li><\/ul>\n\n\n\n<p><strong>Sa\u00edda<\/strong><\/p>\n\n\n\n<ul class=\"wp-block-list\"><li>Bi-LED: Dois LEDs em um: podem inverter as direc\u00e7\u00f5es para mudar a cor.<\/li><li>Buzzer: Vibra em resposta \u00e0 tens\u00e3o aplicada.<\/li><li>Motor: Roda com uma tens\u00e3o aplicada.<\/li><li>LED RGB: Um LED vermelho, azul, e verde.<\/li><\/ul>\n\n\n\n<figure class=\"wp-block-image size-large\"><img loading=\"lazy\" decoding=\"async\" width=\"1024\" height=\"730\" src=\"https:\/\/2022.robocupjunior.eu\/rcj\/wp-content\/uploads\/2022\/05\/scribeCircuits-1024x730.png\" alt=\"\" class=\"wp-image-637\" srcset=\"https:\/\/2022.robocupjunior.eu\/rcj\/wp-content\/uploads\/2022\/05\/scribeCircuits-1024x730.png 1024w, https:\/\/2022.robocupjunior.eu\/rcj\/wp-content\/uploads\/2022\/05\/scribeCircuits-300x214.png 300w, https:\/\/2022.robocupjunior.eu\/rcj\/wp-content\/uploads\/2022\/05\/scribeCircuits-768x548.png 768w, https:\/\/2022.robocupjunior.eu\/rcj\/wp-content\/uploads\/2022\/05\/scribeCircuits.png 1221w\" sizes=\"auto, (max-width: 1024px) 100vw, 1024px\" \/><\/figure>\n\n\n\n<p>O Circuit Scribe permite ao utilizador desenhar circuitos el\u00e9ctricos em qualquer forma com a sua tinta prateada. Com este aspecto e a sua capacidade de ligar diferentes tipos de m\u00f3dulos, \u00e9 poss\u00edvel produzir circuitos electr\u00f3nicos simples.<\/p>\n\n\n\n<h2 class=\"wp-block-heading\">Instru\u00e7\u00f5es:<\/h2>\n\n\n\n<p>Experimente construir circuitos el\u00e9tricos, ligando diferentes m\u00f3dulos com a caneta de tinta condutora.<\/p>\n\n\n\n<h2 class=\"wp-block-heading\">Links:<\/h2>\n\n\n\n<p><a href=\"https:\/\/www.botnroll.com\/pt\/robos-e-kits-educacionais\/2130-circuit-scribe-basic-kit.html\">https:\/\/www.botnroll.com\/pt\/robos-e-kits-educacionais\/2130-circuit-scribe-basic-kit.html<\/a><\/p>\n\n\n\n<p><a href=\"https:\/\/www.youtube.com\/watch?v=e0NM1jJbjrM\">https:\/\/www.youtube.com\/watch?v=e0NM1jJbjrM<\/a><\/p>\n\n\n\n<p><a href=\"https:\/\/www.youtube.com\/watch?v=yxV8XBwy-tY\">https:\/\/www.youtube.com\/watch?v=yxV8XBwy-tY<\/a><\/p>\n\n\n\n<p><a href=\"https:\/\/www.youtube.com\/watch?v=ewXrFq1eHAQ\">https:\/\/www.youtube.com\/watch?v=ewXrFq1eHAQ<\/a><\/p>\n\n\n\n<p><a href=\"https:\/\/en.wikipedia.org\/wiki\/Circuit_Scribe\">https:\/\/en.wikipedia.org\/wiki\/Circuit_Scribe<\/a><\/p>\n\n\n\n<p><a href=\"https:\/\/circuitscribe.com\/?_atid=6aNedJz1F09Vmj4jlaSwO6C1iKi8jY\">https:\/\/circuitscribe.com\/?_atid=6aNedJz1F09Vmj4jlaSwO6C1iKi8jY<\/a><\/p>\n\n\n\n<p><a href=\"https:\/\/circuitscribe.com\/pages\/electronics-101\">https:\/\/circuitscribe.com\/pages\/electronics-101<\/a><\/p>\n\n\n\n<p><a href=\"https:\/\/circuitscribe.com\/pages\/inventor-kits\">https:\/\/circuitscribe.com\/pages\/inventor-kits<\/a><\/p>\n","protected":false},"excerpt":{"rendered":"<p>Circuit Scribe \u00e9 uma caneta esferogr\u00e1fica contendo tinta condutora de prata que se pode utilizar para desenhar circuitos instantaneamente em substratos flex\u00edveis como o papel. A caneta Circuit Scribe pode ser usada para desenhar linhas e assim fazer circuitos sobre um peda\u00e7o de papel. Podem fixar-se componentes eletr\u00f3nicos especiais nas linhas desenhadas, o que permite [&hellip;]<\/p>\n","protected":false},"author":2,"featured_media":638,"parent":245,"menu_order":0,"comment_status":"closed","ping_status":"closed","template":"","meta":{"footnotes":""},"class_list":["post-636","page","type-page","status-publish","has-post-thumbnail","hentry"],"_links":{"self":[{"href":"https:\/\/2022.robocupjunior.eu\/rcj\/index.php\/wp-json\/wp\/v2\/pages\/636","targetHints":{"allow":["GET"]}}],"collection":[{"href":"https:\/\/2022.robocupjunior.eu\/rcj\/index.php\/wp-json\/wp\/v2\/pages"}],"about":[{"href":"https:\/\/2022.robocupjunior.eu\/rcj\/index.php\/wp-json\/wp\/v2\/types\/page"}],"author":[{"embeddable":true,"href":"https:\/\/2022.robocupjunior.eu\/rcj\/index.php\/wp-json\/wp\/v2\/users\/2"}],"replies":[{"embeddable":true,"href":"https:\/\/2022.robocupjunior.eu\/rcj\/index.php\/wp-json\/wp\/v2\/comments?post=636"}],"version-history":[{"count":6,"href":"https:\/\/2022.robocupjunior.eu\/rcj\/index.php\/wp-json\/wp\/v2\/pages\/636\/revisions"}],"predecessor-version":[{"id":901,"href":"https:\/\/2022.robocupjunior.eu\/rcj\/index.php\/wp-json\/wp\/v2\/pages\/636\/revisions\/901"}],"up":[{"embeddable":true,"href":"https:\/\/2022.robocupjunior.eu\/rcj\/index.php\/wp-json\/wp\/v2\/pages\/245"}],"wp:featuredmedia":[{"embeddable":true,"href":"https:\/\/2022.robocupjunior.eu\/rcj\/index.php\/wp-json\/wp\/v2\/media\/638"}],"wp:attachment":[{"href":"https:\/\/2022.robocupjunior.eu\/rcj\/index.php\/wp-json\/wp\/v2\/media?parent=636"}],"curies":[{"name":"wp","href":"https:\/\/api.w.org\/{rel}","templated":true}]}}