{"id":647,"date":"2022-05-06T21:04:08","date_gmt":"2022-05-06T21:04:08","guid":{"rendered":"https:\/\/2022.robocupjunior.eu\/rcj\/?page_id=647"},"modified":"2022-06-27T15:09:31","modified_gmt":"2022-06-27T15:09:31","slug":"kit-smart-home","status":"publish","type":"page","link":"https:\/\/2022.robocupjunior.eu\/rcj\/index.php\/oficinas\/eletronica-e-algoritmos\/kit-smart-home\/","title":{"rendered":"Kit Smart Home"},"content":{"rendered":"\n<div class=\"wp-block-columns is-layout-flex wp-container-core-columns-is-layout-28f84493 wp-block-columns-is-layout-flex\">\n<div class=\"wp-block-column is-layout-flow wp-block-column-is-layout-flow\" style=\"flex-basis:80%\"><figure class=\"wp-block-post-featured-image\"><img loading=\"lazy\" decoding=\"async\" width=\"971\" height=\"851\" src=\"https:\/\/2022.robocupjunior.eu\/rcj\/wp-content\/uploads\/2022\/05\/KitSmartHome.jpg\" class=\"attachment-post-thumbnail size-post-thumbnail wp-post-image\" alt=\"\" style=\"object-fit:cover;\" srcset=\"https:\/\/2022.robocupjunior.eu\/rcj\/wp-content\/uploads\/2022\/05\/KitSmartHome.jpg 971w, https:\/\/2022.robocupjunior.eu\/rcj\/wp-content\/uploads\/2022\/05\/KitSmartHome-300x263.jpg 300w, https:\/\/2022.robocupjunior.eu\/rcj\/wp-content\/uploads\/2022\/05\/KitSmartHome-768x673.jpg 768w\" sizes=\"auto, (max-width: 971px) 100vw, 971px\" \/><\/figure><\/div>\n\n\n\n<div class=\"wp-block-column is-layout-flow wp-block-column-is-layout-flow\" style=\"padding-top:0px;padding-right:0px;padding-bottom:0px;padding-left:0px;flex-basis:20%\">\n<!-- START Kaya QR Code Generator --><div class=\"wpkqcg_qrcode_wrapper\"><input type=\"hidden\" id=\"wpkqcg_qrcode_outputimg_369d6e62910f3857_ecclevel\" value=\"L\" \/><input type=\"hidden\" id=\"wpkqcg_qrcode_outputimg_369d6e62910f3857_size\" value=\"\" \/><input type=\"hidden\" id=\"wpkqcg_qrcode_outputimg_369d6e62910f3857_color\" value=\"\" \/><input type=\"hidden\" id=\"wpkqcg_qrcode_outputimg_369d6e62910f3857_bgcolor\" value=\"\" \/><input type=\"hidden\" id=\"wpkqcg_qrcode_outputimg_369d6e62910f3857_content\" value=\"https:\/\/2022.robocupjunior.eu\/rcj\/index.php\/wp-json\/wp\/v2\/pages\/647\" \/><img decoding=\"async\" src=\"\" id=\"wpkqcg_qrcode_outputimg_369d6e62910f3857\" alt=\"QR Code\" class=\"wpkqcg_qrcode\" style=\"width: auto; height: auto; max-width: 100%;\" ><div style=\"clear: none;\"><\/div><\/div><!-- END Kaya QR Code Generator -->\n<\/div>\n<\/div>\n\n\n<h2 class=\"wp-block-post-title\">Kit Smart Home<\/h2>\n\n\n<figure class=\"wp-block-embed is-type-video is-provider-youtube wp-block-embed-youtube wp-embed-aspect-16-9 wp-has-aspect-ratio\"><div class=\"wp-block-embed__wrapper\">\n<iframe loading=\"lazy\" title=\"Casa Inteligente\" width=\"500\" height=\"281\" src=\"https:\/\/www.youtube.com\/embed\/5MRPlCW4OhQ?feature=oembed\" frameborder=\"0\" allow=\"accelerometer; autoplay; clipboard-write; encrypted-media; gyroscope; picture-in-picture; web-share\" referrerpolicy=\"strict-origin-when-cross-origin\" allowfullscreen><\/iframe>\n<\/div><\/figure>\n\n\n\n<p>O Smart Home Kit permite-lhe compreender, controlar e programar um simples sistema dom\u00e9stico inteligente com o Arduino. \u00c9 compat\u00edvel com o Arduino R3 e existem 14 projectos prontos a explorar. Existem 14 m\u00f3dulos de sensores para detectar temperatura, humidade, som, luz, infravermelhos, movimento, chama, vibra\u00e7\u00e3o, toque digital, press\u00e3o de ar e outros.<\/p>\n\n\n\n<p><strong>Componentes:<\/strong><\/p>\n\n\n\n<ul class=\"wp-block-list\"><li>Placa de controlo<\/li><li>M\u00f3dulos LED (Branco e Amarelo)<\/li><li>Bot\u00f5es<\/li><li>Sensor de Fotoc\u00e9lulas<\/li><li>Sensor de Movimento PIR<\/li><li>Sensor de g\u00e1s MQ-2<\/li><li>Rel\u00e9<\/li><li>M\u00f3dulo Bluetooth<\/li><li>Buzzer<\/li><li>Vento\u00ednha<\/li><li>Sensor de vapor<\/li><li>Servo Motor<\/li><li>Visor LCD<\/li><li>Sensor de Humidade do Solo<\/li><\/ul>\n\n\n\n<h2 class=\"wp-block-heading\" id=\"Princ\u00edpio-de-funcionamento:\">Princ\u00edpio de funcionamento:<\/h2>\n\n\n\n<p>No website (<a href=\"http:\/\/wiki.keyestudio.com\/\">Keyestudio Wiki<\/a> ) encontrar\u00e1 instru\u00e7\u00f5es passo a passo, liga\u00e7\u00f5es de circuito detalhadas, c\u00f3digo de amostra verificado e bibliotecas que pode utilizar para acelerar o seu processo de aprendizagem.<\/p>\n\n\n\n<p>Antes de iniciar qualquer projecto, precisa de ter o seu Arduino a comunicar com o seu computador. Isto permite-lhe escrever e compilar c\u00f3digo para o Arduino executar.<\/p>\n\n\n\n<figure class=\"wp-block-image size-large\"><img loading=\"lazy\" decoding=\"async\" width=\"1024\" height=\"986\" src=\"https:\/\/2022.robocupjunior.eu\/rcj\/wp-content\/uploads\/2022\/05\/SmartHome4-1024x986.jpg\" alt=\"\" class=\"wp-image-645\" srcset=\"https:\/\/2022.robocupjunior.eu\/rcj\/wp-content\/uploads\/2022\/05\/SmartHome4-1024x986.jpg 1024w, https:\/\/2022.robocupjunior.eu\/rcj\/wp-content\/uploads\/2022\/05\/SmartHome4-300x289.jpg 300w, https:\/\/2022.robocupjunior.eu\/rcj\/wp-content\/uploads\/2022\/05\/SmartHome4-768x739.jpg 768w, https:\/\/2022.robocupjunior.eu\/rcj\/wp-content\/uploads\/2022\/05\/SmartHome4.jpg 1442w\" sizes=\"auto, (max-width: 1024px) 100vw, 1024px\" \/><\/figure>\n\n\n\n<p>Antes de carregar qualquer c\u00f3digo, o m\u00f3dulo Bluetooth deve ser desconectado. O m\u00f3dulo Bluetooth pode ser ligado depois de o c\u00f3digo ter sido carregado com sucesso.<\/p>\n\n\n\n<p>Aqui est\u00e1 uma pequena lista de projectos que pode tentar:<\/p>\n\n\n\n<p><strong>1. Introdu\u00e7\u00e3o de senha (visor de 1602LCD, 2 bot\u00f5es)<\/strong><\/p>\n\n\n\n<p>Prima o bot\u00e3o1 para introduzir a palavra-passe &#8220;*&#8221; que aparecer\u00e1 no ecr\u00e3 LCD; prima o bot\u00e3o2 para a ativar. Assim, a porta abre-se.<\/p>\n\n\n\n<p><strong>2. Acender luz quando \u00e9 detectado movimento (Fotoc\u00e9lula, PIR, LED)<\/strong><\/p>\n\n\n\n<p>Quando \u00e0 noite, o sensor de movimento PIR detecta a passagem de algu\u00e9m, o LED liga-se; quando ningu\u00e9m est\u00e1 por perto, o LED est\u00e1 desligado.<\/p>\n\n\n\n<p><strong>3. Monitor de humidade do solo (sensor de humidade do solo, campa\u00ednha)<\/strong><\/p>\n\n\n\n<p>Insira o sensor de humidade do solo no vaso de plantas, quando o solo estiver demasiado seco, a campa\u00ednha ir\u00e1 soar para reg\u00e1-lo.<\/p>\n\n\n\n<p><strong>4. Alarme de g\u00e1s (sensor de g\u00e1s, sinal sonoro)<\/strong><\/p>\n\n\n\n<p>Quando o sensor de g\u00e1s detecta concentra\u00e7\u00f5es elevadas de fumo, a campainha emite um alarme.<\/p>\n\n\n\n<p><strong>5. O sensor de humidade pode detectar chuva (sensor de humidade, servo, janela)<\/strong><\/p>\n\n\n\n<p>Quando o sensor de humidade detecta a gota de chuva, o servo 2 \u00e9 activado e a janela fecha automaticamente, caso contr\u00e1rio, a janela est\u00e1 aberta.<\/p>\n\n\n\n<p><strong>6. Controlo atrav\u00e9s de APP<\/strong><\/p>\n\n\n\n<p>Poder\u00e1 utilizar uma aplica\u00e7\u00e3o no seu smartphone para controlar o LED branco, o ventilador, a porta (abrir\/fechar), o LED amarelo, o visor LCD e a janela.<\/p>\n\n\n\n<figure class=\"wp-block-image size-large\"><img loading=\"lazy\" decoding=\"async\" width=\"1024\" height=\"1024\" src=\"https:\/\/2022.robocupjunior.eu\/rcj\/wp-content\/uploads\/2022\/05\/H1049cdec4a0e4023bdcb71e5bc579e78r-1024x1024.jpg\" alt=\"\" class=\"wp-image-643\" srcset=\"https:\/\/2022.robocupjunior.eu\/rcj\/wp-content\/uploads\/2022\/05\/H1049cdec4a0e4023bdcb71e5bc579e78r-1024x1024.jpg 1024w, https:\/\/2022.robocupjunior.eu\/rcj\/wp-content\/uploads\/2022\/05\/H1049cdec4a0e4023bdcb71e5bc579e78r-300x300.jpg 300w, https:\/\/2022.robocupjunior.eu\/rcj\/wp-content\/uploads\/2022\/05\/H1049cdec4a0e4023bdcb71e5bc579e78r-150x150.jpg 150w, https:\/\/2022.robocupjunior.eu\/rcj\/wp-content\/uploads\/2022\/05\/H1049cdec4a0e4023bdcb71e5bc579e78r-768x768.jpg 768w, https:\/\/2022.robocupjunior.eu\/rcj\/wp-content\/uploads\/2022\/05\/H1049cdec4a0e4023bdcb71e5bc579e78r.jpg 1500w\" sizes=\"auto, (max-width: 1024px) 100vw, 1024px\" \/><\/figure>\n\n\n\n<h2 class=\"wp-block-heading\" id=\"Instru\u00e7\u00f5es:\">Instru\u00e7\u00f5es:<\/h2>\n\n\n\n<ol class=\"wp-block-list\"><li>Experimente interagir com os sensores da casa e observar o efeito sobre os actuadores.<\/li><li>Poder\u00e1 tentar mais tarde programar os comportamentos desejados em resposta aos sensores.<\/li><\/ol>\n\n\n\n<h2 class=\"wp-block-heading\" id=\"Links:\">Links:<\/h2>\n\n\n\n<p><a href=\"https:\/\/www.botnroll.com\/en\/arduino-kits\/3954-smart-home-kit-with-keyestudio-uno-plus-board-for-arduino-diy-stem-ks0085.html\">Smart Home Kit with Keyestudio UNO PLUS Board for Arduino DIY STEM &#8211; KS0085<\/a><\/p>\n\n\n\n<p><a href=\"https:\/\/wiki.keyestudio.com\/KS0085_Keyestudio_Smart_Home_Kit_for_Arduino\">KS0085 Keyestudio Smart Home Kit for Arduino &#8211; Keyestudio Wiki<\/a><\/p>\n\n\n\n<p><a href=\"https:\/\/www.youtube.com\/watch?v=vhyZUj5e64Y\">smart home kit with PLUS Board for arduino DIY STEM | Keyestudio<\/a><\/p>\n\n\n\n<p><a href=\"https:\/\/www.youtube.com\/watch?v=ueVqSmoEvmw\">KEYESTUDIO Smart Home Starter Kit &#8211; KS0085 Unboxing and Review<\/a><\/p>\n\n\n\n<p><a href=\"https:\/\/www.keyestudio.com\/products\/keyestudio-smart-home-kit-withlus-board-for-arduino-diy-stem\">shipping from Russia Keyestudio Smart Home Kit with PLUS Board for Arduino DIY STEM<\/a><\/p>\n","protected":false},"excerpt":{"rendered":"<p>O Smart Home Kit permite-lhe compreender, controlar e programar um simples sistema dom\u00e9stico inteligente com o Arduino. \u00c9 compat\u00edvel com o Arduino R3 e existem 14 projectos prontos a explorar. Existem 14 m\u00f3dulos de sensores para detectar temperatura, humidade, som, luz, infravermelhos, movimento, chama, vibra\u00e7\u00e3o, toque digital, press\u00e3o de ar e outros. Componentes: Placa de [&hellip;]<\/p>\n","protected":false},"author":2,"featured_media":644,"parent":245,"menu_order":0,"comment_status":"closed","ping_status":"closed","template":"","meta":{"footnotes":""},"class_list":["post-647","page","type-page","status-publish","has-post-thumbnail","hentry"],"_links":{"self":[{"href":"https:\/\/2022.robocupjunior.eu\/rcj\/index.php\/wp-json\/wp\/v2\/pages\/647","targetHints":{"allow":["GET"]}}],"collection":[{"href":"https:\/\/2022.robocupjunior.eu\/rcj\/index.php\/wp-json\/wp\/v2\/pages"}],"about":[{"href":"https:\/\/2022.robocupjunior.eu\/rcj\/index.php\/wp-json\/wp\/v2\/types\/page"}],"author":[{"embeddable":true,"href":"https:\/\/2022.robocupjunior.eu\/rcj\/index.php\/wp-json\/wp\/v2\/users\/2"}],"replies":[{"embeddable":true,"href":"https:\/\/2022.robocupjunior.eu\/rcj\/index.php\/wp-json\/wp\/v2\/comments?post=647"}],"version-history":[{"count":5,"href":"https:\/\/2022.robocupjunior.eu\/rcj\/index.php\/wp-json\/wp\/v2\/pages\/647\/revisions"}],"predecessor-version":[{"id":1025,"href":"https:\/\/2022.robocupjunior.eu\/rcj\/index.php\/wp-json\/wp\/v2\/pages\/647\/revisions\/1025"}],"up":[{"embeddable":true,"href":"https:\/\/2022.robocupjunior.eu\/rcj\/index.php\/wp-json\/wp\/v2\/pages\/245"}],"wp:featuredmedia":[{"embeddable":true,"href":"https:\/\/2022.robocupjunior.eu\/rcj\/index.php\/wp-json\/wp\/v2\/media\/644"}],"wp:attachment":[{"href":"https:\/\/2022.robocupjunior.eu\/rcj\/index.php\/wp-json\/wp\/v2\/media?parent=647"}],"curies":[{"name":"wp","href":"https:\/\/api.w.org\/{rel}","templated":true}]}}